{"id":22,"date":"2019-12-27T19:24:18","date_gmt":"2019-12-27T18:24:18","guid":{"rendered":"https:\/\/lukaszpakmur.000webhostapp.com\/?page_id=22"},"modified":"2025-09-28T20:54:13","modified_gmt":"2025-09-28T18:54:13","slug":"wlasciwosc-miejscowa","status":"publish","type":"page","link":"https:\/\/komorniklipniewska.pl\/?page_id=22","title":{"rendered":"W\u0142a\u015bciwo\u015b\u0107 miejscowa"},"content":{"rendered":"\n<figure class=\"wp-block-image alignfull size-large\"><img loading=\"lazy\" decoding=\"async\" width=\"1024\" height=\"272\" src=\"https:\/\/komorniklipniewska.pl\/wp-content\/uploads\/2020\/01\/komornik-bydgoszcz-1024x272.jpg\" alt=\"\" class=\"wp-image-133\" srcset=\"https:\/\/komorniklipniewska.pl\/wp-content\/uploads\/2020\/01\/komornik-bydgoszcz-1024x272.jpg 1024w, https:\/\/komorniklipniewska.pl\/wp-content\/uploads\/2020\/01\/komornik-bydgoszcz-300x80.jpg 300w, https:\/\/komorniklipniewska.pl\/wp-content\/uploads\/2020\/01\/komornik-bydgoszcz-768x204.jpg 768w, https:\/\/komorniklipniewska.pl\/wp-content\/uploads\/2020\/01\/komornik-bydgoszcz-1536x408.jpg 1536w, https:\/\/komorniklipniewska.pl\/wp-content\/uploads\/2020\/01\/komornik-bydgoszcz.jpg 1920w\" sizes=\"auto, (max-width: 1024px) 100vw, 1024px\" \/><\/figure>\n\n\n\n<h2 class=\"wp-block-heading\"><strong><a href=\"https:\/\/komorniklipniewska.pl\/\">Komornik s\u0105dowy Grudzi\u0105dz<\/a> &#8211; w\u0142a\u015bciwo\u015b\u0107 miejscowa<\/strong><\/h2>\n\n\n\n<p class=\"has-medium-font-size\"><strong>Jako komornik s\u0105dowy przy S\u0105dzie Rejonowym w Grudzi\u0105dzu jestem organem w\u0142a\u015bciwym miejscowo do prowadzenia egzekucji przeciwko d\u0142u\u017cnikom zamieszkuj\u0105cym \/ maj\u0105cym siedzib\u0119 na obszarze rewiru, kt\u00f3ry obejmuje:<\/strong><\/p>\n\n\n\n<h3 class=\"wp-block-heading\"><strong>Miasto<br>Grudzi\u0105dz<\/strong><\/h3>\n\n\n\n<p>oraz miejscowo\u015bci po\u0142o\u017cone na obszarze gmin:<\/p>\n\n\n\n<h3 class=\"wp-block-heading\"><strong>Gmina Grudzi\u0105dz<\/strong> <\/h3>\n\n\n\n<p>Bia\u0142y B\u00f3r, Brank\u00f3wka, Daszkowo, Dusocin, Ga\u0107, Gogolin, Grabowiec, Hanowo, Kobylanka, Le\u015bniewo, Linarczyk, Lisie K\u0105ty, Ma\u0142e Lniska, Ma\u0142y Rudnik, Marusza, Mokre, Nowa Wie\u015b, Parski, Piaski, Pie\u0144ki Kr\u00f3lewskie, Rozgarty, Ruda, Sadowo, Skarszewy, Sosn\u00f3wka, Stary Folwark, Sztynwag, Szynych, \u015awierkocin, Turznice, Wa\u0142dowo Szlacheckie, W\u0119growo, Wielki We\u0142cz, Wielkie Lniska, Zakurzewo<\/p>\n\n\n\n<h3 class=\"wp-block-heading\"><strong>Gmina \u0141asin<\/strong> <\/h3>\n\n\n\n<p>Bogdanki, Gocza\u0142ki, Gordanowo, Hermanowo, Huta-Strzelce, Jakubkowo, Jankowice, Koz\u0142owo, Ludwichowo, \u0141asin, \u0141asin-Wybudowanie, Nogat, Nowe B\u0142onowo, Nowe Jankowice, Nowe Mosty, Plesewo, Przes\u0142awice, Stare B\u0142onowom, Szczepanki, Szonowo, Szynwa\u0142d, \u015awi\u0119te, Wydrzno, Zawda, Zawdzka Wola<\/p>\n\n\n\n<h3 class=\"wp-block-heading\"><strong>Gmina Gruta<\/strong><\/h3>\n\n\n\n<p>Annowo, Boguszewo, Cukrownia, D\u0105br\u00f3wka Kr\u00f3lewska, Go\u0142\u0119biewko, Gruta, Jasiewo, Karasek, Kitnowo, Me\u0142no, Nicwa\u0142d, Okonin, Orle, Plemi\u0119ta, Podg\u00f3rze, Pokrzywno, Salno, S\u0142up, S\u0142upski M\u0142yn, Wiktorowo<\/p>\n\n\n\n<h3 class=\"wp-block-heading\"><strong>Gmina Rog\u00f3\u017ano <\/strong><\/h3>\n\n\n\n<p>Bia\u0142ochowo, Budy, Bukowiec, Gubiny, Jamy, K\u0142\u00f3dka, \u0141ysakowo, Nowa G\u00f3ra, Rog\u00f3\u017ano, Rog\u00f3\u017ano-Zamek, Skurgwy, Sob\u00f3tka, Szembruczek, Szembruk, Zaro\u015ble, Zwierzyniec<\/p>\n\n\n\n<h3 class=\"wp-block-heading\"><strong>Gmina \u015awiecie nad Os\u0105<\/strong>  <\/h3>\n\n\n\n<p>Bia\u0142ob\u0142oty, Bursztynowo, D\u0119bniaki, Karolewo, Kitn\u00f3wko, Linowo, Lisnowo, Lisnowo-Zamek, Lisn\u00f3wko, M\u0119drzyce, Nowy M\u0142yn, Part\u0119czyny, Rychnowo, Szarno\u015b, \u015awiecie nad Os\u0105, Widlice<\/p>\n","protected":false},"excerpt":{"rendered":"<p>Komornik s\u0105dowy Grudzi\u0105dz &#8211; w\u0142a\u015bciwo\u015b\u0107 miejscowa Jako komornik s\u0105dowy przy S\u0105dzie Rejonowym w Grudzi\u0105dzu jestem organem w\u0142a\u015bciwym miejscowo do prowadzenia egzekucji przeciwko d\u0142u\u017cnikom zamieszkuj\u0105cym \/ maj\u0105cym siedzib\u0119 na obszarze rewiru, kt\u00f3ry obejmuje: MiastoGrudzi\u0105dz oraz miejscowo\u015bci po\u0142o\u017cone na obszarze gmin: Gmina Grudzi\u0105dz Bia\u0142y B\u00f3r, Brank\u00f3wka, Daszkowo, Dusocin, Ga\u0107, Gogolin, Grabowiec, Hanowo, Kobylanka, Le\u015bniewo, Linarczyk, Lisie K\u0105ty, &#8230; <a title=\"W\u0142a\u015bciwo\u015b\u0107 miejscowa\" class=\"read-more\" href=\"https:\/\/komorniklipniewska.pl\/?page_id=22\">Czytaj dalej <span class=\"screen-reader-text\">W\u0142a\u015bciwo\u015b\u0107 miejscowa<\/span><\/a><\/p>\n","protected":false},"author":1,"featured_media":0,"parent":0,"menu_order":0,"comment_status":"closed","ping_status":"closed","template":"","meta":{"_monsterinsights_skip_tracking":false,"_monsterinsights_sitenote_active":false,"_monsterinsights_sitenote_note":"","_monsterinsights_sitenote_category":0,"footnotes":""},"class_list":["post-22","page","type-page","status-publish"],"yoast_head":"<!-- This site is optimized with the Yoast SEO plugin v22.2 - https:\/\/yoast.com\/wordpress\/plugins\/seo\/ -->\n<title>W\u0142a\u015bciwo\u015b\u0107 miejscowa &#8211; Komornik S\u0105dowy Grudzi\u0105dz<\/title>\n<meta name=\"robots\" content=\"index, follow, max-snippet:-1, max-image-preview:large, max-video-preview:-1\" \/>\n<link rel=\"canonical\" href=\"https:\/\/komorniklipniewska.pl\/?page_id=22\" \/>\n<meta property=\"og:locale\" content=\"pl_PL\" \/>\n<meta property=\"og:type\" content=\"article\" \/>\n<meta property=\"og:title\" content=\"W\u0142a\u015bciwo\u015b\u0107 miejscowa &#8211; Komornik S\u0105dowy Grudzi\u0105dz\" \/>\n<meta property=\"og:description\" content=\"Komornik s\u0105dowy Grudzi\u0105dz &#8211; w\u0142a\u015bciwo\u015b\u0107 miejscowa Jako komornik s\u0105dowy przy S\u0105dzie Rejonowym w Grudzi\u0105dzu jestem organem w\u0142a\u015bciwym miejscowo do prowadzenia egzekucji przeciwko d\u0142u\u017cnikom zamieszkuj\u0105cym \/ maj\u0105cym siedzib\u0119 na obszarze rewiru, kt\u00f3ry obejmuje: MiastoGrudzi\u0105dz oraz miejscowo\u015bci po\u0142o\u017cone na obszarze gmin: Gmina Grudzi\u0105dz Bia\u0142y B\u00f3r, Brank\u00f3wka, Daszkowo, Dusocin, Ga\u0107, Gogolin, Grabowiec, Hanowo, Kobylanka, Le\u015bniewo, Linarczyk, Lisie K\u0105ty, ... Czytaj dalej W\u0142a\u015bciwo\u015b\u0107 miejscowa\" \/>\n<meta property=\"og:url\" content=\"https:\/\/komorniklipniewska.pl\/?page_id=22\" \/>\n<meta property=\"og:site_name\" content=\"Komornik S\u0105dowy Grudzi\u0105dz\" \/>\n<meta property=\"article:publisher\" content=\"https:\/\/www.facebook.com\/komornikpakmur\/?view_public_for=100838511533625\" \/>\n<meta property=\"article:modified_time\" content=\"2025-09-28T18:54:13+00:00\" \/>\n<meta property=\"og:image\" content=\"https:\/\/komorniklipniewska.pl\/wp-content\/uploads\/2020\/01\/komornik-bydgoszcz-1024x272.jpg\" \/>\n<meta name=\"twitter:card\" content=\"summary_large_image\" \/>\n<meta name=\"twitter:label1\" content=\"Szacowany czas czytania\" \/>\n\t<meta name=\"twitter:data1\" content=\"2 minuty\" \/>\n<script type=\"application\/ld+json\" class=\"yoast-schema-graph\">{\"@context\":\"https:\/\/schema.org\",\"@graph\":[{\"@type\":\"WebPage\",\"@id\":\"https:\/\/komorniklipniewska.pl\/?page_id=22\",\"url\":\"https:\/\/komorniklipniewska.pl\/?page_id=22\",\"name\":\"W\u0142a\u015bciwo\u015b\u0107 miejscowa &#8211; Komornik S\u0105dowy Grudzi\u0105dz\",\"isPartOf\":{\"@id\":\"https:\/\/komorniklipniewska.pl\/#website\"},\"primaryImageOfPage\":{\"@id\":\"https:\/\/komorniklipniewska.pl\/?page_id=22#primaryimage\"},\"image\":{\"@id\":\"https:\/\/komorniklipniewska.pl\/?page_id=22#primaryimage\"},\"thumbnailUrl\":\"https:\/\/komorniklipniewska.pl\/wp-content\/uploads\/2020\/01\/komornik-bydgoszcz-1024x272.jpg\",\"datePublished\":\"2019-12-27T18:24:18+00:00\",\"dateModified\":\"2025-09-28T18:54:13+00:00\",\"breadcrumb\":{\"@id\":\"https:\/\/komorniklipniewska.pl\/?page_id=22#breadcrumb\"},\"inLanguage\":\"pl-PL\",\"potentialAction\":[{\"@type\":\"ReadAction\",\"target\":[\"https:\/\/komorniklipniewska.pl\/?page_id=22\"]}]},{\"@type\":\"ImageObject\",\"inLanguage\":\"pl-PL\",\"@id\":\"https:\/\/komorniklipniewska.pl\/?page_id=22#primaryimage\",\"url\":\"https:\/\/komorniklipniewska.pl\/wp-content\/uploads\/2020\/01\/komornik-bydgoszcz.jpg\",\"contentUrl\":\"https:\/\/komorniklipniewska.pl\/wp-content\/uploads\/2020\/01\/komornik-bydgoszcz.jpg\",\"width\":1920,\"height\":510},{\"@type\":\"BreadcrumbList\",\"@id\":\"https:\/\/komorniklipniewska.pl\/?page_id=22#breadcrumb\",\"itemListElement\":[{\"@type\":\"ListItem\",\"position\":1,\"name\":\"Strona g\u0142\u00f3wna\",\"item\":\"https:\/\/komorniklipniewska.pl\/\"},{\"@type\":\"ListItem\",\"position\":2,\"name\":\"W\u0142a\u015bciwo\u015b\u0107 miejscowa\"}]},{\"@type\":\"WebSite\",\"@id\":\"https:\/\/komorniklipniewska.pl\/#website\",\"url\":\"https:\/\/komorniklipniewska.pl\/\",\"name\":\"Komornik S\u0105dowy Grudzi\u0105dz\",\"description\":\"Komornik S\u0105dowy Grudzi\u0105dz\",\"publisher\":{\"@id\":\"https:\/\/komorniklipniewska.pl\/#organization\"},\"potentialAction\":[{\"@type\":\"SearchAction\",\"target\":{\"@type\":\"EntryPoint\",\"urlTemplate\":\"https:\/\/komorniklipniewska.pl\/?s={search_term_string}\"},\"query-input\":\"required name=search_term_string\"}],\"inLanguage\":\"pl-PL\"},{\"@type\":\"Organization\",\"@id\":\"https:\/\/komorniklipniewska.pl\/#organization\",\"name\":\"Komornik S\u0105dowy przy S\u0105dzie Rejonowym w Bydgoszczy \u0141ukasz Pakmur\",\"url\":\"https:\/\/komorniklipniewska.pl\/\",\"logo\":{\"@type\":\"ImageObject\",\"inLanguage\":\"pl-PL\",\"@id\":\"https:\/\/komorniklipniewska.pl\/#\/schema\/logo\/image\/\",\"url\":\"https:\/\/komorniklipniewska.pl\/wp-content\/uploads\/2020\/11\/komornik-pakmur-scaled.jpg\",\"contentUrl\":\"https:\/\/komorniklipniewska.pl\/wp-content\/uploads\/2020\/11\/komornik-pakmur-scaled.jpg\",\"width\":1707,\"height\":2560,\"caption\":\"Komornik S\u0105dowy przy S\u0105dzie Rejonowym w Bydgoszczy \u0141ukasz Pakmur\"},\"image\":{\"@id\":\"https:\/\/komorniklipniewska.pl\/#\/schema\/logo\/image\/\"},\"sameAs\":[\"https:\/\/www.facebook.com\/komornikpakmur\/?view_public_for=100838511533625\",\"https:\/\/www.linkedin.com\/in\/\u0142ukasz-pakmur-b24b92101\/\"]}]}<\/script>\n<!-- \/ Yoast SEO plugin. -->","yoast_head_json":{"title":"W\u0142a\u015bciwo\u015b\u0107 miejscowa &#8211; Komornik S\u0105dowy Grudzi\u0105dz","robots":{"index":"index","follow":"follow","max-snippet":"max-snippet:-1","max-image-preview":"max-image-preview:large","max-video-preview":"max-video-preview:-1"},"canonical":"https:\/\/komorniklipniewska.pl\/?page_id=22","og_locale":"pl_PL","og_type":"article","og_title":"W\u0142a\u015bciwo\u015b\u0107 miejscowa &#8211; Komornik S\u0105dowy Grudzi\u0105dz","og_description":"Komornik s\u0105dowy Grudzi\u0105dz &#8211; w\u0142a\u015bciwo\u015b\u0107 miejscowa Jako komornik s\u0105dowy przy S\u0105dzie Rejonowym w Grudzi\u0105dzu jestem organem w\u0142a\u015bciwym miejscowo do prowadzenia egzekucji przeciwko d\u0142u\u017cnikom zamieszkuj\u0105cym \/ maj\u0105cym siedzib\u0119 na obszarze rewiru, kt\u00f3ry obejmuje: MiastoGrudzi\u0105dz oraz miejscowo\u015bci po\u0142o\u017cone na obszarze gmin: Gmina Grudzi\u0105dz Bia\u0142y B\u00f3r, Brank\u00f3wka, Daszkowo, Dusocin, Ga\u0107, Gogolin, Grabowiec, Hanowo, Kobylanka, Le\u015bniewo, Linarczyk, Lisie K\u0105ty, ... Czytaj dalej W\u0142a\u015bciwo\u015b\u0107 miejscowa","og_url":"https:\/\/komorniklipniewska.pl\/?page_id=22","og_site_name":"Komornik S\u0105dowy Grudzi\u0105dz","article_publisher":"https:\/\/www.facebook.com\/komornikpakmur\/?view_public_for=100838511533625","article_modified_time":"2025-09-28T18:54:13+00:00","og_image":[{"url":"https:\/\/komorniklipniewska.pl\/wp-content\/uploads\/2020\/01\/komornik-bydgoszcz-1024x272.jpg"}],"twitter_card":"summary_large_image","twitter_misc":{"Szacowany czas czytania":"2 minuty"},"schema":{"@context":"https:\/\/schema.org","@graph":[{"@type":"WebPage","@id":"https:\/\/komorniklipniewska.pl\/?page_id=22","url":"https:\/\/komorniklipniewska.pl\/?page_id=22","name":"W\u0142a\u015bciwo\u015b\u0107 miejscowa &#8211; Komornik S\u0105dowy Grudzi\u0105dz","isPartOf":{"@id":"https:\/\/komorniklipniewska.pl\/#website"},"primaryImageOfPage":{"@id":"https:\/\/komorniklipniewska.pl\/?page_id=22#primaryimage"},"image":{"@id":"https:\/\/komorniklipniewska.pl\/?page_id=22#primaryimage"},"thumbnailUrl":"https:\/\/komorniklipniewska.pl\/wp-content\/uploads\/2020\/01\/komornik-bydgoszcz-1024x272.jpg","datePublished":"2019-12-27T18:24:18+00:00","dateModified":"2025-09-28T18:54:13+00:00","breadcrumb":{"@id":"https:\/\/komorniklipniewska.pl\/?page_id=22#breadcrumb"},"inLanguage":"pl-PL","potentialAction":[{"@type":"ReadAction","target":["https:\/\/komorniklipniewska.pl\/?page_id=22"]}]},{"@type":"ImageObject","inLanguage":"pl-PL","@id":"https:\/\/komorniklipniewska.pl\/?page_id=22#primaryimage","url":"https:\/\/komorniklipniewska.pl\/wp-content\/uploads\/2020\/01\/komornik-bydgoszcz.jpg","contentUrl":"https:\/\/komorniklipniewska.pl\/wp-content\/uploads\/2020\/01\/komornik-bydgoszcz.jpg","width":1920,"height":510},{"@type":"BreadcrumbList","@id":"https:\/\/komorniklipniewska.pl\/?page_id=22#breadcrumb","itemListElement":[{"@type":"ListItem","position":1,"name":"Strona g\u0142\u00f3wna","item":"https:\/\/komorniklipniewska.pl\/"},{"@type":"ListItem","position":2,"name":"W\u0142a\u015bciwo\u015b\u0107 miejscowa"}]},{"@type":"WebSite","@id":"https:\/\/komorniklipniewska.pl\/#website","url":"https:\/\/komorniklipniewska.pl\/","name":"Komornik S\u0105dowy Grudzi\u0105dz","description":"Komornik S\u0105dowy Grudzi\u0105dz","publisher":{"@id":"https:\/\/komorniklipniewska.pl\/#organization"},"potentialAction":[{"@type":"SearchAction","target":{"@type":"EntryPoint","urlTemplate":"https:\/\/komorniklipniewska.pl\/?s={search_term_string}"},"query-input":"required name=search_term_string"}],"inLanguage":"pl-PL"},{"@type":"Organization","@id":"https:\/\/komorniklipniewska.pl\/#organization","name":"Komornik S\u0105dowy przy S\u0105dzie Rejonowym w Bydgoszczy \u0141ukasz Pakmur","url":"https:\/\/komorniklipniewska.pl\/","logo":{"@type":"ImageObject","inLanguage":"pl-PL","@id":"https:\/\/komorniklipniewska.pl\/#\/schema\/logo\/image\/","url":"https:\/\/komorniklipniewska.pl\/wp-content\/uploads\/2020\/11\/komornik-pakmur-scaled.jpg","contentUrl":"https:\/\/komorniklipniewska.pl\/wp-content\/uploads\/2020\/11\/komornik-pakmur-scaled.jpg","width":1707,"height":2560,"caption":"Komornik S\u0105dowy przy S\u0105dzie Rejonowym w Bydgoszczy \u0141ukasz Pakmur"},"image":{"@id":"https:\/\/komorniklipniewska.pl\/#\/schema\/logo\/image\/"},"sameAs":["https:\/\/www.facebook.com\/komornikpakmur\/?view_public_for=100838511533625","https:\/\/www.linkedin.com\/in\/\u0142ukasz-pakmur-b24b92101\/"]}]}},"_links":{"self":[{"href":"https:\/\/komorniklipniewska.pl\/index.php?rest_route=\/wp\/v2\/pages\/22","targetHints":{"allow":["GET"]}}],"collection":[{"href":"https:\/\/komorniklipniewska.pl\/index.php?rest_route=\/wp\/v2\/pages"}],"about":[{"href":"https:\/\/komorniklipniewska.pl\/index.php?rest_route=\/wp\/v2\/types\/page"}],"author":[{"embeddable":true,"href":"https:\/\/komorniklipniewska.pl\/index.php?rest_route=\/wp\/v2\/users\/1"}],"replies":[{"embeddable":true,"href":"https:\/\/komorniklipniewska.pl\/index.php?rest_route=%2Fwp%2Fv2%2Fcomments&post=22"}],"version-history":[{"count":54,"href":"https:\/\/komorniklipniewska.pl\/index.php?rest_route=\/wp\/v2\/pages\/22\/revisions"}],"predecessor-version":[{"id":849,"href":"https:\/\/komorniklipniewska.pl\/index.php?rest_route=\/wp\/v2\/pages\/22\/revisions\/849"}],"wp:attachment":[{"href":"https:\/\/komorniklipniewska.pl\/index.php?rest_route=%2Fwp%2Fv2%2Fmedia&parent=22"}],"curies":[{"name":"wp","href":"https:\/\/api.w.org\/{rel}","templated":true}]}}