{"id":222,"date":"2020-05-31T21:40:10","date_gmt":"2020-05-31T19:40:10","guid":{"rendered":"https:\/\/komorniklipniewska.pl\/?page_id=222"},"modified":"2025-10-02T21:03:16","modified_gmt":"2025-10-02T19:03:16","slug":"rodo","status":"publish","type":"page","link":"https:\/\/komorniklipniewska.pl\/?page_id=222","title":{"rendered":"RODO"},"content":{"rendered":"\n<h2 class=\"wp-block-heading has-text-align-center\">Informacja w&nbsp;przedmiocie praw&nbsp;i obowi\u0105zk\u00f3w w zakresie przetwarzania danych osobowych  <\/h2>\n\n\n\n<p>Administratorem danych osobowych jest Zast\u0119pca Doroty Lipniewskiej Komornika S\u0105dowegoprzy S\u0105dzie Rejonowym w Grudzi\u0105dzu \u0141ukasz Pakmur (dalej \u201eKancelaria\u201d).<\/p>\n\n\n\n<p>Kancelaria otrzyma\u0142a dane osobowe w ramach wykonywania ustawowych zada\u0144 na\u0142o\u017conych na komornika s\u0105dowego, a tak\u017ce w zwi\u0105zku z realizacj\u0105 zawartych um\u00f3w oraz w ramach prowadzonej z Kancelari\u0105 korespondencji.  <\/p>\n\n\n\n<p>Kancelaria pozyskuje dane osobowe od podmiot\u00f3w trzecich, w szczeg\u00f3lno\u015bci wierzycieli, organ\u00f3w administracji publicznej, urz\u0119d\u00f3w skarbowych, organ\u00f3w rentowych, bank\u00f3w, sp\u00f3\u0142dzielczych kas oszcz\u0119dno\u015bciowo-kredytowych, jak r\u00f3wnie\u017c innych instytucji i os\u00f3b, do kt\u00f3rych Kancelaria wyst\u0105pi\u0142a z pisemnym \u017c\u0105daniem o udzielenie informacji niezb\u0119dnych do prawid\u0142owego wykonywania ustawowych zada\u0144.<\/p>\n\n\n\n<p>\nKancelaria\npozyskuje r\u00f3wnie\u017c dane osobowe ze \u017ar\u00f3de\u0142 publicznych. \n<\/p>\n\n\n\n<p>\nW\nramach wykonywania ustawowych zada\u0144 na\u0142o\u017conych na komornika\ns\u0105dowego Kancelaria mo\u017ce przetwarza\u0107 wszystkie kategorie danych\nosobowych. Je\u017celi ich przetwarzanie nie b\u0119dzie bezwzgl\u0119dnie\nkoniecznie zgodnie z obowi\u0105zuj\u0105cymi przepisami prawa to Kancelaria\nniezw\u0142ocznie usunie te dane osobowe. \n<\/p>\n\n\n\n<p>Dodatkowo, przepisy prawa wymagaj\u0105 od Kancelarii przetwarzania danych osobowych dla cel\u00f3w podatkowych i rachunkowych oraz innej sprawozdawczo\u015bci wymaganej przepisami prawa.<\/p>\n\n\n\n<p>Dane osobowe mog\u0105 te\u017c by\u0107 udost\u0119pnione w ramach tre\u015bci wprowadzanych do funkcjonuj\u0105cego w Kancelarii oprogramowania i aplikacji. Dane s\u0105 otrzymywane r\u00f3wnie\u017c z system\u00f3w innych podmiot\u00f3w i instytucji.<\/p>\n\n\n\n<p>Kancelaria w zale\u017cno\u015bci od sprawy z jak\u0105 si\u0119 zwracasz wymaga, w szczeg\u00f3lno\u015bci podania imienia i nazwiska, adresu zamieszkania, adresu do korespondencji, w tym adresu do korespondencji wpisanego do Centralnej Ewidencji i Informacji o Dzia\u0142alno\u015bci Gospodarczej, PESEL, NIP, informacji o stanie maj\u0105tkowym.<\/p>\n\n\n\n<p>Je\u017celi wymagaj\u0105 tego przepisy prawa, Kancelaria mo\u017ce wymaga\u0107 innych niezb\u0119dnych danych<\/p>\n\n\n\n<p>W\npozosta\u0142ym zakresie podanie Twoich danych jest dobrowolne. Je\u017celi\njednak nie podasz tych danych lub w jakikolwiek spos\u00f3b uniemo\u017cliwisz\nnam ich przetwarzanie mo\u017ce to skutkowa\u0107 nieza\u0142atwieniem sprawy, z\nkt\u00f3r\u0105 zwracasz si\u0119 do Kancelarii. \n<\/p>\n\n\n\n<p>Informujemy,\n\u017ce mo\u017cesz w ka\u017cdej chwili za\u017c\u0105da\u0107 dost\u0119pu do swoich danych\nosobowych, ich sprostowania, usuni\u0119cia, ograniczenia przetwarzania,\nprzeniesienia lub masz prawo do wniesienia sprzeciwu wobec ich\nprzetwarzania, prawo do cofni\u0119cia zgody na ich przetwarzanie.\nKancelaria mo\u017ce odm\u00f3wi\u0107 wykonania \u017c\u0105dania je\u017celi przetwarzania\ndanych osobowych wymagaj\u0105 bezwzgl\u0119dnie obowi\u0105zuj\u0105ce przepisy\nprawa lub ich przetwarzania wymaga uzasadniony interes Kancelarii. \n<\/p>\n\n\n\n<p>Osoba, kt\u00f3rej dane dotycz\u0105 ma prawo z\u0142o\u017cy\u0107 skarg\u0119 w zwi\u0105zku z przetwarzaniem przez Kancelari\u0119 danych osobowych do organu nadzorczego, kt\u00f3rym jest Prezes Urz\u0119du Ochrony Danych Osobowych.<\/p>\n\n\n\n<p>Osoba, kt\u00f3rej dane dotycz\u0105 ma prawo wnie\u015b\u0107 sprzeciw wobec przetwarzania danych osobowych.  <\/p>\n\n\n\n<p>Kancelaria mo\u017ce udost\u0119pnia\u0107 dane osobowe podmiotom wspieraj\u0105cym Kancelari\u0119 <br>w prowadzeniu jej dzia\u0142alno\u015bci i w \u015bwiadczeniu us\u0142ug (dostawcy i podwykonawcy), np.: doradcy, zewn\u0119trzne kancelarie prawne, podmioty zapewniaj\u0105ce wsparcie techniczne, banki, operatorzy pocztowi.<\/p>\n\n\n\n<p>Kancelaria mo\u017ce te\u017c przekaza\u0107 dane osobowe organom publicznym walcz\u0105cym z oszustwami i nadu\u017cyciami oraz innym podmiotom je\u017celi jest to wymagane obowi\u0105zuj\u0105cymi przepisami prawa i\/lub konieczne w celu wykonania na\u0142o\u017conych na Kancelari\u0119 obowi\u0105zk\u00f3w wynikaj\u0105cych z przepis\u00f3w prawa.  <\/p>\n\n\n\n<p>Dane osobowe nie s\u0105 przesy\u0142ane poza obszar EOG, chyba \u017ce stron\u0105\/uczestnikiem post\u0119powania lub czynno\u015bci jest osoba maj\u0105ca adres zamieszkania\/siedziby albo adres korespondencyjny poza EOG.<\/p>\n\n\n\n<p>Dane osobowe mog\u0105 by\u0107 przetwarzane w spos\u00f3b zautomatyzowany (w tym w formie profilowania), jednak\u017ce nie b\u0119dzie to wywo\u0142ywa\u0107 wobec os\u00f3b, kt\u00f3rych dane dotycz\u0105 \u017cadnych skutk\u00f3w prawnych w postaci automatycznego zawarcia umowy, obci\u0105\u017cenia prawami b\u0105d\u017a obowi\u0105zkami lub w podobny spos\u00f3b istotnie wp\u0142ywa\u0107 na sytuacj\u0119 osoby, kt\u00f3rej dane dotycz\u0105.<\/p>\n\n\n\n<p>Profilowanie danych osobowych przez&nbsp;Kancelari\u0119&nbsp;mo\u017ce polega\u0107 na przetwarzaniu danych osobowych (r\u00f3wnie\u017c w spos\u00f3b zautomatyzowany), poprzez wykorzystywanie ich do oceny niekt\u00f3rych informacji.<\/p>\n\n\n\n<p>W sprawach zwi\u0105zanych z przetwarzaniem danych osobowych nale\u017cy kontaktowa\u0107 si\u0119 z Kancelari\u0105 na adres: Komornik S\u0105dowy przy S\u0105dzie Rejonowym w Grudzi\u0105dzu Dorota Lipniewska<br>Kancelaria Komornicza nr III w Grudzi\u0105dzu, ul. Groblowa 4\/3, 86-300 Grudzi\u0105dz<\/p>\n\n\n\n<p>Niniejsza strona internetowa wykorzystywana jest wy\u0142\u0105cznie do cel\u00f3w informacyjnych. Pozyskiwanie informacji o U\u017cytkownikach odbywa si\u0119 poprzez zapisywanie w urz\u0105dzeniach ko\u0144cowych plik\u00f3w cookies (tzw. \u201eciasteczka\u201d), oraz poprzez gromadzenie log\u00f3w serwera www przez operatora hostingowego.  Niniejsza strona internetowa uzyskuje informacje o parametrach po\u0142\u0105czenia (czas, adres IP, przegl\u0105darka).  <\/p>\n\n\n\n<p>Pliki cookies zwane tak\u017ce \u201eciasteczkami\u201d s\u0105 to pliki tekstowe zapisywane i przechowywane w pami\u0119ci urz\u0105dzenia wykorzystywanego do przegl\u0105dania stron internetowych (np. komputer PC, notebook, tablet, palmtop, telefon kom\u00f3rkowy). Z plikami tymi, po ich zapisaniu, \u0142\u0105czy si\u0119 serwer albo serwery uzyskuj\u0105c do nich odpowiedni dost\u0119p. Niniejsza strona internetowa oraz wszystkie jej podstrony korzystaj\u0105 z plik\u00f3w cookies wy\u0142\u0105cznie w celach: tworzenia zbiorczych statystyk i analiz, kt\u00f3re u\u0142atwiaj\u0105 zrozumie\u0107, w jaki spos\u00f3b u\u017cywany jest Serwis oraz pomagaj\u0105 w jego rozwoju oraz optymalizacji stron internetowych pod k\u0105tem r\u00f3\u017cnych urz\u0105dze\u0144 i przegl\u0105darek. W zwi\u0105zku z powy\u017cszym cz\u0119\u015b\u0107 danych mo\u017ce by\u0107 przekazywana za po\u015brednictwem narz\u0119dzi, z kt\u00f3rych korzystamy, do Google Analytics (administrator cookies: Google Inc z siedzib\u0105 w USA). <br>Poprzez zmian\u0119 ustawie\u0144 oprogramowania wykorzystywanego do przegl\u0105dania niniejszej strony internetowe i jej podstron istnieje mo\u017cliwo\u015b\u0107 okre\u015blenia warunk\u00f3w przechowywania oraz warunk\u00f3w uzyskiwania dost\u0119pu do plik\u00f3w cookies, w szczeg\u00f3lno\u015bci mo\u017cliwo\u015b\u0107 ca\u0142kowitego wy\u0142\u0105czenia ich obs\u0142ugi. W celu zmiany ustawie\u0144 zwi\u0105zanych z obs\u0142ug\u0105 plik\u00f3w cookies nale\u017cy odpowiednio skonfigurowa\u0107 oprogramowanie wykorzystywane do przegl\u0105dania niniejszej strony internetowej i jej podstron. Stosowne informacje w tym zakresie mo\u017cna uzyska\u0107, korzystaj\u0105c z pomocy technicznej dla takiego oprogramowania lub kontaktuj\u0105c si\u0119 z jego dostawc\u0105. Brak zmiany ustawie\u0144 oprogramowania wykorzystywanego do przegl\u0105dania niniejszej strony internetowej i jej podstron, stanowi w my\u015bl art. 173 ust. 2 Ustawy prawo telekomunikacyjne wyra\u017cenie zgody na korzystanie przez t\u0119 stron\u0119 i jej podstrony z plik\u00f3w cookies w celach wy\u017cej okre\u015blonych.<\/p>\n\n\n\n<p>Informacje o niekt\u00f3rych zachowaniach U\u017cytkownik\u00f3w zapisywane s\u0105 po stronie serwera. Dane te wykorzystywane s\u0105 wy\u0142\u0105cznie w celu administrowania serwisem oraz zapewnienia wydajno\u015bci hostingu. Przegl\u0105dane zasoby identyfikowane s\u0105 poprzez adresy URL. Zapisowi mog\u0105 podlega\u0107 inne parametry n.p. czas nadej\u015bcia zapytania oraz wys\u0142ania odpowiedzi, napotkane b\u0142\u0119dy, informacja o adresie IP u\u017cytkownika czy wykorzystywanej przez niego przegl\u0105darce. Zebrane dane nie s\u0105 powi\u0105zane z konkretnymi osobami, a ich wykorzystanie ma na celu wy\u0142\u0105cznie efektywne administrowanie serwerem.<\/p>\n\n\n\n<p><\/p>\n","protected":false},"excerpt":{"rendered":"<p>Informacja w&nbsp;przedmiocie praw&nbsp;i obowi\u0105zk\u00f3w w zakresie przetwarzania danych osobowych Administratorem danych osobowych jest Zast\u0119pca Doroty Lipniewskiej Komornika S\u0105dowegoprzy S\u0105dzie Rejonowym w Grudzi\u0105dzu \u0141ukasz Pakmur (dalej \u201eKancelaria\u201d). Kancelaria otrzyma\u0142a dane osobowe w ramach wykonywania ustawowych zada\u0144 na\u0142o\u017conych na komornika s\u0105dowego, a tak\u017ce w zwi\u0105zku z realizacj\u0105 zawartych um\u00f3w oraz w ramach prowadzonej z Kancelari\u0105 korespondencji. Kancelaria &#8230; <a title=\"RODO\" class=\"read-more\" href=\"https:\/\/komorniklipniewska.pl\/?page_id=222\">Czytaj dalej <span class=\"screen-reader-text\">RODO<\/span><\/a><\/p>\n","protected":false},"author":1,"featured_media":0,"parent":0,"menu_order":0,"comment_status":"closed","ping_status":"closed","template":"","meta":{"_monsterinsights_skip_tracking":false,"_monsterinsights_sitenote_active":false,"_monsterinsights_sitenote_note":"","_monsterinsights_sitenote_category":0,"footnotes":""},"class_list":["post-222","page","type-page","status-publish"],"yoast_head":"<!-- This site is optimized with the Yoast SEO plugin v22.2 - https:\/\/yoast.com\/wordpress\/plugins\/seo\/ -->\n<title>RODO &#8211; Komornik S\u0105dowy Grudzi\u0105dz<\/title>\n<meta name=\"description\" content=\"Komornik S\u0105dowy przy S\u0105dzie Rejonowym w Grudzi\u0105dzu ul. Groblowa 4\/3, 86-300 Grudzi\u0105dzTel. 507-785-208, 507-785-193-alimenty\" \/>\n<meta name=\"robots\" content=\"noindex, nofollow\" \/>\n<meta property=\"og:locale\" content=\"pl_PL\" \/>\n<meta property=\"og:type\" content=\"article\" \/>\n<meta property=\"og:title\" content=\"RODO &#8211; Komornik S\u0105dowy Grudzi\u0105dz\" \/>\n<meta property=\"og:description\" content=\"Komornik S\u0105dowy przy S\u0105dzie Rejonowym w Grudzi\u0105dzu ul. Groblowa 4\/3, 86-300 Grudzi\u0105dzTel. 507-785-208, 507-785-193-alimenty\" \/>\n<meta property=\"og:url\" content=\"https:\/\/komorniklipniewska.pl\/?page_id=222\" \/>\n<meta property=\"og:site_name\" content=\"Komornik S\u0105dowy Grudzi\u0105dz\" \/>\n<meta property=\"article:publisher\" content=\"https:\/\/www.facebook.com\/komornikpakmur\/?view_public_for=100838511533625\" \/>\n<meta property=\"article:modified_time\" content=\"2025-10-02T19:03:16+00:00\" \/>\n<meta name=\"twitter:card\" content=\"summary_large_image\" \/>\n<meta name=\"twitter:label1\" content=\"Szacowany czas czytania\" \/>\n\t<meta name=\"twitter:data1\" content=\"6 minut\" \/>\n<script type=\"application\/ld+json\" class=\"yoast-schema-graph\">{\"@context\":\"https:\/\/schema.org\",\"@graph\":[{\"@type\":\"WebPage\",\"@id\":\"https:\/\/komorniklipniewska.pl\/?page_id=222\",\"url\":\"https:\/\/komorniklipniewska.pl\/?page_id=222\",\"name\":\"RODO &#8211; Komornik S\u0105dowy Grudzi\u0105dz\",\"isPartOf\":{\"@id\":\"https:\/\/komorniklipniewska.pl\/#website\"},\"datePublished\":\"2020-05-31T19:40:10+00:00\",\"dateModified\":\"2025-10-02T19:03:16+00:00\",\"description\":\"Komornik S\u0105dowy przy S\u0105dzie Rejonowym w Grudzi\u0105dzu ul. Groblowa 4\/3, 86-300 Grudzi\u0105dzTel. 507-785-208, 507-785-193-alimenty\",\"breadcrumb\":{\"@id\":\"https:\/\/komorniklipniewska.pl\/?page_id=222#breadcrumb\"},\"inLanguage\":\"pl-PL\",\"potentialAction\":[{\"@type\":\"ReadAction\",\"target\":[\"https:\/\/komorniklipniewska.pl\/?page_id=222\"]}]},{\"@type\":\"BreadcrumbList\",\"@id\":\"https:\/\/komorniklipniewska.pl\/?page_id=222#breadcrumb\",\"itemListElement\":[{\"@type\":\"ListItem\",\"position\":1,\"name\":\"Strona g\u0142\u00f3wna\",\"item\":\"https:\/\/komorniklipniewska.pl\/\"},{\"@type\":\"ListItem\",\"position\":2,\"name\":\"RODO\"}]},{\"@type\":\"WebSite\",\"@id\":\"https:\/\/komorniklipniewska.pl\/#website\",\"url\":\"https:\/\/komorniklipniewska.pl\/\",\"name\":\"Komornik S\u0105dowy Grudzi\u0105dz\",\"description\":\"Komornik S\u0105dowy Grudzi\u0105dz\",\"publisher\":{\"@id\":\"https:\/\/komorniklipniewska.pl\/#organization\"},\"potentialAction\":[{\"@type\":\"SearchAction\",\"target\":{\"@type\":\"EntryPoint\",\"urlTemplate\":\"https:\/\/komorniklipniewska.pl\/?s={search_term_string}\"},\"query-input\":\"required name=search_term_string\"}],\"inLanguage\":\"pl-PL\"},{\"@type\":\"Organization\",\"@id\":\"https:\/\/komorniklipniewska.pl\/#organization\",\"name\":\"Komornik S\u0105dowy przy S\u0105dzie Rejonowym w Bydgoszczy \u0141ukasz Pakmur\",\"url\":\"https:\/\/komorniklipniewska.pl\/\",\"logo\":{\"@type\":\"ImageObject\",\"inLanguage\":\"pl-PL\",\"@id\":\"https:\/\/komorniklipniewska.pl\/#\/schema\/logo\/image\/\",\"url\":\"https:\/\/komorniklipniewska.pl\/wp-content\/uploads\/2020\/11\/komornik-pakmur-scaled.jpg\",\"contentUrl\":\"https:\/\/komorniklipniewska.pl\/wp-content\/uploads\/2020\/11\/komornik-pakmur-scaled.jpg\",\"width\":1707,\"height\":2560,\"caption\":\"Komornik S\u0105dowy przy S\u0105dzie Rejonowym w Bydgoszczy \u0141ukasz Pakmur\"},\"image\":{\"@id\":\"https:\/\/komorniklipniewska.pl\/#\/schema\/logo\/image\/\"},\"sameAs\":[\"https:\/\/www.facebook.com\/komornikpakmur\/?view_public_for=100838511533625\",\"https:\/\/www.linkedin.com\/in\/\u0142ukasz-pakmur-b24b92101\/\"]}]}<\/script>\n<!-- \/ Yoast SEO plugin. -->","yoast_head_json":{"title":"RODO &#8211; Komornik S\u0105dowy Grudzi\u0105dz","description":"Komornik S\u0105dowy przy S\u0105dzie Rejonowym w Grudzi\u0105dzu ul. Groblowa 4\/3, 86-300 Grudzi\u0105dzTel. 507-785-208, 507-785-193-alimenty","robots":{"index":"noindex","follow":"nofollow"},"og_locale":"pl_PL","og_type":"article","og_title":"RODO &#8211; Komornik S\u0105dowy Grudzi\u0105dz","og_description":"Komornik S\u0105dowy przy S\u0105dzie Rejonowym w Grudzi\u0105dzu ul. Groblowa 4\/3, 86-300 Grudzi\u0105dzTel. 507-785-208, 507-785-193-alimenty","og_url":"https:\/\/komorniklipniewska.pl\/?page_id=222","og_site_name":"Komornik S\u0105dowy Grudzi\u0105dz","article_publisher":"https:\/\/www.facebook.com\/komornikpakmur\/?view_public_for=100838511533625","article_modified_time":"2025-10-02T19:03:16+00:00","twitter_card":"summary_large_image","twitter_misc":{"Szacowany czas czytania":"6 minut"},"schema":{"@context":"https:\/\/schema.org","@graph":[{"@type":"WebPage","@id":"https:\/\/komorniklipniewska.pl\/?page_id=222","url":"https:\/\/komorniklipniewska.pl\/?page_id=222","name":"RODO &#8211; Komornik S\u0105dowy Grudzi\u0105dz","isPartOf":{"@id":"https:\/\/komorniklipniewska.pl\/#website"},"datePublished":"2020-05-31T19:40:10+00:00","dateModified":"2025-10-02T19:03:16+00:00","description":"Komornik S\u0105dowy przy S\u0105dzie Rejonowym w Grudzi\u0105dzu ul. Groblowa 4\/3, 86-300 Grudzi\u0105dzTel. 507-785-208, 507-785-193-alimenty","breadcrumb":{"@id":"https:\/\/komorniklipniewska.pl\/?page_id=222#breadcrumb"},"inLanguage":"pl-PL","potentialAction":[{"@type":"ReadAction","target":["https:\/\/komorniklipniewska.pl\/?page_id=222"]}]},{"@type":"BreadcrumbList","@id":"https:\/\/komorniklipniewska.pl\/?page_id=222#breadcrumb","itemListElement":[{"@type":"ListItem","position":1,"name":"Strona g\u0142\u00f3wna","item":"https:\/\/komorniklipniewska.pl\/"},{"@type":"ListItem","position":2,"name":"RODO"}]},{"@type":"WebSite","@id":"https:\/\/komorniklipniewska.pl\/#website","url":"https:\/\/komorniklipniewska.pl\/","name":"Komornik S\u0105dowy Grudzi\u0105dz","description":"Komornik S\u0105dowy Grudzi\u0105dz","publisher":{"@id":"https:\/\/komorniklipniewska.pl\/#organization"},"potentialAction":[{"@type":"SearchAction","target":{"@type":"EntryPoint","urlTemplate":"https:\/\/komorniklipniewska.pl\/?s={search_term_string}"},"query-input":"required name=search_term_string"}],"inLanguage":"pl-PL"},{"@type":"Organization","@id":"https:\/\/komorniklipniewska.pl\/#organization","name":"Komornik S\u0105dowy przy S\u0105dzie Rejonowym w Bydgoszczy \u0141ukasz Pakmur","url":"https:\/\/komorniklipniewska.pl\/","logo":{"@type":"ImageObject","inLanguage":"pl-PL","@id":"https:\/\/komorniklipniewska.pl\/#\/schema\/logo\/image\/","url":"https:\/\/komorniklipniewska.pl\/wp-content\/uploads\/2020\/11\/komornik-pakmur-scaled.jpg","contentUrl":"https:\/\/komorniklipniewska.pl\/wp-content\/uploads\/2020\/11\/komornik-pakmur-scaled.jpg","width":1707,"height":2560,"caption":"Komornik S\u0105dowy przy S\u0105dzie Rejonowym w Bydgoszczy \u0141ukasz Pakmur"},"image":{"@id":"https:\/\/komorniklipniewska.pl\/#\/schema\/logo\/image\/"},"sameAs":["https:\/\/www.facebook.com\/komornikpakmur\/?view_public_for=100838511533625","https:\/\/www.linkedin.com\/in\/\u0142ukasz-pakmur-b24b92101\/"]}]}},"_links":{"self":[{"href":"https:\/\/komorniklipniewska.pl\/index.php?rest_route=\/wp\/v2\/pages\/222","targetHints":{"allow":["GET"]}}],"collection":[{"href":"https:\/\/komorniklipniewska.pl\/index.php?rest_route=\/wp\/v2\/pages"}],"about":[{"href":"https:\/\/komorniklipniewska.pl\/index.php?rest_route=\/wp\/v2\/types\/page"}],"author":[{"embeddable":true,"href":"https:\/\/komorniklipniewska.pl\/index.php?rest_route=\/wp\/v2\/users\/1"}],"replies":[{"embeddable":true,"href":"https:\/\/komorniklipniewska.pl\/index.php?rest_route=%2Fwp%2Fv2%2Fcomments&post=222"}],"version-history":[{"count":5,"href":"https:\/\/komorniklipniewska.pl\/index.php?rest_route=\/wp\/v2\/pages\/222\/revisions"}],"predecessor-version":[{"id":899,"href":"https:\/\/komorniklipniewska.pl\/index.php?rest_route=\/wp\/v2\/pages\/222\/revisions\/899"}],"wp:attachment":[{"href":"https:\/\/komorniklipniewska.pl\/index.php?rest_route=%2Fwp%2Fv2%2Fmedia&parent=222"}],"curies":[{"name":"wp","href":"https:\/\/api.w.org\/{rel}","templated":true}]}}