{"id":28,"date":"2019-12-27T19:32:06","date_gmt":"2019-12-27T18:32:06","guid":{"rendered":"https:\/\/lukaszpakmur.000webhostapp.com\/?page_id=28"},"modified":"2025-10-02T20:43:01","modified_gmt":"2025-10-02T18:43:01","slug":"komornik-wzor-wniosku","status":"publish","type":"page","link":"https:\/\/komorniklipniewska.pl\/?page_id=28","title":{"rendered":"Dokumenty"},"content":{"rendered":"\n<figure class=\"wp-block-image alignfull size-large\"><img loading=\"lazy\" decoding=\"async\" width=\"1024\" height=\"272\" src=\"https:\/\/lukaszpakmur.000webhostapp.com\/wp-content\/uploads\/2020\/01\/wniosek-egekucyjny-1024x272.jpg\" alt=\"\" class=\"wp-image-135\" srcset=\"https:\/\/komorniklipniewska.pl\/wp-content\/uploads\/2020\/01\/wniosek-egekucyjny-1024x272.jpg 1024w, https:\/\/komorniklipniewska.pl\/wp-content\/uploads\/2020\/01\/wniosek-egekucyjny-300x80.jpg 300w, https:\/\/komorniklipniewska.pl\/wp-content\/uploads\/2020\/01\/wniosek-egekucyjny-768x204.jpg 768w, https:\/\/komorniklipniewska.pl\/wp-content\/uploads\/2020\/01\/wniosek-egekucyjny-1536x408.jpg 1536w, https:\/\/komorniklipniewska.pl\/wp-content\/uploads\/2020\/01\/wniosek-egekucyjny.jpg 1920w\" sizes=\"auto, (max-width: 1024px) 100vw, 1024px\" \/><\/figure>\n\n\n\n<h2 class=\"wp-block-heading\">wniosek o wszcz\u0119cie egzekucji \u015bwiadcze\u0144 pieni\u0119\u017cnych [<img decoding=\"async\" class=\"wp-image-157\" style=\"width: NaNpx;\" src=\"https:\/\/lukaszpakmur.000webhostapp.com\/wp-content\/uploads\/2020\/02\/wniosek-o-wszcz\u0119cie-egzekucji-\u015bwiadcze\u0144-pieni\u0119\u017cnych-1.doc\" alt=\"\"><a href=\"https:\/\/komorniklipniewska.pl\/wp-content\/uploads\/2025\/10\/wniosek-o-wszczecie-egzekucji-swiadczen-pienieznych.doc\">DOC<\/a> \/ <a href=\"https:\/\/komorniklipniewska.pl\/wp-content\/uploads\/2025\/10\/wniosek-o-wszczecie-egzekucji-swiadczen-pienieznych.pdf\">PDF<\/a>]<br><\/h2>\n\n\n\n<h2 class=\"wp-block-heading\">wniosek o wszcz\u0119cie egzekucji aliment\u00f3w [<a href=\"https:\/\/komorniklipniewska.pl\/wp-content\/uploads\/2025\/10\/wniosek-o-wszczecie-egzekucji-alimentow.doc\">DOC<\/a> \/ <a href=\"https:\/\/komorniklipniewska.pl\/wp-content\/uploads\/2025\/10\/wniosek-o-wszczecie-egzekucji-alimentow.pdf\">PDF<\/a>]<br><\/h2>\n\n\n\n<h2 class=\"wp-block-heading\">wniosek o przeprowadzenie eksmisji [<a href=\"https:\/\/komorniklipniewska.pl\/wp-content\/uploads\/2025\/10\/wniosek-o-przeprowadzenie-eksmisji.doc\">DOC<\/a> \/ <a href=\"https:\/\/komorniklipniewska.pl\/wp-content\/uploads\/2025\/10\/wniosek-o-przeprowadzenie-eksmisji.pdf\">PDF<\/a>]<br><\/h2>\n\n\n\n<h2 class=\"wp-block-heading\">wniosek o wykonanie zabezpieczenia [<a href=\"https:\/\/komorniklipniewska.pl\/wp-content\/uploads\/2025\/10\/wniosek-o-wykonanie-zabezpieczenia.odt\">DOC<\/a> \/ <a href=\"https:\/\/komorniklipniewska.pl\/wp-content\/uploads\/2025\/10\/wniosek-o-wykonanie-zabezpieczenia.pdf\">PDF<\/a>]<br><\/h2>\n\n\n\n<h2 class=\"wp-block-heading\">wniosek o sporz\u0105dzenie protoko\u0142u stanu faktycznego [<a href=\"https:\/\/komorniklipniewska.pl\/wp-content\/uploads\/2025\/10\/wniosek-o-sporzadzenie-protokolu-stanu-faktycznego.doc\">DOC<\/a> \/ <a href=\"https:\/\/komorniklipniewska.pl\/wp-content\/uploads\/2025\/10\/wniosek-o-sporzadzenie-protokolu-stanu-faktycznego.pdf\">PDF<\/a>]<br><\/h2>\n\n\n\n<h2 class=\"wp-block-heading\">wniosek o sporz\u0105dzenie protoko\u0142u spisu inwentarza [<a href=\"https:\/\/komorniklipniewska.pl\/wp-content\/uploads\/2025\/10\/wniosek-o-sporzadzenie-spisu-inwentarza.doc\">DOC<\/a> \/ <a href=\"https:\/\/komorniklipniewska.pl\/wp-content\/uploads\/2025\/10\/wniosek-o-sporzadzenie-spisu-inwentarza.pdf\">PDF<\/a>]<br><\/h2>\n\n\n\n<h2 class=\"wp-block-heading\">wniosek o dor\u0119czenie korespondencji [<a href=\"https:\/\/komorniklipniewska.pl\/wp-content\/uploads\/2025\/10\/wniosek-o-doreczenie-korespondencji.doc\">DOC <\/a>\/ <a href=\"https:\/\/komorniklipniewska.pl\/wp-content\/uploads\/2025\/10\/wniosek-o-doreczenie-korespondencji.pdf\">PDF<\/a>]<br><\/h2>\n\n\n\n<h2 class=\"wp-block-heading\">wniosek o ustalenie adresu zamieszkania adresata [<a href=\"https:\/\/komorniklipniewska.pl\/wp-content\/uploads\/2025\/10\/wniosek-o-ustalenie-adresu-zamieszkania-adresata.doc\">DOC<\/a> \/ <a href=\"https:\/\/komorniklipniewska.pl\/wp-content\/uploads\/2025\/10\/wniosek-o-ustalenie-adresu-zamieszkania-adresata.pdf\">PDF<\/a>]<br><\/h2>\n\n\n\n<h2 class=\"wp-block-heading\">formularz wykazu maj\u0105tku [<a href=\"https:\/\/komorniklipniewska.pl\/wp-content\/uploads\/2025\/10\/wykaz-majatku.doc\">DOC<\/a> \/ <a href=\"https:\/\/komorniklipniewska.pl\/wp-content\/uploads\/2025\/10\/wykaz-majatku.pdf\">PDF<\/a>]<\/h2>\n\n\n\n<p><\/p>\n","protected":false},"excerpt":{"rendered":"<p>wniosek o wszcz\u0119cie egzekucji \u015bwiadcze\u0144 pieni\u0119\u017cnych [DOC \/ PDF] wniosek o wszcz\u0119cie egzekucji aliment\u00f3w [DOC \/ PDF] wniosek o przeprowadzenie eksmisji [DOC \/ PDF] wniosek o wykonanie zabezpieczenia [DOC \/ PDF] wniosek o sporz\u0105dzenie protoko\u0142u stanu faktycznego [DOC \/ PDF] wniosek o sporz\u0105dzenie protoko\u0142u spisu inwentarza [DOC \/ PDF] wniosek o dor\u0119czenie korespondencji [DOC \/ &#8230; <a title=\"Dokumenty\" class=\"read-more\" href=\"https:\/\/komorniklipniewska.pl\/?page_id=28\">Czytaj dalej <span class=\"screen-reader-text\">Dokumenty<\/span><\/a><\/p>\n","protected":false},"author":1,"featured_media":0,"parent":0,"menu_order":0,"comment_status":"closed","ping_status":"closed","template":"","meta":{"_monsterinsights_skip_tracking":false,"_monsterinsights_sitenote_active":false,"_monsterinsights_sitenote_note":"","_monsterinsights_sitenote_category":0,"footnotes":""},"class_list":["post-28","page","type-page","status-publish"],"yoast_head":"<!-- This site is optimized with the Yoast SEO plugin v22.2 - https:\/\/yoast.com\/wordpress\/plugins\/seo\/ -->\n<title>komornik s\u0105dowy - wnioski do pobrania.<\/title>\n<meta name=\"description\" content=\"Komornik S\u0105dowy przy S\u0105dzie Rejonowym w Bydgoszczy \u0141ukasz Pakmur - wzory wniosk\u00f3w do pobrania\" \/>\n<meta name=\"robots\" content=\"index, follow, max-snippet:-1, max-image-preview:large, max-video-preview:-1\" \/>\n<link rel=\"canonical\" href=\"https:\/\/komorniklipniewska.pl\/?page_id=28\" \/>\n<meta property=\"og:locale\" content=\"pl_PL\" \/>\n<meta property=\"og:type\" content=\"article\" \/>\n<meta property=\"og:title\" content=\"komornik s\u0105dowy - wnioski do pobrania.\" \/>\n<meta property=\"og:description\" content=\"Komornik S\u0105dowy przy S\u0105dzie Rejonowym w Bydgoszczy \u0141ukasz Pakmur - wzory wniosk\u00f3w do pobrania\" \/>\n<meta property=\"og:url\" content=\"https:\/\/komorniklipniewska.pl\/?page_id=28\" \/>\n<meta property=\"og:site_name\" content=\"Komornik S\u0105dowy Grudzi\u0105dz\" \/>\n<meta property=\"article:publisher\" content=\"https:\/\/www.facebook.com\/komornikpakmur\/?view_public_for=100838511533625\" \/>\n<meta property=\"article:modified_time\" content=\"2025-10-02T18:43:01+00:00\" \/>\n<meta property=\"og:image\" content=\"https:\/\/lukaszpakmur.000webhostapp.com\/wp-content\/uploads\/2020\/01\/wniosek-egekucyjny-1024x272.jpg\" \/>\n<meta name=\"twitter:card\" content=\"summary_large_image\" \/>\n<meta name=\"twitter:label1\" content=\"Szacowany czas czytania\" \/>\n\t<meta name=\"twitter:data1\" content=\"1 minuta\" \/>\n<script type=\"application\/ld+json\" class=\"yoast-schema-graph\">{\"@context\":\"https:\/\/schema.org\",\"@graph\":[{\"@type\":\"WebPage\",\"@id\":\"https:\/\/komorniklipniewska.pl\/?page_id=28\",\"url\":\"https:\/\/komorniklipniewska.pl\/?page_id=28\",\"name\":\"komornik s\u0105dowy - wnioski do pobrania.\",\"isPartOf\":{\"@id\":\"https:\/\/komorniklipniewska.pl\/#website\"},\"primaryImageOfPage\":{\"@id\":\"https:\/\/komorniklipniewska.pl\/?page_id=28#primaryimage\"},\"image\":{\"@id\":\"https:\/\/komorniklipniewska.pl\/?page_id=28#primaryimage\"},\"thumbnailUrl\":\"https:\/\/lukaszpakmur.000webhostapp.com\/wp-content\/uploads\/2020\/01\/wniosek-egekucyjny-1024x272.jpg\",\"datePublished\":\"2019-12-27T18:32:06+00:00\",\"dateModified\":\"2025-10-02T18:43:01+00:00\",\"description\":\"Komornik S\u0105dowy przy S\u0105dzie Rejonowym w Bydgoszczy \u0141ukasz Pakmur - wzory wniosk\u00f3w do pobrania\",\"breadcrumb\":{\"@id\":\"https:\/\/komorniklipniewska.pl\/?page_id=28#breadcrumb\"},\"inLanguage\":\"pl-PL\",\"potentialAction\":[{\"@type\":\"ReadAction\",\"target\":[\"https:\/\/komorniklipniewska.pl\/?page_id=28\"]}]},{\"@type\":\"ImageObject\",\"inLanguage\":\"pl-PL\",\"@id\":\"https:\/\/komorniklipniewska.pl\/?page_id=28#primaryimage\",\"url\":\"https:\/\/lukaszpakmur.000webhostapp.com\/wp-content\/uploads\/2020\/01\/wniosek-egekucyjny-1024x272.jpg\",\"contentUrl\":\"https:\/\/lukaszpakmur.000webhostapp.com\/wp-content\/uploads\/2020\/01\/wniosek-egekucyjny-1024x272.jpg\"},{\"@type\":\"BreadcrumbList\",\"@id\":\"https:\/\/komorniklipniewska.pl\/?page_id=28#breadcrumb\",\"itemListElement\":[{\"@type\":\"ListItem\",\"position\":1,\"name\":\"Strona g\u0142\u00f3wna\",\"item\":\"https:\/\/komorniklipniewska.pl\/\"},{\"@type\":\"ListItem\",\"position\":2,\"name\":\"Dokumenty\"}]},{\"@type\":\"WebSite\",\"@id\":\"https:\/\/komorniklipniewska.pl\/#website\",\"url\":\"https:\/\/komorniklipniewska.pl\/\",\"name\":\"Komornik S\u0105dowy Grudzi\u0105dz\",\"description\":\"Komornik S\u0105dowy Grudzi\u0105dz\",\"publisher\":{\"@id\":\"https:\/\/komorniklipniewska.pl\/#organization\"},\"potentialAction\":[{\"@type\":\"SearchAction\",\"target\":{\"@type\":\"EntryPoint\",\"urlTemplate\":\"https:\/\/komorniklipniewska.pl\/?s={search_term_string}\"},\"query-input\":\"required name=search_term_string\"}],\"inLanguage\":\"pl-PL\"},{\"@type\":\"Organization\",\"@id\":\"https:\/\/komorniklipniewska.pl\/#organization\",\"name\":\"Komornik S\u0105dowy przy S\u0105dzie Rejonowym w Bydgoszczy \u0141ukasz Pakmur\",\"url\":\"https:\/\/komorniklipniewska.pl\/\",\"logo\":{\"@type\":\"ImageObject\",\"inLanguage\":\"pl-PL\",\"@id\":\"https:\/\/komorniklipniewska.pl\/#\/schema\/logo\/image\/\",\"url\":\"https:\/\/komorniklipniewska.pl\/wp-content\/uploads\/2020\/11\/komornik-pakmur-scaled.jpg\",\"contentUrl\":\"https:\/\/komorniklipniewska.pl\/wp-content\/uploads\/2020\/11\/komornik-pakmur-scaled.jpg\",\"width\":1707,\"height\":2560,\"caption\":\"Komornik S\u0105dowy przy S\u0105dzie Rejonowym w Bydgoszczy \u0141ukasz Pakmur\"},\"image\":{\"@id\":\"https:\/\/komorniklipniewska.pl\/#\/schema\/logo\/image\/\"},\"sameAs\":[\"https:\/\/www.facebook.com\/komornikpakmur\/?view_public_for=100838511533625\",\"https:\/\/www.linkedin.com\/in\/\u0142ukasz-pakmur-b24b92101\/\"]}]}<\/script>\n<!-- \/ Yoast SEO plugin. -->","yoast_head_json":{"title":"komornik s\u0105dowy - wnioski do pobrania.","description":"Komornik S\u0105dowy przy S\u0105dzie Rejonowym w Bydgoszczy \u0141ukasz Pakmur - wzory wniosk\u00f3w do pobrania","robots":{"index":"index","follow":"follow","max-snippet":"max-snippet:-1","max-image-preview":"max-image-preview:large","max-video-preview":"max-video-preview:-1"},"canonical":"https:\/\/komorniklipniewska.pl\/?page_id=28","og_locale":"pl_PL","og_type":"article","og_title":"komornik s\u0105dowy - wnioski do pobrania.","og_description":"Komornik S\u0105dowy przy S\u0105dzie Rejonowym w Bydgoszczy \u0141ukasz Pakmur - wzory wniosk\u00f3w do pobrania","og_url":"https:\/\/komorniklipniewska.pl\/?page_id=28","og_site_name":"Komornik S\u0105dowy Grudzi\u0105dz","article_publisher":"https:\/\/www.facebook.com\/komornikpakmur\/?view_public_for=100838511533625","article_modified_time":"2025-10-02T18:43:01+00:00","og_image":[{"url":"https:\/\/lukaszpakmur.000webhostapp.com\/wp-content\/uploads\/2020\/01\/wniosek-egekucyjny-1024x272.jpg"}],"twitter_card":"summary_large_image","twitter_misc":{"Szacowany czas czytania":"1 minuta"},"schema":{"@context":"https:\/\/schema.org","@graph":[{"@type":"WebPage","@id":"https:\/\/komorniklipniewska.pl\/?page_id=28","url":"https:\/\/komorniklipniewska.pl\/?page_id=28","name":"komornik s\u0105dowy - wnioski do pobrania.","isPartOf":{"@id":"https:\/\/komorniklipniewska.pl\/#website"},"primaryImageOfPage":{"@id":"https:\/\/komorniklipniewska.pl\/?page_id=28#primaryimage"},"image":{"@id":"https:\/\/komorniklipniewska.pl\/?page_id=28#primaryimage"},"thumbnailUrl":"https:\/\/lukaszpakmur.000webhostapp.com\/wp-content\/uploads\/2020\/01\/wniosek-egekucyjny-1024x272.jpg","datePublished":"2019-12-27T18:32:06+00:00","dateModified":"2025-10-02T18:43:01+00:00","description":"Komornik S\u0105dowy przy S\u0105dzie Rejonowym w Bydgoszczy \u0141ukasz Pakmur - wzory wniosk\u00f3w do pobrania","breadcrumb":{"@id":"https:\/\/komorniklipniewska.pl\/?page_id=28#breadcrumb"},"inLanguage":"pl-PL","potentialAction":[{"@type":"ReadAction","target":["https:\/\/komorniklipniewska.pl\/?page_id=28"]}]},{"@type":"ImageObject","inLanguage":"pl-PL","@id":"https:\/\/komorniklipniewska.pl\/?page_id=28#primaryimage","url":"https:\/\/lukaszpakmur.000webhostapp.com\/wp-content\/uploads\/2020\/01\/wniosek-egekucyjny-1024x272.jpg","contentUrl":"https:\/\/lukaszpakmur.000webhostapp.com\/wp-content\/uploads\/2020\/01\/wniosek-egekucyjny-1024x272.jpg"},{"@type":"BreadcrumbList","@id":"https:\/\/komorniklipniewska.pl\/?page_id=28#breadcrumb","itemListElement":[{"@type":"ListItem","position":1,"name":"Strona g\u0142\u00f3wna","item":"https:\/\/komorniklipniewska.pl\/"},{"@type":"ListItem","position":2,"name":"Dokumenty"}]},{"@type":"WebSite","@id":"https:\/\/komorniklipniewska.pl\/#website","url":"https:\/\/komorniklipniewska.pl\/","name":"Komornik S\u0105dowy Grudzi\u0105dz","description":"Komornik S\u0105dowy Grudzi\u0105dz","publisher":{"@id":"https:\/\/komorniklipniewska.pl\/#organization"},"potentialAction":[{"@type":"SearchAction","target":{"@type":"EntryPoint","urlTemplate":"https:\/\/komorniklipniewska.pl\/?s={search_term_string}"},"query-input":"required name=search_term_string"}],"inLanguage":"pl-PL"},{"@type":"Organization","@id":"https:\/\/komorniklipniewska.pl\/#organization","name":"Komornik S\u0105dowy przy S\u0105dzie Rejonowym w Bydgoszczy \u0141ukasz Pakmur","url":"https:\/\/komorniklipniewska.pl\/","logo":{"@type":"ImageObject","inLanguage":"pl-PL","@id":"https:\/\/komorniklipniewska.pl\/#\/schema\/logo\/image\/","url":"https:\/\/komorniklipniewska.pl\/wp-content\/uploads\/2020\/11\/komornik-pakmur-scaled.jpg","contentUrl":"https:\/\/komorniklipniewska.pl\/wp-content\/uploads\/2020\/11\/komornik-pakmur-scaled.jpg","width":1707,"height":2560,"caption":"Komornik S\u0105dowy przy S\u0105dzie Rejonowym w Bydgoszczy \u0141ukasz Pakmur"},"image":{"@id":"https:\/\/komorniklipniewska.pl\/#\/schema\/logo\/image\/"},"sameAs":["https:\/\/www.facebook.com\/komornikpakmur\/?view_public_for=100838511533625","https:\/\/www.linkedin.com\/in\/\u0142ukasz-pakmur-b24b92101\/"]}]}},"_links":{"self":[{"href":"https:\/\/komorniklipniewska.pl\/index.php?rest_route=\/wp\/v2\/pages\/28","targetHints":{"allow":["GET"]}}],"collection":[{"href":"https:\/\/komorniklipniewska.pl\/index.php?rest_route=\/wp\/v2\/pages"}],"about":[{"href":"https:\/\/komorniklipniewska.pl\/index.php?rest_route=\/wp\/v2\/types\/page"}],"author":[{"embeddable":true,"href":"https:\/\/komorniklipniewska.pl\/index.php?rest_route=\/wp\/v2\/users\/1"}],"replies":[{"embeddable":true,"href":"https:\/\/komorniklipniewska.pl\/index.php?rest_route=%2Fwp%2Fv2%2Fcomments&post=28"}],"version-history":[{"count":35,"href":"https:\/\/komorniklipniewska.pl\/index.php?rest_route=\/wp\/v2\/pages\/28\/revisions"}],"predecessor-version":[{"id":891,"href":"https:\/\/komorniklipniewska.pl\/index.php?rest_route=\/wp\/v2\/pages\/28\/revisions\/891"}],"wp:attachment":[{"href":"https:\/\/komorniklipniewska.pl\/index.php?rest_route=%2Fwp%2Fv2%2Fmedia&parent=28"}],"curies":[{"name":"wp","href":"https:\/\/api.w.org\/{rel}","templated":true}]}}