{"id":309,"date":"2021-03-06T21:29:16","date_gmt":"2021-03-06T20:29:16","guid":{"rendered":"https:\/\/komorniklipniewska.pl\/?page_id=309"},"modified":"2021-03-06T22:17:41","modified_gmt":"2021-03-06T21:17:41","slug":"informacje-dla-wierzycieli","status":"publish","type":"page","link":"https:\/\/komorniklipniewska.pl\/?page_id=309","title":{"rendered":"INFORMACJE DLA WIERZYCIELI"},"content":{"rendered":"\n<blockquote class=\"wp-block-quote is-layout-flow wp-block-quote-is-layout-flow\"><p><strong>Prior tempore, potrior iure <\/strong>&#8211; Pierwszy w czasie, lepszy w prawie<\/p><\/blockquote>\n\n\n\n<p>Wierzyciel, kt\u00f3ry jako pierwszy podejmuje czynno\u015bci prawne wobec d\u0142u\u017cnika, tylko czasami znajduje si\u0119 w lepszej sytuacji prawnej od pozosta\u0142ych wierzycieli, jednak prawie zawsze znajduje si\u0119 w lepszej sytuacji faktycznej.  <\/p>\n\n\n\n<p>Dla skuteczno\u015bci egzekucji czas ma kluczowe znaczenie, dlatego telefon kancelarii pozostaje aktywny tak\u017ce poza godzinami urz\u0119dowania a komornik podejmuje czynno\u015bci terenowe tak\u017ce w godzinach popo\u0142udniowych a nawet w weekendy i \u015bwi\u0119ta.<\/p>\n\n\n\n<p>Drugim najwa\u017cniejszym czynnikiem maj\u0105cym wp\u0142yw na skuteczno\u015b\u0107 egzekucji jest wiedza o maj\u0105tku d\u0142u\u017cnika. Najlepszym \u017ar\u00f3d\u0142em informacji o maj\u0105tku d\u0142u\u017cnika cz\u0119sto jest wierzyciel. Informacja o dodatkowych adresach wykonywania dzia\u0142alno\u015bci, rachunkach bankowych d\u0142u\u017cnika, jego kontrahentach czy przys\u0142uguj\u0105cych mu prawach maj\u0105tkowych bywa kluczem do odzyskania nale\u017cno\u015bci. <\/p>\n","protected":false},"excerpt":{"rendered":"<p>Prior tempore, potrior iure &#8211; Pierwszy w czasie, lepszy w prawie Wierzyciel, kt\u00f3ry jako pierwszy podejmuje czynno\u015bci prawne wobec d\u0142u\u017cnika, tylko czasami znajduje si\u0119 w lepszej sytuacji prawnej od pozosta\u0142ych wierzycieli, jednak prawie zawsze znajduje si\u0119 w lepszej sytuacji faktycznej. Dla skuteczno\u015bci egzekucji czas ma kluczowe znaczenie, dlatego telefon kancelarii pozostaje aktywny tak\u017ce poza godzinami &#8230; <a title=\"INFORMACJE DLA WIERZYCIELI\" class=\"read-more\" href=\"https:\/\/komorniklipniewska.pl\/?page_id=309\">Czytaj dalej <span class=\"screen-reader-text\">INFORMACJE DLA WIERZYCIELI<\/span><\/a><\/p>\n","protected":false},"author":1,"featured_media":0,"parent":0,"menu_order":0,"comment_status":"closed","ping_status":"closed","template":"","meta":{"_monsterinsights_skip_tracking":false,"_monsterinsights_sitenote_active":false,"_monsterinsights_sitenote_note":"","_monsterinsights_sitenote_category":0,"footnotes":""},"class_list":["post-309","page","type-page","status-publish"],"yoast_head":"<!-- This site is optimized with the Yoast SEO plugin v22.2 - https:\/\/yoast.com\/wordpress\/plugins\/seo\/ -->\n<title>INFORMACJE DLA WIERZYCIELI &#8211; Komornik S\u0105dowy Grudzi\u0105dz<\/title>\n<meta name=\"robots\" content=\"index, follow, max-snippet:-1, max-image-preview:large, max-video-preview:-1\" \/>\n<link rel=\"canonical\" href=\"https:\/\/komorniklipniewska.pl\/?page_id=309\" \/>\n<meta property=\"og:locale\" content=\"pl_PL\" \/>\n<meta property=\"og:type\" content=\"article\" \/>\n<meta property=\"og:title\" content=\"INFORMACJE DLA WIERZYCIELI &#8211; Komornik S\u0105dowy Grudzi\u0105dz\" \/>\n<meta property=\"og:description\" content=\"Prior tempore, potrior iure &#8211; Pierwszy w czasie, lepszy w prawie Wierzyciel, kt\u00f3ry jako pierwszy podejmuje czynno\u015bci prawne wobec d\u0142u\u017cnika, tylko czasami znajduje si\u0119 w lepszej sytuacji prawnej od pozosta\u0142ych wierzycieli, jednak prawie zawsze znajduje si\u0119 w lepszej sytuacji faktycznej. Dla skuteczno\u015bci egzekucji czas ma kluczowe znaczenie, dlatego telefon kancelarii pozostaje aktywny tak\u017ce poza godzinami ... Czytaj dalej INFORMACJE DLA WIERZYCIELI\" \/>\n<meta property=\"og:url\" content=\"https:\/\/komorniklipniewska.pl\/?page_id=309\" \/>\n<meta property=\"og:site_name\" content=\"Komornik S\u0105dowy Grudzi\u0105dz\" \/>\n<meta property=\"article:publisher\" content=\"https:\/\/www.facebook.com\/komornikpakmur\/?view_public_for=100838511533625\" \/>\n<meta property=\"article:modified_time\" content=\"2021-03-06T21:17:41+00:00\" \/>\n<meta name=\"twitter:card\" content=\"summary_large_image\" \/>\n<meta name=\"twitter:label1\" content=\"Szacowany czas czytania\" \/>\n\t<meta name=\"twitter:data1\" content=\"1 minuta\" \/>\n<script type=\"application\/ld+json\" class=\"yoast-schema-graph\">{\"@context\":\"https:\/\/schema.org\",\"@graph\":[{\"@type\":\"WebPage\",\"@id\":\"https:\/\/komorniklipniewska.pl\/?page_id=309\",\"url\":\"https:\/\/komorniklipniewska.pl\/?page_id=309\",\"name\":\"INFORMACJE DLA WIERZYCIELI &#8211; Komornik S\u0105dowy Grudzi\u0105dz\",\"isPartOf\":{\"@id\":\"https:\/\/komorniklipniewska.pl\/#website\"},\"datePublished\":\"2021-03-06T20:29:16+00:00\",\"dateModified\":\"2021-03-06T21:17:41+00:00\",\"breadcrumb\":{\"@id\":\"https:\/\/komorniklipniewska.pl\/?page_id=309#breadcrumb\"},\"inLanguage\":\"pl-PL\",\"potentialAction\":[{\"@type\":\"ReadAction\",\"target\":[\"https:\/\/komorniklipniewska.pl\/?page_id=309\"]}]},{\"@type\":\"BreadcrumbList\",\"@id\":\"https:\/\/komorniklipniewska.pl\/?page_id=309#breadcrumb\",\"itemListElement\":[{\"@type\":\"ListItem\",\"position\":1,\"name\":\"Strona g\u0142\u00f3wna\",\"item\":\"https:\/\/komorniklipniewska.pl\/\"},{\"@type\":\"ListItem\",\"position\":2,\"name\":\"INFORMACJE DLA WIERZYCIELI\"}]},{\"@type\":\"WebSite\",\"@id\":\"https:\/\/komorniklipniewska.pl\/#website\",\"url\":\"https:\/\/komorniklipniewska.pl\/\",\"name\":\"Komornik S\u0105dowy Grudzi\u0105dz\",\"description\":\"Komornik S\u0105dowy Grudzi\u0105dz\",\"publisher\":{\"@id\":\"https:\/\/komorniklipniewska.pl\/#organization\"},\"potentialAction\":[{\"@type\":\"SearchAction\",\"target\":{\"@type\":\"EntryPoint\",\"urlTemplate\":\"https:\/\/komorniklipniewska.pl\/?s={search_term_string}\"},\"query-input\":\"required name=search_term_string\"}],\"inLanguage\":\"pl-PL\"},{\"@type\":\"Organization\",\"@id\":\"https:\/\/komorniklipniewska.pl\/#organization\",\"name\":\"Komornik S\u0105dowy przy S\u0105dzie Rejonowym w Bydgoszczy \u0141ukasz Pakmur\",\"url\":\"https:\/\/komorniklipniewska.pl\/\",\"logo\":{\"@type\":\"ImageObject\",\"inLanguage\":\"pl-PL\",\"@id\":\"https:\/\/komorniklipniewska.pl\/#\/schema\/logo\/image\/\",\"url\":\"https:\/\/komorniklipniewska.pl\/wp-content\/uploads\/2020\/11\/komornik-pakmur-scaled.jpg\",\"contentUrl\":\"https:\/\/komorniklipniewska.pl\/wp-content\/uploads\/2020\/11\/komornik-pakmur-scaled.jpg\",\"width\":1707,\"height\":2560,\"caption\":\"Komornik S\u0105dowy przy S\u0105dzie Rejonowym w Bydgoszczy \u0141ukasz Pakmur\"},\"image\":{\"@id\":\"https:\/\/komorniklipniewska.pl\/#\/schema\/logo\/image\/\"},\"sameAs\":[\"https:\/\/www.facebook.com\/komornikpakmur\/?view_public_for=100838511533625\",\"https:\/\/www.linkedin.com\/in\/\u0142ukasz-pakmur-b24b92101\/\"]}]}<\/script>\n<!-- \/ Yoast SEO plugin. -->","yoast_head_json":{"title":"INFORMACJE DLA WIERZYCIELI &#8211; Komornik S\u0105dowy Grudzi\u0105dz","robots":{"index":"index","follow":"follow","max-snippet":"max-snippet:-1","max-image-preview":"max-image-preview:large","max-video-preview":"max-video-preview:-1"},"canonical":"https:\/\/komorniklipniewska.pl\/?page_id=309","og_locale":"pl_PL","og_type":"article","og_title":"INFORMACJE DLA WIERZYCIELI &#8211; Komornik S\u0105dowy Grudzi\u0105dz","og_description":"Prior tempore, potrior iure &#8211; Pierwszy w czasie, lepszy w prawie Wierzyciel, kt\u00f3ry jako pierwszy podejmuje czynno\u015bci prawne wobec d\u0142u\u017cnika, tylko czasami znajduje si\u0119 w lepszej sytuacji prawnej od pozosta\u0142ych wierzycieli, jednak prawie zawsze znajduje si\u0119 w lepszej sytuacji faktycznej. Dla skuteczno\u015bci egzekucji czas ma kluczowe znaczenie, dlatego telefon kancelarii pozostaje aktywny tak\u017ce poza godzinami ... Czytaj dalej INFORMACJE DLA WIERZYCIELI","og_url":"https:\/\/komorniklipniewska.pl\/?page_id=309","og_site_name":"Komornik S\u0105dowy Grudzi\u0105dz","article_publisher":"https:\/\/www.facebook.com\/komornikpakmur\/?view_public_for=100838511533625","article_modified_time":"2021-03-06T21:17:41+00:00","twitter_card":"summary_large_image","twitter_misc":{"Szacowany czas czytania":"1 minuta"},"schema":{"@context":"https:\/\/schema.org","@graph":[{"@type":"WebPage","@id":"https:\/\/komorniklipniewska.pl\/?page_id=309","url":"https:\/\/komorniklipniewska.pl\/?page_id=309","name":"INFORMACJE DLA WIERZYCIELI &#8211; Komornik S\u0105dowy Grudzi\u0105dz","isPartOf":{"@id":"https:\/\/komorniklipniewska.pl\/#website"},"datePublished":"2021-03-06T20:29:16+00:00","dateModified":"2021-03-06T21:17:41+00:00","breadcrumb":{"@id":"https:\/\/komorniklipniewska.pl\/?page_id=309#breadcrumb"},"inLanguage":"pl-PL","potentialAction":[{"@type":"ReadAction","target":["https:\/\/komorniklipniewska.pl\/?page_id=309"]}]},{"@type":"BreadcrumbList","@id":"https:\/\/komorniklipniewska.pl\/?page_id=309#breadcrumb","itemListElement":[{"@type":"ListItem","position":1,"name":"Strona g\u0142\u00f3wna","item":"https:\/\/komorniklipniewska.pl\/"},{"@type":"ListItem","position":2,"name":"INFORMACJE DLA WIERZYCIELI"}]},{"@type":"WebSite","@id":"https:\/\/komorniklipniewska.pl\/#website","url":"https:\/\/komorniklipniewska.pl\/","name":"Komornik S\u0105dowy Grudzi\u0105dz","description":"Komornik S\u0105dowy Grudzi\u0105dz","publisher":{"@id":"https:\/\/komorniklipniewska.pl\/#organization"},"potentialAction":[{"@type":"SearchAction","target":{"@type":"EntryPoint","urlTemplate":"https:\/\/komorniklipniewska.pl\/?s={search_term_string}"},"query-input":"required name=search_term_string"}],"inLanguage":"pl-PL"},{"@type":"Organization","@id":"https:\/\/komorniklipniewska.pl\/#organization","name":"Komornik S\u0105dowy przy S\u0105dzie Rejonowym w Bydgoszczy \u0141ukasz Pakmur","url":"https:\/\/komorniklipniewska.pl\/","logo":{"@type":"ImageObject","inLanguage":"pl-PL","@id":"https:\/\/komorniklipniewska.pl\/#\/schema\/logo\/image\/","url":"https:\/\/komorniklipniewska.pl\/wp-content\/uploads\/2020\/11\/komornik-pakmur-scaled.jpg","contentUrl":"https:\/\/komorniklipniewska.pl\/wp-content\/uploads\/2020\/11\/komornik-pakmur-scaled.jpg","width":1707,"height":2560,"caption":"Komornik S\u0105dowy przy S\u0105dzie Rejonowym w Bydgoszczy \u0141ukasz Pakmur"},"image":{"@id":"https:\/\/komorniklipniewska.pl\/#\/schema\/logo\/image\/"},"sameAs":["https:\/\/www.facebook.com\/komornikpakmur\/?view_public_for=100838511533625","https:\/\/www.linkedin.com\/in\/\u0142ukasz-pakmur-b24b92101\/"]}]}},"_links":{"self":[{"href":"https:\/\/komorniklipniewska.pl\/index.php?rest_route=\/wp\/v2\/pages\/309","targetHints":{"allow":["GET"]}}],"collection":[{"href":"https:\/\/komorniklipniewska.pl\/index.php?rest_route=\/wp\/v2\/pages"}],"about":[{"href":"https:\/\/komorniklipniewska.pl\/index.php?rest_route=\/wp\/v2\/types\/page"}],"author":[{"embeddable":true,"href":"https:\/\/komorniklipniewska.pl\/index.php?rest_route=\/wp\/v2\/users\/1"}],"replies":[{"embeddable":true,"href":"https:\/\/komorniklipniewska.pl\/index.php?rest_route=%2Fwp%2Fv2%2Fcomments&post=309"}],"version-history":[{"count":4,"href":"https:\/\/komorniklipniewska.pl\/index.php?rest_route=\/wp\/v2\/pages\/309\/revisions"}],"predecessor-version":[{"id":349,"href":"https:\/\/komorniklipniewska.pl\/index.php?rest_route=\/wp\/v2\/pages\/309\/revisions\/349"}],"wp:attachment":[{"href":"https:\/\/komorniklipniewska.pl\/index.php?rest_route=%2Fwp%2Fv2%2Fmedia&parent=309"}],"curies":[{"name":"wp","href":"https:\/\/api.w.org\/{rel}","templated":true}]}}