{"id":316,"date":"2021-03-07T07:02:06","date_gmt":"2021-03-07T06:02:06","guid":{"rendered":"https:\/\/komorniklipniewska.pl\/?page_id=316"},"modified":"2021-06-24T17:35:31","modified_gmt":"2021-06-24T15:35:31","slug":"informacje-dla-dluznikow","status":"publish","type":"page","link":"https:\/\/komorniklipniewska.pl\/?page_id=316","title":{"rendered":"INFORMACJE DLA D\u0141U\u017bNIK\u00d3W"},"content":{"rendered":"\n<blockquote class=\"wp-block-quote is-layout-flow wp-block-quote-is-layout-flow\"><p><strong>Volenti non fit iniuria<\/strong>&nbsp;&#8211; Chc\u0105cemu nie dzieje si\u0119 krzywda<\/p><\/blockquote>\n\n\n\n<p>To w jaki spos\u00f3b b\u0119dzie przebiega\u0142o post\u0119powanie egzekucyjne w du\u017cej mierze zale\u017cy od d\u0142u\u017cnika.<\/p>\n\n\n\n<p>D\u0142u\u017cnik na ka\u017cdym etapie post\u0119powania egzekucyjnego mo\u017ce spe\u0142ni\u0107 \u015bwiadczenie do r\u0105k komornika, kt\u00f3re ten ma obowi\u0105zek przyj\u0105\u0107. Pokwitowanie komornika ma taki sam skutek jak pokwitowanie wierzyciela. Spe\u0142nienie zas\u0105dzonego \u015bwiadczenia wraz z powsta\u0142ymi kosztami ko\u0144czy post\u0119powanie egzekucyjne. Tak\u017ce, na ka\u017cdym etapie post\u0119powania egzekucyjnego d\u0142u\u017cnik mo\u017ce z wierzycielem zawrze\u0107 porozumienie, dotycz\u0105ce sp\u0142aty zad\u0142u\u017cenia i wstrzymania czynno\u015bci egzekucyjnych.<\/p>\n\n\n\n<p>D\u0142u\u017cnik obowi\u0105zany jest do powiadomienia organu egzekucyjnego o ka\u017cdej zmianie miejsca swego pobytu, trwaj\u0105cej d\u0142u\u017cej ni\u017c jeden miesi\u0105c. W razie zaniedbania tego obowi\u0105zku pismo s\u0105dowe pozostawia si\u0119 w aktach sprawy ze skutkiem dor\u0119czenia a d\u0142u\u017cnik mo\u017ce zosta\u0107 ukarany grzywn\u0105. <\/p>\n\n\n\n<p><a href=\"https:\/\/komorniklipniewska.pl\/\">Komornik<\/a> mo\u017ce na d\u0142u\u017cnika na\u0142o\u017cy\u0107 obowi\u0105zek z\u0142o\u017cenia wykazu maj\u0105tku. D\u0142u\u017cnik, kt\u00f3ry bez usprawiedliwionej przyczyny nie z\u0142o\u017cy wykazu maj\u0105tku wraz z o\u015bwiadczeniem o jego prawdziwo\u015bci i zupe\u0142no\u015bci albo nie udzieli odpowiedzi na zadane mu pytanie mo\u017ce zosta\u0107 ukarany grzywn\u0105 a nawet zosta\u0107 przymusowo doprowadzony do kancelarii celem z\u0142o\u017cenia tego wykazu. <\/p>\n","protected":false},"excerpt":{"rendered":"<p>Volenti non fit iniuria&nbsp;&#8211; Chc\u0105cemu nie dzieje si\u0119 krzywda To w jaki spos\u00f3b b\u0119dzie przebiega\u0142o post\u0119powanie egzekucyjne w du\u017cej mierze zale\u017cy od d\u0142u\u017cnika. D\u0142u\u017cnik na ka\u017cdym etapie post\u0119powania egzekucyjnego mo\u017ce spe\u0142ni\u0107 \u015bwiadczenie do r\u0105k komornika, kt\u00f3re ten ma obowi\u0105zek przyj\u0105\u0107. Pokwitowanie komornika ma taki sam skutek jak pokwitowanie wierzyciela. Spe\u0142nienie zas\u0105dzonego \u015bwiadczenia wraz z powsta\u0142ymi &#8230; <a title=\"INFORMACJE DLA D\u0141U\u017bNIK\u00d3W\" class=\"read-more\" href=\"https:\/\/komorniklipniewska.pl\/?page_id=316\">Czytaj dalej <span class=\"screen-reader-text\">INFORMACJE DLA D\u0141U\u017bNIK\u00d3W<\/span><\/a><\/p>\n","protected":false},"author":1,"featured_media":0,"parent":0,"menu_order":0,"comment_status":"closed","ping_status":"closed","template":"","meta":{"_monsterinsights_skip_tracking":false,"_monsterinsights_sitenote_active":false,"_monsterinsights_sitenote_note":"","_monsterinsights_sitenote_category":0,"footnotes":""},"class_list":["post-316","page","type-page","status-publish"],"yoast_head":"<!-- This site is optimized with the Yoast SEO plugin v22.2 - https:\/\/yoast.com\/wordpress\/plugins\/seo\/ -->\n<title>INFORMACJE DLA D\u0141U\u017bNIK\u00d3W &#8211; Komornik S\u0105dowy Grudzi\u0105dz<\/title>\n<meta name=\"robots\" content=\"index, follow, max-snippet:-1, max-image-preview:large, max-video-preview:-1\" \/>\n<link rel=\"canonical\" href=\"https:\/\/komorniklipniewska.pl\/?page_id=316\" \/>\n<meta property=\"og:locale\" content=\"pl_PL\" \/>\n<meta property=\"og:type\" content=\"article\" \/>\n<meta property=\"og:title\" content=\"INFORMACJE DLA D\u0141U\u017bNIK\u00d3W &#8211; Komornik S\u0105dowy Grudzi\u0105dz\" \/>\n<meta property=\"og:description\" content=\"Volenti non fit iniuria&nbsp;&#8211; Chc\u0105cemu nie dzieje si\u0119 krzywda To w jaki spos\u00f3b b\u0119dzie przebiega\u0142o post\u0119powanie egzekucyjne w du\u017cej mierze zale\u017cy od d\u0142u\u017cnika. D\u0142u\u017cnik na ka\u017cdym etapie post\u0119powania egzekucyjnego mo\u017ce spe\u0142ni\u0107 \u015bwiadczenie do r\u0105k komornika, kt\u00f3re ten ma obowi\u0105zek przyj\u0105\u0107. Pokwitowanie komornika ma taki sam skutek jak pokwitowanie wierzyciela. Spe\u0142nienie zas\u0105dzonego \u015bwiadczenia wraz z powsta\u0142ymi ... Czytaj dalej INFORMACJE DLA D\u0141U\u017bNIK\u00d3W\" \/>\n<meta property=\"og:url\" content=\"https:\/\/komorniklipniewska.pl\/?page_id=316\" \/>\n<meta property=\"og:site_name\" content=\"Komornik S\u0105dowy Grudzi\u0105dz\" \/>\n<meta property=\"article:publisher\" content=\"https:\/\/www.facebook.com\/komornikpakmur\/?view_public_for=100838511533625\" \/>\n<meta property=\"article:modified_time\" content=\"2021-06-24T15:35:31+00:00\" \/>\n<meta name=\"twitter:card\" content=\"summary_large_image\" \/>\n<meta name=\"twitter:label1\" content=\"Szacowany czas czytania\" \/>\n\t<meta name=\"twitter:data1\" content=\"1 minuta\" \/>\n<script type=\"application\/ld+json\" class=\"yoast-schema-graph\">{\"@context\":\"https:\/\/schema.org\",\"@graph\":[{\"@type\":\"WebPage\",\"@id\":\"https:\/\/komorniklipniewska.pl\/?page_id=316\",\"url\":\"https:\/\/komorniklipniewska.pl\/?page_id=316\",\"name\":\"INFORMACJE DLA D\u0141U\u017bNIK\u00d3W &#8211; Komornik S\u0105dowy Grudzi\u0105dz\",\"isPartOf\":{\"@id\":\"https:\/\/komorniklipniewska.pl\/#website\"},\"datePublished\":\"2021-03-07T06:02:06+00:00\",\"dateModified\":\"2021-06-24T15:35:31+00:00\",\"breadcrumb\":{\"@id\":\"https:\/\/komorniklipniewska.pl\/?page_id=316#breadcrumb\"},\"inLanguage\":\"pl-PL\",\"potentialAction\":[{\"@type\":\"ReadAction\",\"target\":[\"https:\/\/komorniklipniewska.pl\/?page_id=316\"]}]},{\"@type\":\"BreadcrumbList\",\"@id\":\"https:\/\/komorniklipniewska.pl\/?page_id=316#breadcrumb\",\"itemListElement\":[{\"@type\":\"ListItem\",\"position\":1,\"name\":\"Strona g\u0142\u00f3wna\",\"item\":\"https:\/\/komorniklipniewska.pl\/\"},{\"@type\":\"ListItem\",\"position\":2,\"name\":\"INFORMACJE DLA D\u0141U\u017bNIK\u00d3W\"}]},{\"@type\":\"WebSite\",\"@id\":\"https:\/\/komorniklipniewska.pl\/#website\",\"url\":\"https:\/\/komorniklipniewska.pl\/\",\"name\":\"Komornik S\u0105dowy Grudzi\u0105dz\",\"description\":\"Komornik S\u0105dowy Grudzi\u0105dz\",\"publisher\":{\"@id\":\"https:\/\/komorniklipniewska.pl\/#organization\"},\"potentialAction\":[{\"@type\":\"SearchAction\",\"target\":{\"@type\":\"EntryPoint\",\"urlTemplate\":\"https:\/\/komorniklipniewska.pl\/?s={search_term_string}\"},\"query-input\":\"required name=search_term_string\"}],\"inLanguage\":\"pl-PL\"},{\"@type\":\"Organization\",\"@id\":\"https:\/\/komorniklipniewska.pl\/#organization\",\"name\":\"Komornik S\u0105dowy przy S\u0105dzie Rejonowym w Bydgoszczy \u0141ukasz Pakmur\",\"url\":\"https:\/\/komorniklipniewska.pl\/\",\"logo\":{\"@type\":\"ImageObject\",\"inLanguage\":\"pl-PL\",\"@id\":\"https:\/\/komorniklipniewska.pl\/#\/schema\/logo\/image\/\",\"url\":\"https:\/\/komorniklipniewska.pl\/wp-content\/uploads\/2020\/11\/komornik-pakmur-scaled.jpg\",\"contentUrl\":\"https:\/\/komorniklipniewska.pl\/wp-content\/uploads\/2020\/11\/komornik-pakmur-scaled.jpg\",\"width\":1707,\"height\":2560,\"caption\":\"Komornik S\u0105dowy przy S\u0105dzie Rejonowym w Bydgoszczy \u0141ukasz Pakmur\"},\"image\":{\"@id\":\"https:\/\/komorniklipniewska.pl\/#\/schema\/logo\/image\/\"},\"sameAs\":[\"https:\/\/www.facebook.com\/komornikpakmur\/?view_public_for=100838511533625\",\"https:\/\/www.linkedin.com\/in\/\u0142ukasz-pakmur-b24b92101\/\"]}]}<\/script>\n<!-- \/ Yoast SEO plugin. -->","yoast_head_json":{"title":"INFORMACJE DLA D\u0141U\u017bNIK\u00d3W &#8211; Komornik S\u0105dowy Grudzi\u0105dz","robots":{"index":"index","follow":"follow","max-snippet":"max-snippet:-1","max-image-preview":"max-image-preview:large","max-video-preview":"max-video-preview:-1"},"canonical":"https:\/\/komorniklipniewska.pl\/?page_id=316","og_locale":"pl_PL","og_type":"article","og_title":"INFORMACJE DLA D\u0141U\u017bNIK\u00d3W &#8211; Komornik S\u0105dowy Grudzi\u0105dz","og_description":"Volenti non fit iniuria&nbsp;&#8211; Chc\u0105cemu nie dzieje si\u0119 krzywda To w jaki spos\u00f3b b\u0119dzie przebiega\u0142o post\u0119powanie egzekucyjne w du\u017cej mierze zale\u017cy od d\u0142u\u017cnika. D\u0142u\u017cnik na ka\u017cdym etapie post\u0119powania egzekucyjnego mo\u017ce spe\u0142ni\u0107 \u015bwiadczenie do r\u0105k komornika, kt\u00f3re ten ma obowi\u0105zek przyj\u0105\u0107. Pokwitowanie komornika ma taki sam skutek jak pokwitowanie wierzyciela. Spe\u0142nienie zas\u0105dzonego \u015bwiadczenia wraz z powsta\u0142ymi ... Czytaj dalej INFORMACJE DLA D\u0141U\u017bNIK\u00d3W","og_url":"https:\/\/komorniklipniewska.pl\/?page_id=316","og_site_name":"Komornik S\u0105dowy Grudzi\u0105dz","article_publisher":"https:\/\/www.facebook.com\/komornikpakmur\/?view_public_for=100838511533625","article_modified_time":"2021-06-24T15:35:31+00:00","twitter_card":"summary_large_image","twitter_misc":{"Szacowany czas czytania":"1 minuta"},"schema":{"@context":"https:\/\/schema.org","@graph":[{"@type":"WebPage","@id":"https:\/\/komorniklipniewska.pl\/?page_id=316","url":"https:\/\/komorniklipniewska.pl\/?page_id=316","name":"INFORMACJE DLA D\u0141U\u017bNIK\u00d3W &#8211; Komornik S\u0105dowy Grudzi\u0105dz","isPartOf":{"@id":"https:\/\/komorniklipniewska.pl\/#website"},"datePublished":"2021-03-07T06:02:06+00:00","dateModified":"2021-06-24T15:35:31+00:00","breadcrumb":{"@id":"https:\/\/komorniklipniewska.pl\/?page_id=316#breadcrumb"},"inLanguage":"pl-PL","potentialAction":[{"@type":"ReadAction","target":["https:\/\/komorniklipniewska.pl\/?page_id=316"]}]},{"@type":"BreadcrumbList","@id":"https:\/\/komorniklipniewska.pl\/?page_id=316#breadcrumb","itemListElement":[{"@type":"ListItem","position":1,"name":"Strona g\u0142\u00f3wna","item":"https:\/\/komorniklipniewska.pl\/"},{"@type":"ListItem","position":2,"name":"INFORMACJE DLA D\u0141U\u017bNIK\u00d3W"}]},{"@type":"WebSite","@id":"https:\/\/komorniklipniewska.pl\/#website","url":"https:\/\/komorniklipniewska.pl\/","name":"Komornik S\u0105dowy Grudzi\u0105dz","description":"Komornik S\u0105dowy Grudzi\u0105dz","publisher":{"@id":"https:\/\/komorniklipniewska.pl\/#organization"},"potentialAction":[{"@type":"SearchAction","target":{"@type":"EntryPoint","urlTemplate":"https:\/\/komorniklipniewska.pl\/?s={search_term_string}"},"query-input":"required name=search_term_string"}],"inLanguage":"pl-PL"},{"@type":"Organization","@id":"https:\/\/komorniklipniewska.pl\/#organization","name":"Komornik S\u0105dowy przy S\u0105dzie Rejonowym w Bydgoszczy \u0141ukasz Pakmur","url":"https:\/\/komorniklipniewska.pl\/","logo":{"@type":"ImageObject","inLanguage":"pl-PL","@id":"https:\/\/komorniklipniewska.pl\/#\/schema\/logo\/image\/","url":"https:\/\/komorniklipniewska.pl\/wp-content\/uploads\/2020\/11\/komornik-pakmur-scaled.jpg","contentUrl":"https:\/\/komorniklipniewska.pl\/wp-content\/uploads\/2020\/11\/komornik-pakmur-scaled.jpg","width":1707,"height":2560,"caption":"Komornik S\u0105dowy przy S\u0105dzie Rejonowym w Bydgoszczy \u0141ukasz Pakmur"},"image":{"@id":"https:\/\/komorniklipniewska.pl\/#\/schema\/logo\/image\/"},"sameAs":["https:\/\/www.facebook.com\/komornikpakmur\/?view_public_for=100838511533625","https:\/\/www.linkedin.com\/in\/\u0142ukasz-pakmur-b24b92101\/"]}]}},"_links":{"self":[{"href":"https:\/\/komorniklipniewska.pl\/index.php?rest_route=\/wp\/v2\/pages\/316","targetHints":{"allow":["GET"]}}],"collection":[{"href":"https:\/\/komorniklipniewska.pl\/index.php?rest_route=\/wp\/v2\/pages"}],"about":[{"href":"https:\/\/komorniklipniewska.pl\/index.php?rest_route=\/wp\/v2\/types\/page"}],"author":[{"embeddable":true,"href":"https:\/\/komorniklipniewska.pl\/index.php?rest_route=\/wp\/v2\/users\/1"}],"replies":[{"embeddable":true,"href":"https:\/\/komorniklipniewska.pl\/index.php?rest_route=%2Fwp%2Fv2%2Fcomments&post=316"}],"version-history":[{"count":6,"href":"https:\/\/komorniklipniewska.pl\/index.php?rest_route=\/wp\/v2\/pages\/316\/revisions"}],"predecessor-version":[{"id":562,"href":"https:\/\/komorniklipniewska.pl\/index.php?rest_route=\/wp\/v2\/pages\/316\/revisions\/562"}],"wp:attachment":[{"href":"https:\/\/komorniklipniewska.pl\/index.php?rest_route=%2Fwp%2Fv2%2Fmedia&parent=316"}],"curies":[{"name":"wp","href":"https:\/\/api.w.org\/{rel}","templated":true}]}}