{"id":350,"date":"2021-03-06T22:20:26","date_gmt":"2021-03-06T21:20:26","guid":{"rendered":"https:\/\/komorniklipniewska.pl\/?page_id=350"},"modified":"2022-03-07T14:11:56","modified_gmt":"2022-03-07T13:11:56","slug":"co-kazdy-powinien-wiedziec-o-pracy-komornika","status":"publish","type":"page","link":"https:\/\/komorniklipniewska.pl\/?page_id=350","title":{"rendered":"CO NALE\u017bY WIEDZIE\u0106 O PRACY KOMORNIKA"},"content":{"rendered":"\n<h2 class=\"has-text-align-center wp-block-heading\"><strong>Co ka\u017cdy powinien wiedzie\u0107 o pracy komornika s\u0105dowego?<\/strong><\/h2>\n\n\n\n<p>Komornik s\u0105dowy jest <strong><a href=\"https:\/\/komorniklipniewska.pl\/kim-jest-komornik-sadowy\">funkcjonariuszem publicznym<\/a><\/strong>, kt\u00f3ry  przy wykonywaniu powierzonych mu obowi\u0105zk\u00f3w  kieruje si\u0119 dobrem wymiaru sprawiedliwo\u015bci oraz interesem publicznym. <a href=\"https:\/\/komorniklipniewska.pl\/\">Komornik s\u0105dowy<\/a> podlega nadzorowi s\u0105du rejonowego przy kt\u00f3rym dzia\u0142a oraz prezesa tego\u017c s\u0105du. Podstaw\u0105 prowadzonych przez komornika post\u0119powa\u0144 egzekucyjnych jest <strong><a href=\"https:\/\/komorniklipniewska.pl\/wp-admin\/post.php?post=325&amp;action=edit\">wniosek wierzyciela<\/a><\/strong> oraz <strong><a href=\"https:\/\/komorniklipniewska.pl\/wp-admin\/post.php?post=327&amp;action=edit\">tytu\u0142 wykonawczy<\/a><\/strong> (np. wyrok b\u0105d\u017a wydany przez s\u0105d nakaz zap\u0142aty). Dysponentem post\u0119powania egzekucyjnego jest wierzyciel, a komornik zobligowany jest prowadzi\u0107 post\u0119powanie zgodnie z jego wnioskami w granicach wytyczonych przez tre\u015b\u0107 tytu\u0142u wykonawczego oraz przepisy prawa.   <\/p>\n\n\n\n<p>W post\u0119powaniu egzekucyjnym<strong> wnioski oraz o\u015bwiadczenia<\/strong> sk\u0142ada si\u0119 komornikowi <strong>na pi\u015bmie b\u0105d\u017a ustnie do protoko\u0142u<\/strong>. <\/p>\n\n\n\n<h2 class=\"has-text-align-center wp-block-heading\">Jakie uprawnienia ma komornik s\u0105dowy?<\/h2>\n\n\n\n<p>Komornik zosta\u0142 wyposa\u017cony w <strong>prawo \u017c\u0105dania udzielenia informacji <\/strong>niezb\u0119dnych do prawid\u0142owego przeprowadzenia post\u0119powania. Komornik swoje \u017c\u0105danie mo\u017ce kierowa\u0107 do ka\u017cdego kto mo\u017ce posiada\u0107 niezb\u0119dne informacji w tym m.in. do s\u0105siad\u00f3w d\u0142u\u017cnika. Za odmow\u0119 udzielenia informacji b\u0105d\u017a udzielenie informacji \u015bwiadomie fa\u0142szywych osoba odpowiedzialna mo\u017ce zosta\u0107 ukarana <strong>grzywn\u0105 <\/strong>(art. 761 i 762 kodeksu post\u0119powania cywilnego)<\/p>\n\n\n\n<p>Ponadto komornik posiada uprawnienie do <strong>legitymowania os\u00f3b w celu ustalenia ich to\u017csamo\u015bci<\/strong> (art. 29 ustawy o komornikach s\u0105dowych) a odmowa udzielenia dokument\u00f3w niezb\u0119dnych do ustalenia to\u017csamo\u015bci podlega karze ograniczenia wolno\u015bci albo grzywny (art. 65 kodeksu wykrocze\u0144)<\/p>\n\n\n\n<p>Komornik s\u0105dowy mo\u017ce dokona\u0107 <strong>przymusowego otwarcia i przeszukania mieszkania <\/strong>oraz innych pomieszcze\u0144 i schowk\u00f3w d\u0142u\u017cnika oraz przeszukania odzie\u017cy, kt\u00f3r\u0105 d\u0142u\u017cnik ma na sobie (art. 814 kodeksu post\u0119powania cywilnego)<\/p>\n\n\n\n<div class=\"wp-block-image\"><figure class=\"aligncenter size-large\"><img loading=\"lazy\" decoding=\"async\" width=\"622\" height=\"1024\" src=\"https:\/\/komorniklipniewska.pl\/wp-content\/uploads\/2022\/01\/infografika-uprawnienia-komornika-622x1024.jpg\" alt=\"\" class=\"wp-image-629\" srcset=\"https:\/\/komorniklipniewska.pl\/wp-content\/uploads\/2022\/01\/infografika-uprawnienia-komornika-622x1024.jpg 622w, https:\/\/komorniklipniewska.pl\/wp-content\/uploads\/2022\/01\/infografika-uprawnienia-komornika-182x300.jpg 182w, https:\/\/komorniklipniewska.pl\/wp-content\/uploads\/2022\/01\/infografika-uprawnienia-komornika-768x1265.jpg 768w, https:\/\/komorniklipniewska.pl\/wp-content\/uploads\/2022\/01\/infografika-uprawnienia-komornika.jpg 816w\" sizes=\"auto, (max-width: 622px) 100vw, 622px\" \/><\/figure><\/div>\n\n\n\n<h2 class=\"has-text-align-center wp-block-heading\">Sk\u0105d wiedzie\u0107, \u017ce mamy do czynienia z komornikiem s\u0105dowym ?<\/h2>\n\n\n\n<p>Podczas czynno\u015bci podejmowanych poza kancelari\u0105 komornik zobowi\u0105zany jest okaza\u0107 sw\u00f3j <strong>identyfikator<\/strong> zawieraj\u0105cy imi\u0119, nazwisko, zdj\u0119cie oraz oznaczenie s\u0105du przy kt\u00f3rym dzia\u0142a. Czy dana osoba pe\u0142ni funkcj\u0119 komornika s\u0105dowego mo\u017cna r\u00f3wnie\u017c sprawdzi\u0107 w rejestrze komornik\u00f3w. <br><strong>Rejestr komornik\u00f3w s\u0105dowych<\/strong> dost\u0119pny jest na stronie<a href=\"https:\/\/www.gov.pl\/web\/sprawiedliwosc\/znajdz-komornika-sadowego\" rel=\"nofollow\"> Ministerstwa Sprawiedliwo\u015bci<\/a>, <a href=\"https:\/\/www.komornik.pl\/?page_id=195\" rel=\"nofollow\">Krajowej Rady Komorniczej<\/a> oraz w\u0142a\u015bciwych s\u0105d\u00f3w rejonowych.<\/p>\n\n\n<p><!--EndFragment--><\/p>\n\n\n<p><\/p>\n","protected":false},"excerpt":{"rendered":"<p>Co ka\u017cdy powinien wiedzie\u0107 o pracy komornika s\u0105dowego? Komornik s\u0105dowy jest funkcjonariuszem publicznym, kt\u00f3ry przy wykonywaniu powierzonych mu obowi\u0105zk\u00f3w kieruje si\u0119 dobrem wymiaru sprawiedliwo\u015bci oraz interesem publicznym. Komornik s\u0105dowy podlega nadzorowi s\u0105du rejonowego przy kt\u00f3rym dzia\u0142a oraz prezesa tego\u017c s\u0105du. Podstaw\u0105 prowadzonych przez komornika post\u0119powa\u0144 egzekucyjnych jest wniosek wierzyciela oraz tytu\u0142 wykonawczy (np. wyrok b\u0105d\u017a &#8230; <a title=\"CO NALE\u017bY WIEDZIE\u0106 O PRACY KOMORNIKA\" class=\"read-more\" href=\"https:\/\/komorniklipniewska.pl\/?page_id=350\">Czytaj dalej <span class=\"screen-reader-text\">CO NALE\u017bY WIEDZIE\u0106 O PRACY KOMORNIKA<\/span><\/a><\/p>\n","protected":false},"author":1,"featured_media":0,"parent":0,"menu_order":0,"comment_status":"closed","ping_status":"closed","template":"","meta":{"_monsterinsights_skip_tracking":false,"_monsterinsights_sitenote_active":false,"_monsterinsights_sitenote_note":"","_monsterinsights_sitenote_category":0,"footnotes":""},"class_list":["post-350","page","type-page","status-publish"],"yoast_head":"<!-- This site is optimized with the Yoast SEO plugin v22.2 - https:\/\/yoast.com\/wordpress\/plugins\/seo\/ -->\n<title>CO NALE\u017bY WIEDZIE\u0106 O PRACY KOMORNIKA &#8211; Komornik S\u0105dowy Grudzi\u0105dz<\/title>\n<meta name=\"robots\" content=\"index, follow, max-snippet:-1, max-image-preview:large, max-video-preview:-1\" \/>\n<link rel=\"canonical\" href=\"https:\/\/komorniklipniewska.pl\/?page_id=350\" \/>\n<meta property=\"og:locale\" content=\"pl_PL\" \/>\n<meta property=\"og:type\" content=\"article\" \/>\n<meta property=\"og:title\" content=\"CO NALE\u017bY WIEDZIE\u0106 O PRACY KOMORNIKA &#8211; Komornik S\u0105dowy Grudzi\u0105dz\" \/>\n<meta property=\"og:description\" content=\"Co ka\u017cdy powinien wiedzie\u0107 o pracy komornika s\u0105dowego? Komornik s\u0105dowy jest funkcjonariuszem publicznym, kt\u00f3ry przy wykonywaniu powierzonych mu obowi\u0105zk\u00f3w kieruje si\u0119 dobrem wymiaru sprawiedliwo\u015bci oraz interesem publicznym. Komornik s\u0105dowy podlega nadzorowi s\u0105du rejonowego przy kt\u00f3rym dzia\u0142a oraz prezesa tego\u017c s\u0105du. Podstaw\u0105 prowadzonych przez komornika post\u0119powa\u0144 egzekucyjnych jest wniosek wierzyciela oraz tytu\u0142 wykonawczy (np. wyrok b\u0105d\u017a ... Czytaj dalej CO NALE\u017bY WIEDZIE\u0106 O PRACY KOMORNIKA\" \/>\n<meta property=\"og:url\" content=\"https:\/\/komorniklipniewska.pl\/?page_id=350\" \/>\n<meta property=\"og:site_name\" content=\"Komornik S\u0105dowy Grudzi\u0105dz\" \/>\n<meta property=\"article:publisher\" content=\"https:\/\/www.facebook.com\/komornikpakmur\/?view_public_for=100838511533625\" \/>\n<meta property=\"article:modified_time\" content=\"2022-03-07T13:11:56+00:00\" \/>\n<meta property=\"og:image\" content=\"https:\/\/komorniklipniewska.pl\/wp-content\/uploads\/2022\/01\/infografika-uprawnienia-komornika-622x1024.jpg\" \/>\n<meta name=\"twitter:card\" content=\"summary_large_image\" \/>\n<meta name=\"twitter:label1\" content=\"Szacowany czas czytania\" \/>\n\t<meta name=\"twitter:data1\" content=\"2 minuty\" \/>\n<script type=\"application\/ld+json\" class=\"yoast-schema-graph\">{\"@context\":\"https:\/\/schema.org\",\"@graph\":[{\"@type\":\"WebPage\",\"@id\":\"https:\/\/komorniklipniewska.pl\/?page_id=350\",\"url\":\"https:\/\/komorniklipniewska.pl\/?page_id=350\",\"name\":\"CO NALE\u017bY WIEDZIE\u0106 O PRACY KOMORNIKA &#8211; Komornik S\u0105dowy Grudzi\u0105dz\",\"isPartOf\":{\"@id\":\"https:\/\/komorniklipniewska.pl\/#website\"},\"primaryImageOfPage\":{\"@id\":\"https:\/\/komorniklipniewska.pl\/?page_id=350#primaryimage\"},\"image\":{\"@id\":\"https:\/\/komorniklipniewska.pl\/?page_id=350#primaryimage\"},\"thumbnailUrl\":\"https:\/\/komorniklipniewska.pl\/wp-content\/uploads\/2022\/01\/infografika-uprawnienia-komornika-622x1024.jpg\",\"datePublished\":\"2021-03-06T21:20:26+00:00\",\"dateModified\":\"2022-03-07T13:11:56+00:00\",\"breadcrumb\":{\"@id\":\"https:\/\/komorniklipniewska.pl\/?page_id=350#breadcrumb\"},\"inLanguage\":\"pl-PL\",\"potentialAction\":[{\"@type\":\"ReadAction\",\"target\":[\"https:\/\/komorniklipniewska.pl\/?page_id=350\"]}]},{\"@type\":\"ImageObject\",\"inLanguage\":\"pl-PL\",\"@id\":\"https:\/\/komorniklipniewska.pl\/?page_id=350#primaryimage\",\"url\":\"https:\/\/komorniklipniewska.pl\/wp-content\/uploads\/2022\/01\/infografika-uprawnienia-komornika.jpg\",\"contentUrl\":\"https:\/\/komorniklipniewska.pl\/wp-content\/uploads\/2022\/01\/infografika-uprawnienia-komornika.jpg\",\"width\":816,\"height\":1344},{\"@type\":\"BreadcrumbList\",\"@id\":\"https:\/\/komorniklipniewska.pl\/?page_id=350#breadcrumb\",\"itemListElement\":[{\"@type\":\"ListItem\",\"position\":1,\"name\":\"Strona g\u0142\u00f3wna\",\"item\":\"https:\/\/komorniklipniewska.pl\/\"},{\"@type\":\"ListItem\",\"position\":2,\"name\":\"CO NALE\u017bY WIEDZIE\u0106 O PRACY KOMORNIKA\"}]},{\"@type\":\"WebSite\",\"@id\":\"https:\/\/komorniklipniewska.pl\/#website\",\"url\":\"https:\/\/komorniklipniewska.pl\/\",\"name\":\"Komornik S\u0105dowy Grudzi\u0105dz\",\"description\":\"Komornik S\u0105dowy Grudzi\u0105dz\",\"publisher\":{\"@id\":\"https:\/\/komorniklipniewska.pl\/#organization\"},\"potentialAction\":[{\"@type\":\"SearchAction\",\"target\":{\"@type\":\"EntryPoint\",\"urlTemplate\":\"https:\/\/komorniklipniewska.pl\/?s={search_term_string}\"},\"query-input\":\"required name=search_term_string\"}],\"inLanguage\":\"pl-PL\"},{\"@type\":\"Organization\",\"@id\":\"https:\/\/komorniklipniewska.pl\/#organization\",\"name\":\"Komornik S\u0105dowy przy S\u0105dzie Rejonowym w Bydgoszczy \u0141ukasz Pakmur\",\"url\":\"https:\/\/komorniklipniewska.pl\/\",\"logo\":{\"@type\":\"ImageObject\",\"inLanguage\":\"pl-PL\",\"@id\":\"https:\/\/komorniklipniewska.pl\/#\/schema\/logo\/image\/\",\"url\":\"https:\/\/komorniklipniewska.pl\/wp-content\/uploads\/2020\/11\/komornik-pakmur-scaled.jpg\",\"contentUrl\":\"https:\/\/komorniklipniewska.pl\/wp-content\/uploads\/2020\/11\/komornik-pakmur-scaled.jpg\",\"width\":1707,\"height\":2560,\"caption\":\"Komornik S\u0105dowy przy S\u0105dzie Rejonowym w Bydgoszczy \u0141ukasz Pakmur\"},\"image\":{\"@id\":\"https:\/\/komorniklipniewska.pl\/#\/schema\/logo\/image\/\"},\"sameAs\":[\"https:\/\/www.facebook.com\/komornikpakmur\/?view_public_for=100838511533625\",\"https:\/\/www.linkedin.com\/in\/\u0142ukasz-pakmur-b24b92101\/\"]}]}<\/script>\n<!-- \/ Yoast SEO plugin. -->","yoast_head_json":{"title":"CO NALE\u017bY WIEDZIE\u0106 O PRACY KOMORNIKA &#8211; Komornik S\u0105dowy Grudzi\u0105dz","robots":{"index":"index","follow":"follow","max-snippet":"max-snippet:-1","max-image-preview":"max-image-preview:large","max-video-preview":"max-video-preview:-1"},"canonical":"https:\/\/komorniklipniewska.pl\/?page_id=350","og_locale":"pl_PL","og_type":"article","og_title":"CO NALE\u017bY WIEDZIE\u0106 O PRACY KOMORNIKA &#8211; Komornik S\u0105dowy Grudzi\u0105dz","og_description":"Co ka\u017cdy powinien wiedzie\u0107 o pracy komornika s\u0105dowego? Komornik s\u0105dowy jest funkcjonariuszem publicznym, kt\u00f3ry przy wykonywaniu powierzonych mu obowi\u0105zk\u00f3w kieruje si\u0119 dobrem wymiaru sprawiedliwo\u015bci oraz interesem publicznym. Komornik s\u0105dowy podlega nadzorowi s\u0105du rejonowego przy kt\u00f3rym dzia\u0142a oraz prezesa tego\u017c s\u0105du. Podstaw\u0105 prowadzonych przez komornika post\u0119powa\u0144 egzekucyjnych jest wniosek wierzyciela oraz tytu\u0142 wykonawczy (np. wyrok b\u0105d\u017a ... Czytaj dalej CO NALE\u017bY WIEDZIE\u0106 O PRACY KOMORNIKA","og_url":"https:\/\/komorniklipniewska.pl\/?page_id=350","og_site_name":"Komornik S\u0105dowy Grudzi\u0105dz","article_publisher":"https:\/\/www.facebook.com\/komornikpakmur\/?view_public_for=100838511533625","article_modified_time":"2022-03-07T13:11:56+00:00","og_image":[{"url":"https:\/\/komorniklipniewska.pl\/wp-content\/uploads\/2022\/01\/infografika-uprawnienia-komornika-622x1024.jpg"}],"twitter_card":"summary_large_image","twitter_misc":{"Szacowany czas czytania":"2 minuty"},"schema":{"@context":"https:\/\/schema.org","@graph":[{"@type":"WebPage","@id":"https:\/\/komorniklipniewska.pl\/?page_id=350","url":"https:\/\/komorniklipniewska.pl\/?page_id=350","name":"CO NALE\u017bY WIEDZIE\u0106 O PRACY KOMORNIKA &#8211; Komornik S\u0105dowy Grudzi\u0105dz","isPartOf":{"@id":"https:\/\/komorniklipniewska.pl\/#website"},"primaryImageOfPage":{"@id":"https:\/\/komorniklipniewska.pl\/?page_id=350#primaryimage"},"image":{"@id":"https:\/\/komorniklipniewska.pl\/?page_id=350#primaryimage"},"thumbnailUrl":"https:\/\/komorniklipniewska.pl\/wp-content\/uploads\/2022\/01\/infografika-uprawnienia-komornika-622x1024.jpg","datePublished":"2021-03-06T21:20:26+00:00","dateModified":"2022-03-07T13:11:56+00:00","breadcrumb":{"@id":"https:\/\/komorniklipniewska.pl\/?page_id=350#breadcrumb"},"inLanguage":"pl-PL","potentialAction":[{"@type":"ReadAction","target":["https:\/\/komorniklipniewska.pl\/?page_id=350"]}]},{"@type":"ImageObject","inLanguage":"pl-PL","@id":"https:\/\/komorniklipniewska.pl\/?page_id=350#primaryimage","url":"https:\/\/komorniklipniewska.pl\/wp-content\/uploads\/2022\/01\/infografika-uprawnienia-komornika.jpg","contentUrl":"https:\/\/komorniklipniewska.pl\/wp-content\/uploads\/2022\/01\/infografika-uprawnienia-komornika.jpg","width":816,"height":1344},{"@type":"BreadcrumbList","@id":"https:\/\/komorniklipniewska.pl\/?page_id=350#breadcrumb","itemListElement":[{"@type":"ListItem","position":1,"name":"Strona g\u0142\u00f3wna","item":"https:\/\/komorniklipniewska.pl\/"},{"@type":"ListItem","position":2,"name":"CO NALE\u017bY WIEDZIE\u0106 O PRACY KOMORNIKA"}]},{"@type":"WebSite","@id":"https:\/\/komorniklipniewska.pl\/#website","url":"https:\/\/komorniklipniewska.pl\/","name":"Komornik S\u0105dowy Grudzi\u0105dz","description":"Komornik S\u0105dowy Grudzi\u0105dz","publisher":{"@id":"https:\/\/komorniklipniewska.pl\/#organization"},"potentialAction":[{"@type":"SearchAction","target":{"@type":"EntryPoint","urlTemplate":"https:\/\/komorniklipniewska.pl\/?s={search_term_string}"},"query-input":"required name=search_term_string"}],"inLanguage":"pl-PL"},{"@type":"Organization","@id":"https:\/\/komorniklipniewska.pl\/#organization","name":"Komornik S\u0105dowy przy S\u0105dzie Rejonowym w Bydgoszczy \u0141ukasz Pakmur","url":"https:\/\/komorniklipniewska.pl\/","logo":{"@type":"ImageObject","inLanguage":"pl-PL","@id":"https:\/\/komorniklipniewska.pl\/#\/schema\/logo\/image\/","url":"https:\/\/komorniklipniewska.pl\/wp-content\/uploads\/2020\/11\/komornik-pakmur-scaled.jpg","contentUrl":"https:\/\/komorniklipniewska.pl\/wp-content\/uploads\/2020\/11\/komornik-pakmur-scaled.jpg","width":1707,"height":2560,"caption":"Komornik S\u0105dowy przy S\u0105dzie Rejonowym w Bydgoszczy \u0141ukasz Pakmur"},"image":{"@id":"https:\/\/komorniklipniewska.pl\/#\/schema\/logo\/image\/"},"sameAs":["https:\/\/www.facebook.com\/komornikpakmur\/?view_public_for=100838511533625","https:\/\/www.linkedin.com\/in\/\u0142ukasz-pakmur-b24b92101\/"]}]}},"_links":{"self":[{"href":"https:\/\/komorniklipniewska.pl\/index.php?rest_route=\/wp\/v2\/pages\/350","targetHints":{"allow":["GET"]}}],"collection":[{"href":"https:\/\/komorniklipniewska.pl\/index.php?rest_route=\/wp\/v2\/pages"}],"about":[{"href":"https:\/\/komorniklipniewska.pl\/index.php?rest_route=\/wp\/v2\/types\/page"}],"author":[{"embeddable":true,"href":"https:\/\/komorniklipniewska.pl\/index.php?rest_route=\/wp\/v2\/users\/1"}],"replies":[{"embeddable":true,"href":"https:\/\/komorniklipniewska.pl\/index.php?rest_route=%2Fwp%2Fv2%2Fcomments&post=350"}],"version-history":[{"count":10,"href":"https:\/\/komorniklipniewska.pl\/index.php?rest_route=\/wp\/v2\/pages\/350\/revisions"}],"predecessor-version":[{"id":643,"href":"https:\/\/komorniklipniewska.pl\/index.php?rest_route=\/wp\/v2\/pages\/350\/revisions\/643"}],"wp:attachment":[{"href":"https:\/\/komorniklipniewska.pl\/index.php?rest_route=%2Fwp%2Fv2%2Fmedia&parent=350"}],"curies":[{"name":"wp","href":"https:\/\/api.w.org\/{rel}","templated":true}]}}