{"id":371,"date":"2021-03-10T20:50:17","date_gmt":"2021-03-10T19:50:17","guid":{"rendered":"https:\/\/komorniklipniewska.pl\/?page_id=371"},"modified":"2021-03-20T08:34:05","modified_gmt":"2021-03-20T07:34:05","slug":"spis-inwentarza","status":"publish","type":"page","link":"https:\/\/komorniklipniewska.pl\/?page_id=371","title":{"rendered":"SPIS INWENTARZA"},"content":{"rendered":"\n<h2 class=\"has-text-align-center wp-block-heading\"><strong>Spis inwentarza<\/strong><\/h2>\n\n\n\n<p>Spis inwentarza spadku sporz\u0105dzony zosta\u0107 mo\u017ce na wniosek osoby kt\u00f3ra uprawdopodobni, \u017ce jest: <\/p>\n\n\n\n<ul class=\"wp-block-list\"><li>spadkobierc\u0105<\/li><li>uprawnionym do zachowku<\/li><li>zapisobierc\u0105<\/li><\/ul>\n\n\n\n<p>b\u0105d\u017a na wniosek:<\/p>\n\n\n\n<ul class=\"wp-block-list\"><li>wykonawcy testamentu<\/li><li>tymczasowego przedstawiciela <\/li><li>wierzyciela maj\u0105cego pisemny dow\u00f3d nale\u017cno\u015bci przeciwko spadkodawcy  <\/li><\/ul>\n\n\n\n<p>Komornik z urz\u0119du ustala i zamieszcza w spisie inwentarza przedmioty nale\u017c\u0105ce do spadku, przedmioty zapis\u00f3w windykacyjnych oraz d\u0142ugi spadkowe wraz ze wskazaniem ich warto\u015bci na dzie\u0144 otwarcia spadku. W spisie inwentarza komornik wykazuje warto\u015b\u0107 stanu czynnego spadku z uwzgl\u0119dnieniem warto\u015bci rzeczy i praw spornych. <\/p>\n\n\n\n<p>Op\u0142ata od wniosku o sporz\u0105dzenie spisu inwentarza wynosi 400z\u0142 <\/p>\n\n\n\n<p><\/p>\n","protected":false},"excerpt":{"rendered":"<p>Spis inwentarza Spis inwentarza spadku sporz\u0105dzony zosta\u0107 mo\u017ce na wniosek osoby kt\u00f3ra uprawdopodobni, \u017ce jest: spadkobierc\u0105 uprawnionym do zachowku zapisobierc\u0105 b\u0105d\u017a na wniosek: wykonawcy testamentu tymczasowego przedstawiciela wierzyciela maj\u0105cego pisemny dow\u00f3d nale\u017cno\u015bci przeciwko spadkodawcy Komornik z urz\u0119du ustala i zamieszcza w spisie inwentarza przedmioty nale\u017c\u0105ce do spadku, przedmioty zapis\u00f3w windykacyjnych oraz d\u0142ugi spadkowe wraz ze &#8230; <a title=\"SPIS INWENTARZA\" class=\"read-more\" href=\"https:\/\/komorniklipniewska.pl\/?page_id=371\">Czytaj dalej <span class=\"screen-reader-text\">SPIS INWENTARZA<\/span><\/a><\/p>\n","protected":false},"author":1,"featured_media":0,"parent":0,"menu_order":0,"comment_status":"closed","ping_status":"closed","template":"","meta":{"_monsterinsights_skip_tracking":false,"_monsterinsights_sitenote_active":false,"_monsterinsights_sitenote_note":"","_monsterinsights_sitenote_category":0,"footnotes":""},"class_list":["post-371","page","type-page","status-publish"],"yoast_head":"<!-- This site is optimized with the Yoast SEO plugin v22.2 - https:\/\/yoast.com\/wordpress\/plugins\/seo\/ -->\n<title>SPIS INWENTARZA &#8211; Komornik S\u0105dowy Grudzi\u0105dz<\/title>\n<meta name=\"robots\" content=\"index, follow, max-snippet:-1, max-image-preview:large, max-video-preview:-1\" \/>\n<link rel=\"canonical\" href=\"https:\/\/komorniklipniewska.pl\/?page_id=371\" \/>\n<meta property=\"og:locale\" content=\"pl_PL\" \/>\n<meta property=\"og:type\" content=\"article\" \/>\n<meta property=\"og:title\" content=\"SPIS INWENTARZA &#8211; Komornik S\u0105dowy Grudzi\u0105dz\" \/>\n<meta property=\"og:description\" content=\"Spis inwentarza Spis inwentarza spadku sporz\u0105dzony zosta\u0107 mo\u017ce na wniosek osoby kt\u00f3ra uprawdopodobni, \u017ce jest: spadkobierc\u0105 uprawnionym do zachowku zapisobierc\u0105 b\u0105d\u017a na wniosek: wykonawcy testamentu tymczasowego przedstawiciela wierzyciela maj\u0105cego pisemny dow\u00f3d nale\u017cno\u015bci przeciwko spadkodawcy Komornik z urz\u0119du ustala i zamieszcza w spisie inwentarza przedmioty nale\u017c\u0105ce do spadku, przedmioty zapis\u00f3w windykacyjnych oraz d\u0142ugi spadkowe wraz ze ... Czytaj dalej SPIS INWENTARZA\" \/>\n<meta property=\"og:url\" content=\"https:\/\/komorniklipniewska.pl\/?page_id=371\" \/>\n<meta property=\"og:site_name\" content=\"Komornik S\u0105dowy Grudzi\u0105dz\" \/>\n<meta property=\"article:publisher\" content=\"https:\/\/www.facebook.com\/komornikpakmur\/?view_public_for=100838511533625\" \/>\n<meta property=\"article:modified_time\" content=\"2021-03-20T07:34:05+00:00\" \/>\n<meta name=\"twitter:card\" content=\"summary_large_image\" \/>\n<meta name=\"twitter:label1\" content=\"Szacowany czas czytania\" \/>\n\t<meta name=\"twitter:data1\" content=\"1 minuta\" \/>\n<script type=\"application\/ld+json\" class=\"yoast-schema-graph\">{\"@context\":\"https:\/\/schema.org\",\"@graph\":[{\"@type\":\"WebPage\",\"@id\":\"https:\/\/komorniklipniewska.pl\/?page_id=371\",\"url\":\"https:\/\/komorniklipniewska.pl\/?page_id=371\",\"name\":\"SPIS INWENTARZA &#8211; Komornik S\u0105dowy Grudzi\u0105dz\",\"isPartOf\":{\"@id\":\"https:\/\/komorniklipniewska.pl\/#website\"},\"datePublished\":\"2021-03-10T19:50:17+00:00\",\"dateModified\":\"2021-03-20T07:34:05+00:00\",\"breadcrumb\":{\"@id\":\"https:\/\/komorniklipniewska.pl\/?page_id=371#breadcrumb\"},\"inLanguage\":\"pl-PL\",\"potentialAction\":[{\"@type\":\"ReadAction\",\"target\":[\"https:\/\/komorniklipniewska.pl\/?page_id=371\"]}]},{\"@type\":\"BreadcrumbList\",\"@id\":\"https:\/\/komorniklipniewska.pl\/?page_id=371#breadcrumb\",\"itemListElement\":[{\"@type\":\"ListItem\",\"position\":1,\"name\":\"Strona g\u0142\u00f3wna\",\"item\":\"https:\/\/komorniklipniewska.pl\/\"},{\"@type\":\"ListItem\",\"position\":2,\"name\":\"SPIS INWENTARZA\"}]},{\"@type\":\"WebSite\",\"@id\":\"https:\/\/komorniklipniewska.pl\/#website\",\"url\":\"https:\/\/komorniklipniewska.pl\/\",\"name\":\"Komornik S\u0105dowy Grudzi\u0105dz\",\"description\":\"Komornik S\u0105dowy Grudzi\u0105dz\",\"publisher\":{\"@id\":\"https:\/\/komorniklipniewska.pl\/#organization\"},\"potentialAction\":[{\"@type\":\"SearchAction\",\"target\":{\"@type\":\"EntryPoint\",\"urlTemplate\":\"https:\/\/komorniklipniewska.pl\/?s={search_term_string}\"},\"query-input\":\"required name=search_term_string\"}],\"inLanguage\":\"pl-PL\"},{\"@type\":\"Organization\",\"@id\":\"https:\/\/komorniklipniewska.pl\/#organization\",\"name\":\"Komornik S\u0105dowy przy S\u0105dzie Rejonowym w Bydgoszczy \u0141ukasz Pakmur\",\"url\":\"https:\/\/komorniklipniewska.pl\/\",\"logo\":{\"@type\":\"ImageObject\",\"inLanguage\":\"pl-PL\",\"@id\":\"https:\/\/komorniklipniewska.pl\/#\/schema\/logo\/image\/\",\"url\":\"https:\/\/komorniklipniewska.pl\/wp-content\/uploads\/2020\/11\/komornik-pakmur-scaled.jpg\",\"contentUrl\":\"https:\/\/komorniklipniewska.pl\/wp-content\/uploads\/2020\/11\/komornik-pakmur-scaled.jpg\",\"width\":1707,\"height\":2560,\"caption\":\"Komornik S\u0105dowy przy S\u0105dzie Rejonowym w Bydgoszczy \u0141ukasz Pakmur\"},\"image\":{\"@id\":\"https:\/\/komorniklipniewska.pl\/#\/schema\/logo\/image\/\"},\"sameAs\":[\"https:\/\/www.facebook.com\/komornikpakmur\/?view_public_for=100838511533625\",\"https:\/\/www.linkedin.com\/in\/\u0142ukasz-pakmur-b24b92101\/\"]}]}<\/script>\n<!-- \/ Yoast SEO plugin. -->","yoast_head_json":{"title":"SPIS INWENTARZA &#8211; Komornik S\u0105dowy Grudzi\u0105dz","robots":{"index":"index","follow":"follow","max-snippet":"max-snippet:-1","max-image-preview":"max-image-preview:large","max-video-preview":"max-video-preview:-1"},"canonical":"https:\/\/komorniklipniewska.pl\/?page_id=371","og_locale":"pl_PL","og_type":"article","og_title":"SPIS INWENTARZA &#8211; Komornik S\u0105dowy Grudzi\u0105dz","og_description":"Spis inwentarza Spis inwentarza spadku sporz\u0105dzony zosta\u0107 mo\u017ce na wniosek osoby kt\u00f3ra uprawdopodobni, \u017ce jest: spadkobierc\u0105 uprawnionym do zachowku zapisobierc\u0105 b\u0105d\u017a na wniosek: wykonawcy testamentu tymczasowego przedstawiciela wierzyciela maj\u0105cego pisemny dow\u00f3d nale\u017cno\u015bci przeciwko spadkodawcy Komornik z urz\u0119du ustala i zamieszcza w spisie inwentarza przedmioty nale\u017c\u0105ce do spadku, przedmioty zapis\u00f3w windykacyjnych oraz d\u0142ugi spadkowe wraz ze ... Czytaj dalej SPIS INWENTARZA","og_url":"https:\/\/komorniklipniewska.pl\/?page_id=371","og_site_name":"Komornik S\u0105dowy Grudzi\u0105dz","article_publisher":"https:\/\/www.facebook.com\/komornikpakmur\/?view_public_for=100838511533625","article_modified_time":"2021-03-20T07:34:05+00:00","twitter_card":"summary_large_image","twitter_misc":{"Szacowany czas czytania":"1 minuta"},"schema":{"@context":"https:\/\/schema.org","@graph":[{"@type":"WebPage","@id":"https:\/\/komorniklipniewska.pl\/?page_id=371","url":"https:\/\/komorniklipniewska.pl\/?page_id=371","name":"SPIS INWENTARZA &#8211; Komornik S\u0105dowy Grudzi\u0105dz","isPartOf":{"@id":"https:\/\/komorniklipniewska.pl\/#website"},"datePublished":"2021-03-10T19:50:17+00:00","dateModified":"2021-03-20T07:34:05+00:00","breadcrumb":{"@id":"https:\/\/komorniklipniewska.pl\/?page_id=371#breadcrumb"},"inLanguage":"pl-PL","potentialAction":[{"@type":"ReadAction","target":["https:\/\/komorniklipniewska.pl\/?page_id=371"]}]},{"@type":"BreadcrumbList","@id":"https:\/\/komorniklipniewska.pl\/?page_id=371#breadcrumb","itemListElement":[{"@type":"ListItem","position":1,"name":"Strona g\u0142\u00f3wna","item":"https:\/\/komorniklipniewska.pl\/"},{"@type":"ListItem","position":2,"name":"SPIS INWENTARZA"}]},{"@type":"WebSite","@id":"https:\/\/komorniklipniewska.pl\/#website","url":"https:\/\/komorniklipniewska.pl\/","name":"Komornik S\u0105dowy Grudzi\u0105dz","description":"Komornik S\u0105dowy Grudzi\u0105dz","publisher":{"@id":"https:\/\/komorniklipniewska.pl\/#organization"},"potentialAction":[{"@type":"SearchAction","target":{"@type":"EntryPoint","urlTemplate":"https:\/\/komorniklipniewska.pl\/?s={search_term_string}"},"query-input":"required name=search_term_string"}],"inLanguage":"pl-PL"},{"@type":"Organization","@id":"https:\/\/komorniklipniewska.pl\/#organization","name":"Komornik S\u0105dowy przy S\u0105dzie Rejonowym w Bydgoszczy \u0141ukasz Pakmur","url":"https:\/\/komorniklipniewska.pl\/","logo":{"@type":"ImageObject","inLanguage":"pl-PL","@id":"https:\/\/komorniklipniewska.pl\/#\/schema\/logo\/image\/","url":"https:\/\/komorniklipniewska.pl\/wp-content\/uploads\/2020\/11\/komornik-pakmur-scaled.jpg","contentUrl":"https:\/\/komorniklipniewska.pl\/wp-content\/uploads\/2020\/11\/komornik-pakmur-scaled.jpg","width":1707,"height":2560,"caption":"Komornik S\u0105dowy przy S\u0105dzie Rejonowym w Bydgoszczy \u0141ukasz Pakmur"},"image":{"@id":"https:\/\/komorniklipniewska.pl\/#\/schema\/logo\/image\/"},"sameAs":["https:\/\/www.facebook.com\/komornikpakmur\/?view_public_for=100838511533625","https:\/\/www.linkedin.com\/in\/\u0142ukasz-pakmur-b24b92101\/"]}]}},"_links":{"self":[{"href":"https:\/\/komorniklipniewska.pl\/index.php?rest_route=\/wp\/v2\/pages\/371","targetHints":{"allow":["GET"]}}],"collection":[{"href":"https:\/\/komorniklipniewska.pl\/index.php?rest_route=\/wp\/v2\/pages"}],"about":[{"href":"https:\/\/komorniklipniewska.pl\/index.php?rest_route=\/wp\/v2\/types\/page"}],"author":[{"embeddable":true,"href":"https:\/\/komorniklipniewska.pl\/index.php?rest_route=\/wp\/v2\/users\/1"}],"replies":[{"embeddable":true,"href":"https:\/\/komorniklipniewska.pl\/index.php?rest_route=%2Fwp%2Fv2%2Fcomments&post=371"}],"version-history":[{"count":5,"href":"https:\/\/komorniklipniewska.pl\/index.php?rest_route=\/wp\/v2\/pages\/371\/revisions"}],"predecessor-version":[{"id":443,"href":"https:\/\/komorniklipniewska.pl\/index.php?rest_route=\/wp\/v2\/pages\/371\/revisions\/443"}],"wp:attachment":[{"href":"https:\/\/komorniklipniewska.pl\/index.php?rest_route=%2Fwp%2Fv2%2Fmedia&parent=371"}],"curies":[{"name":"wp","href":"https:\/\/api.w.org\/{rel}","templated":true}]}}