{"id":373,"date":"2021-03-10T10:02:15","date_gmt":"2021-03-10T09:02:15","guid":{"rendered":"https:\/\/komorniklipniewska.pl\/?page_id=373"},"modified":"2021-03-20T08:31:07","modified_gmt":"2021-03-20T07:31:07","slug":"doreczanie-korespondencji","status":"publish","type":"page","link":"https:\/\/komorniklipniewska.pl\/?page_id=373","title":{"rendered":"DOR\u0118CZANIE KORESPONDENCJI"},"content":{"rendered":"\n<h2 class=\"has-text-align-center wp-block-heading\"><strong>Dor\u0119czenie korespondencji przez komornika<\/strong><\/h2>\n\n\n\n<div class=\"wp-block-image\"><figure class=\"alignright size-large is-resized\"><img loading=\"lazy\" decoding=\"async\" src=\"https:\/\/komorniklipniewska.pl\/wp-content\/uploads\/2021\/03\/dor\u0119czenie-korespo.-622x1024.jpg\" alt=\"\" class=\"wp-image-381\" width=\"487\" height=\"801\" srcset=\"https:\/\/komorniklipniewska.pl\/wp-content\/uploads\/2021\/03\/dor\u0119czenie-korespo.-622x1024.jpg 622w, https:\/\/komorniklipniewska.pl\/wp-content\/uploads\/2021\/03\/dor\u0119czenie-korespo.-182x300.jpg 182w, https:\/\/komorniklipniewska.pl\/wp-content\/uploads\/2021\/03\/dor\u0119czenie-korespo.-768x1265.jpg 768w, https:\/\/komorniklipniewska.pl\/wp-content\/uploads\/2021\/03\/dor\u0119czenie-korespo..jpg 816w\" sizes=\"auto, (max-width: 487px) 100vw, 487px\" \/><\/figure><\/div>\n\n\n\n<p> <br>Komornik na zlecenie s\u0105du albo wniosek powoda zobowi\u0105zanego przez s\u0105d dor\u0119cza adresatowi zawiadomienia s\u0105dowe, pisma procesowe oraz inne dokumenty s\u0105dowe za potwierdzeniem odbioru i oznaczeniem daty.  <\/p>\n\n\n\n<p>Op\u0142ata od wniosku o dor\u0119czeni korespondencji za po\u015brednictwem komornika wynosi 60,00z\u0142 <\/p>\n\n\n\n<p>Nie zawsze dor\u0119czenie korespondencji jest mo\u017cliwe. Je\u017celi komornikowi nie uda si\u0119 dor\u0119czy\u0107 korespondencji adresatowi a w ramach podejmowanych czynno\u015bci nie zostanie ustalony aktualny jego adres to konieczne mo\u017ce si\u0119 okaza\u0107 zlecenie komornikowi poszukiwania adresu adresata. <\/p>\n\n\n\n<h2 class=\"wp-block-heading\">Ustalenie adresu adresata<\/h2>\n\n\n\n<p>Post\u0119powanie o ustalenie adresu adresata jest osobnym post\u0119powaniem, mo\u017cliwym do przeprowadzenia wy\u0142\u0105cznie po nieskutecznej pr\u00f3bie dor\u0119czenia korespondencji. <\/p>\n\n\n\n<p>Op\u0142ata od wniosku o poszukiwanie adresu adresata wynosi 40,00 z\u0142 <\/p>\n","protected":false},"excerpt":{"rendered":"<p>Dor\u0119czenie korespondencji przez komornika Komornik na zlecenie s\u0105du albo wniosek powoda zobowi\u0105zanego przez s\u0105d dor\u0119cza adresatowi zawiadomienia s\u0105dowe, pisma procesowe oraz inne dokumenty s\u0105dowe za potwierdzeniem odbioru i oznaczeniem daty. Op\u0142ata od wniosku o dor\u0119czeni korespondencji za po\u015brednictwem komornika wynosi 60,00z\u0142 Nie zawsze dor\u0119czenie korespondencji jest mo\u017cliwe. Je\u017celi komornikowi nie uda si\u0119 dor\u0119czy\u0107 korespondencji adresatowi &#8230; <a title=\"DOR\u0118CZANIE KORESPONDENCJI\" class=\"read-more\" href=\"https:\/\/komorniklipniewska.pl\/?page_id=373\">Czytaj dalej <span class=\"screen-reader-text\">DOR\u0118CZANIE KORESPONDENCJI<\/span><\/a><\/p>\n","protected":false},"author":1,"featured_media":0,"parent":0,"menu_order":0,"comment_status":"closed","ping_status":"closed","template":"","meta":{"_monsterinsights_skip_tracking":false,"_monsterinsights_sitenote_active":false,"_monsterinsights_sitenote_note":"","_monsterinsights_sitenote_category":0,"footnotes":""},"class_list":["post-373","page","type-page","status-publish"],"yoast_head":"<!-- This site is optimized with the Yoast SEO plugin v22.2 - https:\/\/yoast.com\/wordpress\/plugins\/seo\/ -->\n<title>DOR\u0118CZANIE KORESPONDENCJI &#8211; Komornik S\u0105dowy Grudzi\u0105dz<\/title>\n<meta name=\"robots\" content=\"index, follow, max-snippet:-1, max-image-preview:large, max-video-preview:-1\" \/>\n<link rel=\"canonical\" href=\"https:\/\/komorniklipniewska.pl\/?page_id=373\" \/>\n<meta property=\"og:locale\" content=\"pl_PL\" \/>\n<meta property=\"og:type\" content=\"article\" \/>\n<meta property=\"og:title\" content=\"DOR\u0118CZANIE KORESPONDENCJI &#8211; Komornik S\u0105dowy Grudzi\u0105dz\" \/>\n<meta property=\"og:description\" content=\"Dor\u0119czenie korespondencji przez komornika Komornik na zlecenie s\u0105du albo wniosek powoda zobowi\u0105zanego przez s\u0105d dor\u0119cza adresatowi zawiadomienia s\u0105dowe, pisma procesowe oraz inne dokumenty s\u0105dowe za potwierdzeniem odbioru i oznaczeniem daty. Op\u0142ata od wniosku o dor\u0119czeni korespondencji za po\u015brednictwem komornika wynosi 60,00z\u0142 Nie zawsze dor\u0119czenie korespondencji jest mo\u017cliwe. Je\u017celi komornikowi nie uda si\u0119 dor\u0119czy\u0107 korespondencji adresatowi ... Czytaj dalej DOR\u0118CZANIE KORESPONDENCJI\" \/>\n<meta property=\"og:url\" content=\"https:\/\/komorniklipniewska.pl\/?page_id=373\" \/>\n<meta property=\"og:site_name\" content=\"Komornik S\u0105dowy Grudzi\u0105dz\" \/>\n<meta property=\"article:publisher\" content=\"https:\/\/www.facebook.com\/komornikpakmur\/?view_public_for=100838511533625\" \/>\n<meta property=\"article:modified_time\" content=\"2021-03-20T07:31:07+00:00\" \/>\n<meta name=\"twitter:card\" content=\"summary_large_image\" \/>\n<meta name=\"twitter:label1\" content=\"Szacowany czas czytania\" \/>\n\t<meta name=\"twitter:data1\" content=\"1 minuta\" \/>\n<script type=\"application\/ld+json\" class=\"yoast-schema-graph\">{\"@context\":\"https:\/\/schema.org\",\"@graph\":[{\"@type\":\"WebPage\",\"@id\":\"https:\/\/komorniklipniewska.pl\/?page_id=373\",\"url\":\"https:\/\/komorniklipniewska.pl\/?page_id=373\",\"name\":\"DOR\u0118CZANIE KORESPONDENCJI &#8211; Komornik S\u0105dowy Grudzi\u0105dz\",\"isPartOf\":{\"@id\":\"https:\/\/komorniklipniewska.pl\/#website\"},\"datePublished\":\"2021-03-10T09:02:15+00:00\",\"dateModified\":\"2021-03-20T07:31:07+00:00\",\"breadcrumb\":{\"@id\":\"https:\/\/komorniklipniewska.pl\/?page_id=373#breadcrumb\"},\"inLanguage\":\"pl-PL\",\"potentialAction\":[{\"@type\":\"ReadAction\",\"target\":[\"https:\/\/komorniklipniewska.pl\/?page_id=373\"]}]},{\"@type\":\"BreadcrumbList\",\"@id\":\"https:\/\/komorniklipniewska.pl\/?page_id=373#breadcrumb\",\"itemListElement\":[{\"@type\":\"ListItem\",\"position\":1,\"name\":\"Strona g\u0142\u00f3wna\",\"item\":\"https:\/\/komorniklipniewska.pl\/\"},{\"@type\":\"ListItem\",\"position\":2,\"name\":\"DOR\u0118CZANIE KORESPONDENCJI\"}]},{\"@type\":\"WebSite\",\"@id\":\"https:\/\/komorniklipniewska.pl\/#website\",\"url\":\"https:\/\/komorniklipniewska.pl\/\",\"name\":\"Komornik S\u0105dowy Grudzi\u0105dz\",\"description\":\"Komornik S\u0105dowy Grudzi\u0105dz\",\"publisher\":{\"@id\":\"https:\/\/komorniklipniewska.pl\/#organization\"},\"potentialAction\":[{\"@type\":\"SearchAction\",\"target\":{\"@type\":\"EntryPoint\",\"urlTemplate\":\"https:\/\/komorniklipniewska.pl\/?s={search_term_string}\"},\"query-input\":\"required name=search_term_string\"}],\"inLanguage\":\"pl-PL\"},{\"@type\":\"Organization\",\"@id\":\"https:\/\/komorniklipniewska.pl\/#organization\",\"name\":\"Komornik S\u0105dowy przy S\u0105dzie Rejonowym w Bydgoszczy \u0141ukasz Pakmur\",\"url\":\"https:\/\/komorniklipniewska.pl\/\",\"logo\":{\"@type\":\"ImageObject\",\"inLanguage\":\"pl-PL\",\"@id\":\"https:\/\/komorniklipniewska.pl\/#\/schema\/logo\/image\/\",\"url\":\"https:\/\/komorniklipniewska.pl\/wp-content\/uploads\/2020\/11\/komornik-pakmur-scaled.jpg\",\"contentUrl\":\"https:\/\/komorniklipniewska.pl\/wp-content\/uploads\/2020\/11\/komornik-pakmur-scaled.jpg\",\"width\":1707,\"height\":2560,\"caption\":\"Komornik S\u0105dowy przy S\u0105dzie Rejonowym w Bydgoszczy \u0141ukasz Pakmur\"},\"image\":{\"@id\":\"https:\/\/komorniklipniewska.pl\/#\/schema\/logo\/image\/\"},\"sameAs\":[\"https:\/\/www.facebook.com\/komornikpakmur\/?view_public_for=100838511533625\",\"https:\/\/www.linkedin.com\/in\/\u0142ukasz-pakmur-b24b92101\/\"]}]}<\/script>\n<!-- \/ Yoast SEO plugin. -->","yoast_head_json":{"title":"DOR\u0118CZANIE KORESPONDENCJI &#8211; Komornik S\u0105dowy Grudzi\u0105dz","robots":{"index":"index","follow":"follow","max-snippet":"max-snippet:-1","max-image-preview":"max-image-preview:large","max-video-preview":"max-video-preview:-1"},"canonical":"https:\/\/komorniklipniewska.pl\/?page_id=373","og_locale":"pl_PL","og_type":"article","og_title":"DOR\u0118CZANIE KORESPONDENCJI &#8211; Komornik S\u0105dowy Grudzi\u0105dz","og_description":"Dor\u0119czenie korespondencji przez komornika Komornik na zlecenie s\u0105du albo wniosek powoda zobowi\u0105zanego przez s\u0105d dor\u0119cza adresatowi zawiadomienia s\u0105dowe, pisma procesowe oraz inne dokumenty s\u0105dowe za potwierdzeniem odbioru i oznaczeniem daty. Op\u0142ata od wniosku o dor\u0119czeni korespondencji za po\u015brednictwem komornika wynosi 60,00z\u0142 Nie zawsze dor\u0119czenie korespondencji jest mo\u017cliwe. Je\u017celi komornikowi nie uda si\u0119 dor\u0119czy\u0107 korespondencji adresatowi ... Czytaj dalej DOR\u0118CZANIE KORESPONDENCJI","og_url":"https:\/\/komorniklipniewska.pl\/?page_id=373","og_site_name":"Komornik S\u0105dowy Grudzi\u0105dz","article_publisher":"https:\/\/www.facebook.com\/komornikpakmur\/?view_public_for=100838511533625","article_modified_time":"2021-03-20T07:31:07+00:00","twitter_card":"summary_large_image","twitter_misc":{"Szacowany czas czytania":"1 minuta"},"schema":{"@context":"https:\/\/schema.org","@graph":[{"@type":"WebPage","@id":"https:\/\/komorniklipniewska.pl\/?page_id=373","url":"https:\/\/komorniklipniewska.pl\/?page_id=373","name":"DOR\u0118CZANIE KORESPONDENCJI &#8211; Komornik S\u0105dowy Grudzi\u0105dz","isPartOf":{"@id":"https:\/\/komorniklipniewska.pl\/#website"},"datePublished":"2021-03-10T09:02:15+00:00","dateModified":"2021-03-20T07:31:07+00:00","breadcrumb":{"@id":"https:\/\/komorniklipniewska.pl\/?page_id=373#breadcrumb"},"inLanguage":"pl-PL","potentialAction":[{"@type":"ReadAction","target":["https:\/\/komorniklipniewska.pl\/?page_id=373"]}]},{"@type":"BreadcrumbList","@id":"https:\/\/komorniklipniewska.pl\/?page_id=373#breadcrumb","itemListElement":[{"@type":"ListItem","position":1,"name":"Strona g\u0142\u00f3wna","item":"https:\/\/komorniklipniewska.pl\/"},{"@type":"ListItem","position":2,"name":"DOR\u0118CZANIE KORESPONDENCJI"}]},{"@type":"WebSite","@id":"https:\/\/komorniklipniewska.pl\/#website","url":"https:\/\/komorniklipniewska.pl\/","name":"Komornik S\u0105dowy Grudzi\u0105dz","description":"Komornik S\u0105dowy Grudzi\u0105dz","publisher":{"@id":"https:\/\/komorniklipniewska.pl\/#organization"},"potentialAction":[{"@type":"SearchAction","target":{"@type":"EntryPoint","urlTemplate":"https:\/\/komorniklipniewska.pl\/?s={search_term_string}"},"query-input":"required name=search_term_string"}],"inLanguage":"pl-PL"},{"@type":"Organization","@id":"https:\/\/komorniklipniewska.pl\/#organization","name":"Komornik S\u0105dowy przy S\u0105dzie Rejonowym w Bydgoszczy \u0141ukasz Pakmur","url":"https:\/\/komorniklipniewska.pl\/","logo":{"@type":"ImageObject","inLanguage":"pl-PL","@id":"https:\/\/komorniklipniewska.pl\/#\/schema\/logo\/image\/","url":"https:\/\/komorniklipniewska.pl\/wp-content\/uploads\/2020\/11\/komornik-pakmur-scaled.jpg","contentUrl":"https:\/\/komorniklipniewska.pl\/wp-content\/uploads\/2020\/11\/komornik-pakmur-scaled.jpg","width":1707,"height":2560,"caption":"Komornik S\u0105dowy przy S\u0105dzie Rejonowym w Bydgoszczy \u0141ukasz Pakmur"},"image":{"@id":"https:\/\/komorniklipniewska.pl\/#\/schema\/logo\/image\/"},"sameAs":["https:\/\/www.facebook.com\/komornikpakmur\/?view_public_for=100838511533625","https:\/\/www.linkedin.com\/in\/\u0142ukasz-pakmur-b24b92101\/"]}]}},"_links":{"self":[{"href":"https:\/\/komorniklipniewska.pl\/index.php?rest_route=\/wp\/v2\/pages\/373","targetHints":{"allow":["GET"]}}],"collection":[{"href":"https:\/\/komorniklipniewska.pl\/index.php?rest_route=\/wp\/v2\/pages"}],"about":[{"href":"https:\/\/komorniklipniewska.pl\/index.php?rest_route=\/wp\/v2\/types\/page"}],"author":[{"embeddable":true,"href":"https:\/\/komorniklipniewska.pl\/index.php?rest_route=\/wp\/v2\/users\/1"}],"replies":[{"embeddable":true,"href":"https:\/\/komorniklipniewska.pl\/index.php?rest_route=%2Fwp%2Fv2%2Fcomments&post=373"}],"version-history":[{"count":9,"href":"https:\/\/komorniklipniewska.pl\/index.php?rest_route=\/wp\/v2\/pages\/373\/revisions"}],"predecessor-version":[{"id":441,"href":"https:\/\/komorniklipniewska.pl\/index.php?rest_route=\/wp\/v2\/pages\/373\/revisions\/441"}],"wp:attachment":[{"href":"https:\/\/komorniklipniewska.pl\/index.php?rest_route=%2Fwp%2Fv2%2Fmedia&parent=373"}],"curies":[{"name":"wp","href":"https:\/\/api.w.org\/{rel}","templated":true}]}}