{"id":5,"date":"2019-12-27T18:53:28","date_gmt":"2019-12-27T17:53:28","guid":{"rendered":"https:\/\/lukaszpakmur.000webhostapp.com\/?page_id=5"},"modified":"2025-10-02T20:57:23","modified_gmt":"2025-10-02T18:57:23","slug":"komornik-grudziadsz-kontakt","status":"publish","type":"page","link":"https:\/\/komorniklipniewska.pl\/?page_id=5","title":{"rendered":"Kontakt"},"content":{"rendered":"\n<figure class=\"wp-block-image alignfull size-large\"><img loading=\"lazy\" decoding=\"async\" width=\"1024\" height=\"272\" src=\"https:\/\/lukaszpakmur.000webhostapp.com\/wp-content\/uploads\/2020\/02\/komornik-bydgoszcz-kontakt-1024x272.jpg\" alt=\"\" class=\"wp-image-141\" srcset=\"https:\/\/komorniklipniewska.pl\/wp-content\/uploads\/2020\/02\/komornik-bydgoszcz-kontakt-1024x272.jpg 1024w, https:\/\/komorniklipniewska.pl\/wp-content\/uploads\/2020\/02\/komornik-bydgoszcz-kontakt-300x80.jpg 300w, https:\/\/komorniklipniewska.pl\/wp-content\/uploads\/2020\/02\/komornik-bydgoszcz-kontakt-768x204.jpg 768w, https:\/\/komorniklipniewska.pl\/wp-content\/uploads\/2020\/02\/komornik-bydgoszcz-kontakt-1536x408.jpg 1536w, https:\/\/komorniklipniewska.pl\/wp-content\/uploads\/2020\/02\/komornik-bydgoszcz-kontakt.jpg 1920w\" sizes=\"auto, (max-width: 1024px) 100vw, 1024px\" \/><\/figure>\n\n\n\n<h2 class=\"wp-block-heading has-text-align-center\"><strong>Zast\u0119pca Doroty Lipniewskiej Komornika S\u0105dowego <\/strong><br><strong>przy S\u0105dzie Rejonowym w Grudzi\u0105dzu \u0141ukasz Pakmur <\/strong><br><strong>Kancelaria Komornicza nr III w Grudzi\u0105dzuj<\/strong><\/h2>\n\n\n\n<p>Zast\u0119pca Doroty Lipniewskiej Komornika S\u0105dowego <br>przy S\u0105dzie Rejonowym w Grudzi\u0105dzu \u0141ukasz Pakmur<br>Kancelaria Komornicza nr III w Grudzi\u0105dzu <br>ul. Groblowa 4\/3, 86-300 Grudzi\u0105dz<br>Tel. 507-785-208, <br>507-785-193-alimenty<br>E-mail: grudziadz2@komornik.pl<br>www.komorniklipniewska.pl<br>NIP: 8751510869 <br>REGON: 385743257<\/p>\n\n\n\n<p><strong>Komornik przyjmuje interesant\u00f3w w poniedzia\u0142ki od godz.  11:00  do godz. 16:00 <\/strong><br>Komornik przyjmuje interesant\u00f3w poza dniem przyj\u0119\u0107 po uprzednim uzgodnieniu terminu telefonicznie. <br>W sprawach pilnych mo\u017cliwy kontakt telefoniczny tak\u017ce poza godzinami otwarcia kancelarii.<\/p>\n\n\n\n<p>Kancelaria czynna:<br>poniedzia\u0142ek: 8:30 \u2013 16:00<br>wtorek &#8211; pi\u0105tek  9:00 \u2013 13:00<\/p>\n\n\n\n<p>Wp\u0142at nale\u017cy dokonywa\u0107 w Kancelarii w godzinach jej urz\u0119dowania b\u0105d\u017a na rachunek bankowy komornika:<br>PKO Bank Polski S.A.:&nbsp;47 1020 5040 0000 6502 0025 6123<br>wskazuj\u0105c sygnatur\u0119 sprawy oraz stron\u0119 w imieniu kt\u00f3rej dokonywana jest wp\u0142ata.<\/p>\n\n\n\n<p>EPU eS\u0105d&nbsp;&#8211; ID Komornika:&nbsp;960<\/p>\n\n\n\n<p>skrzynka ePUAP: \/KS_Dorota_Lipniewska\/ezbiegi<\/p>\n\n\n\n<p><\/p>\n","protected":false},"excerpt":{"rendered":"<p>Zast\u0119pca Doroty Lipniewskiej Komornika S\u0105dowego przy S\u0105dzie Rejonowym w Grudzi\u0105dzu \u0141ukasz Pakmur Kancelaria Komornicza nr III w Grudzi\u0105dzuj Zast\u0119pca Doroty Lipniewskiej Komornika S\u0105dowego przy S\u0105dzie Rejonowym w Grudzi\u0105dzu \u0141ukasz PakmurKancelaria Komornicza nr III w Grudzi\u0105dzu ul. Groblowa 4\/3, 86-300 Grudzi\u0105dzTel. 507-785-208, 507-785-193-alimentyE-mail: grudziadz2@komornik.plwww.komorniklipniewska.plNIP: 8751510869 REGON: 385743257 Komornik przyjmuje interesant\u00f3w w poniedzia\u0142ki od godz. 11:00 do &#8230; <a title=\"Kontakt\" class=\"read-more\" href=\"https:\/\/komorniklipniewska.pl\/?page_id=5\">Czytaj dalej <span class=\"screen-reader-text\">Kontakt<\/span><\/a><\/p>\n","protected":false},"author":1,"featured_media":0,"parent":0,"menu_order":0,"comment_status":"closed","ping_status":"closed","template":"","meta":{"_monsterinsights_skip_tracking":false,"_monsterinsights_sitenote_active":false,"_monsterinsights_sitenote_note":"","_monsterinsights_sitenote_category":0,"footnotes":""},"class_list":["post-5","page","type-page","status-publish"],"yoast_head":"<!-- This site is optimized with the Yoast SEO plugin v22.2 - https:\/\/yoast.com\/wordpress\/plugins\/seo\/ -->\n<title>Komornik Bydgoszcz - Kontakt<\/title>\n<meta name=\"description\" content=\"Komornik Grudzi\u0105dz ul. Groblowa 4\/3, 86-300 Grudzi\u0105dz Tel. 507-785-208, 507-785-193-alimenty, E-mail: grudziadz2@komornik.pl, www.komorniklipniewska.pl\" \/>\n<meta name=\"robots\" content=\"index, follow, max-snippet:-1, max-image-preview:large, max-video-preview:-1\" \/>\n<link rel=\"canonical\" href=\"https:\/\/komorniklipniewska.pl\/?page_id=5\" \/>\n<meta property=\"og:locale\" content=\"pl_PL\" \/>\n<meta property=\"og:type\" content=\"article\" \/>\n<meta property=\"og:title\" content=\"Komornik Bydgoszcz - Kontakt\" \/>\n<meta property=\"og:description\" content=\"Komornik Grudzi\u0105dz ul. Groblowa 4\/3, 86-300 Grudzi\u0105dz Tel. 507-785-208, 507-785-193-alimenty, E-mail: grudziadz2@komornik.pl, www.komorniklipniewska.pl\" \/>\n<meta property=\"og:url\" content=\"https:\/\/komorniklipniewska.pl\/?page_id=5\" \/>\n<meta property=\"og:site_name\" content=\"Komornik S\u0105dowy Grudzi\u0105dz\" \/>\n<meta property=\"article:publisher\" content=\"https:\/\/www.facebook.com\/komornikpakmur\/?view_public_for=100838511533625\" \/>\n<meta property=\"article:modified_time\" content=\"2025-10-02T18:57:23+00:00\" \/>\n<meta property=\"og:image\" content=\"https:\/\/lukaszpakmur.000webhostapp.com\/wp-content\/uploads\/2020\/02\/komornik-bydgoszcz-kontakt-1024x272.jpg\" \/>\n<meta name=\"twitter:card\" content=\"summary_large_image\" \/>\n<meta name=\"twitter:label1\" content=\"Szacowany czas czytania\" \/>\n\t<meta name=\"twitter:data1\" content=\"2 minuty\" \/>\n<script type=\"application\/ld+json\" class=\"yoast-schema-graph\">{\"@context\":\"https:\/\/schema.org\",\"@graph\":[{\"@type\":\"WebPage\",\"@id\":\"https:\/\/komorniklipniewska.pl\/?page_id=5\",\"url\":\"https:\/\/komorniklipniewska.pl\/?page_id=5\",\"name\":\"Komornik Bydgoszcz - Kontakt\",\"isPartOf\":{\"@id\":\"https:\/\/komorniklipniewska.pl\/#website\"},\"primaryImageOfPage\":{\"@id\":\"https:\/\/komorniklipniewska.pl\/?page_id=5#primaryimage\"},\"image\":{\"@id\":\"https:\/\/komorniklipniewska.pl\/?page_id=5#primaryimage\"},\"thumbnailUrl\":\"https:\/\/lukaszpakmur.000webhostapp.com\/wp-content\/uploads\/2020\/02\/komornik-bydgoszcz-kontakt-1024x272.jpg\",\"datePublished\":\"2019-12-27T17:53:28+00:00\",\"dateModified\":\"2025-10-02T18:57:23+00:00\",\"description\":\"Komornik Grudzi\u0105dz ul. Groblowa 4\/3, 86-300 Grudzi\u0105dz Tel. 507-785-208, 507-785-193-alimenty, E-mail: grudziadz2@komornik.pl, www.komorniklipniewska.pl\",\"breadcrumb\":{\"@id\":\"https:\/\/komorniklipniewska.pl\/?page_id=5#breadcrumb\"},\"inLanguage\":\"pl-PL\",\"potentialAction\":[{\"@type\":\"ReadAction\",\"target\":[\"https:\/\/komorniklipniewska.pl\/?page_id=5\"]}]},{\"@type\":\"ImageObject\",\"inLanguage\":\"pl-PL\",\"@id\":\"https:\/\/komorniklipniewska.pl\/?page_id=5#primaryimage\",\"url\":\"https:\/\/lukaszpakmur.000webhostapp.com\/wp-content\/uploads\/2020\/02\/komornik-bydgoszcz-kontakt-1024x272.jpg\",\"contentUrl\":\"https:\/\/lukaszpakmur.000webhostapp.com\/wp-content\/uploads\/2020\/02\/komornik-bydgoszcz-kontakt-1024x272.jpg\"},{\"@type\":\"BreadcrumbList\",\"@id\":\"https:\/\/komorniklipniewska.pl\/?page_id=5#breadcrumb\",\"itemListElement\":[{\"@type\":\"ListItem\",\"position\":1,\"name\":\"Strona g\u0142\u00f3wna\",\"item\":\"https:\/\/komorniklipniewska.pl\/\"},{\"@type\":\"ListItem\",\"position\":2,\"name\":\"Kontakt\"}]},{\"@type\":\"WebSite\",\"@id\":\"https:\/\/komorniklipniewska.pl\/#website\",\"url\":\"https:\/\/komorniklipniewska.pl\/\",\"name\":\"Komornik S\u0105dowy Grudzi\u0105dz\",\"description\":\"Komornik S\u0105dowy Grudzi\u0105dz\",\"publisher\":{\"@id\":\"https:\/\/komorniklipniewska.pl\/#organization\"},\"potentialAction\":[{\"@type\":\"SearchAction\",\"target\":{\"@type\":\"EntryPoint\",\"urlTemplate\":\"https:\/\/komorniklipniewska.pl\/?s={search_term_string}\"},\"query-input\":\"required name=search_term_string\"}],\"inLanguage\":\"pl-PL\"},{\"@type\":\"Organization\",\"@id\":\"https:\/\/komorniklipniewska.pl\/#organization\",\"name\":\"Komornik S\u0105dowy przy S\u0105dzie Rejonowym w Bydgoszczy \u0141ukasz Pakmur\",\"url\":\"https:\/\/komorniklipniewska.pl\/\",\"logo\":{\"@type\":\"ImageObject\",\"inLanguage\":\"pl-PL\",\"@id\":\"https:\/\/komorniklipniewska.pl\/#\/schema\/logo\/image\/\",\"url\":\"https:\/\/komorniklipniewska.pl\/wp-content\/uploads\/2020\/11\/komornik-pakmur-scaled.jpg\",\"contentUrl\":\"https:\/\/komorniklipniewska.pl\/wp-content\/uploads\/2020\/11\/komornik-pakmur-scaled.jpg\",\"width\":1707,\"height\":2560,\"caption\":\"Komornik S\u0105dowy przy S\u0105dzie Rejonowym w Bydgoszczy \u0141ukasz Pakmur\"},\"image\":{\"@id\":\"https:\/\/komorniklipniewska.pl\/#\/schema\/logo\/image\/\"},\"sameAs\":[\"https:\/\/www.facebook.com\/komornikpakmur\/?view_public_for=100838511533625\",\"https:\/\/www.linkedin.com\/in\/\u0142ukasz-pakmur-b24b92101\/\"]}]}<\/script>\n<!-- \/ Yoast SEO plugin. -->","yoast_head_json":{"title":"Komornik Bydgoszcz - Kontakt","description":"Komornik Grudzi\u0105dz ul. Groblowa 4\/3, 86-300 Grudzi\u0105dz Tel. 507-785-208, 507-785-193-alimenty, E-mail: grudziadz2@komornik.pl, www.komorniklipniewska.pl","robots":{"index":"index","follow":"follow","max-snippet":"max-snippet:-1","max-image-preview":"max-image-preview:large","max-video-preview":"max-video-preview:-1"},"canonical":"https:\/\/komorniklipniewska.pl\/?page_id=5","og_locale":"pl_PL","og_type":"article","og_title":"Komornik Bydgoszcz - Kontakt","og_description":"Komornik Grudzi\u0105dz ul. Groblowa 4\/3, 86-300 Grudzi\u0105dz Tel. 507-785-208, 507-785-193-alimenty, E-mail: grudziadz2@komornik.pl, www.komorniklipniewska.pl","og_url":"https:\/\/komorniklipniewska.pl\/?page_id=5","og_site_name":"Komornik S\u0105dowy Grudzi\u0105dz","article_publisher":"https:\/\/www.facebook.com\/komornikpakmur\/?view_public_for=100838511533625","article_modified_time":"2025-10-02T18:57:23+00:00","og_image":[{"url":"https:\/\/lukaszpakmur.000webhostapp.com\/wp-content\/uploads\/2020\/02\/komornik-bydgoszcz-kontakt-1024x272.jpg"}],"twitter_card":"summary_large_image","twitter_misc":{"Szacowany czas czytania":"2 minuty"},"schema":{"@context":"https:\/\/schema.org","@graph":[{"@type":"WebPage","@id":"https:\/\/komorniklipniewska.pl\/?page_id=5","url":"https:\/\/komorniklipniewska.pl\/?page_id=5","name":"Komornik Bydgoszcz - Kontakt","isPartOf":{"@id":"https:\/\/komorniklipniewska.pl\/#website"},"primaryImageOfPage":{"@id":"https:\/\/komorniklipniewska.pl\/?page_id=5#primaryimage"},"image":{"@id":"https:\/\/komorniklipniewska.pl\/?page_id=5#primaryimage"},"thumbnailUrl":"https:\/\/lukaszpakmur.000webhostapp.com\/wp-content\/uploads\/2020\/02\/komornik-bydgoszcz-kontakt-1024x272.jpg","datePublished":"2019-12-27T17:53:28+00:00","dateModified":"2025-10-02T18:57:23+00:00","description":"Komornik Grudzi\u0105dz ul. Groblowa 4\/3, 86-300 Grudzi\u0105dz Tel. 507-785-208, 507-785-193-alimenty, E-mail: grudziadz2@komornik.pl, www.komorniklipniewska.pl","breadcrumb":{"@id":"https:\/\/komorniklipniewska.pl\/?page_id=5#breadcrumb"},"inLanguage":"pl-PL","potentialAction":[{"@type":"ReadAction","target":["https:\/\/komorniklipniewska.pl\/?page_id=5"]}]},{"@type":"ImageObject","inLanguage":"pl-PL","@id":"https:\/\/komorniklipniewska.pl\/?page_id=5#primaryimage","url":"https:\/\/lukaszpakmur.000webhostapp.com\/wp-content\/uploads\/2020\/02\/komornik-bydgoszcz-kontakt-1024x272.jpg","contentUrl":"https:\/\/lukaszpakmur.000webhostapp.com\/wp-content\/uploads\/2020\/02\/komornik-bydgoszcz-kontakt-1024x272.jpg"},{"@type":"BreadcrumbList","@id":"https:\/\/komorniklipniewska.pl\/?page_id=5#breadcrumb","itemListElement":[{"@type":"ListItem","position":1,"name":"Strona g\u0142\u00f3wna","item":"https:\/\/komorniklipniewska.pl\/"},{"@type":"ListItem","position":2,"name":"Kontakt"}]},{"@type":"WebSite","@id":"https:\/\/komorniklipniewska.pl\/#website","url":"https:\/\/komorniklipniewska.pl\/","name":"Komornik S\u0105dowy Grudzi\u0105dz","description":"Komornik S\u0105dowy Grudzi\u0105dz","publisher":{"@id":"https:\/\/komorniklipniewska.pl\/#organization"},"potentialAction":[{"@type":"SearchAction","target":{"@type":"EntryPoint","urlTemplate":"https:\/\/komorniklipniewska.pl\/?s={search_term_string}"},"query-input":"required name=search_term_string"}],"inLanguage":"pl-PL"},{"@type":"Organization","@id":"https:\/\/komorniklipniewska.pl\/#organization","name":"Komornik S\u0105dowy przy S\u0105dzie Rejonowym w Bydgoszczy \u0141ukasz Pakmur","url":"https:\/\/komorniklipniewska.pl\/","logo":{"@type":"ImageObject","inLanguage":"pl-PL","@id":"https:\/\/komorniklipniewska.pl\/#\/schema\/logo\/image\/","url":"https:\/\/komorniklipniewska.pl\/wp-content\/uploads\/2020\/11\/komornik-pakmur-scaled.jpg","contentUrl":"https:\/\/komorniklipniewska.pl\/wp-content\/uploads\/2020\/11\/komornik-pakmur-scaled.jpg","width":1707,"height":2560,"caption":"Komornik S\u0105dowy przy S\u0105dzie Rejonowym w Bydgoszczy \u0141ukasz Pakmur"},"image":{"@id":"https:\/\/komorniklipniewska.pl\/#\/schema\/logo\/image\/"},"sameAs":["https:\/\/www.facebook.com\/komornikpakmur\/?view_public_for=100838511533625","https:\/\/www.linkedin.com\/in\/\u0142ukasz-pakmur-b24b92101\/"]}]}},"_links":{"self":[{"href":"https:\/\/komorniklipniewska.pl\/index.php?rest_route=\/wp\/v2\/pages\/5","targetHints":{"allow":["GET"]}}],"collection":[{"href":"https:\/\/komorniklipniewska.pl\/index.php?rest_route=\/wp\/v2\/pages"}],"about":[{"href":"https:\/\/komorniklipniewska.pl\/index.php?rest_route=\/wp\/v2\/types\/page"}],"author":[{"embeddable":true,"href":"https:\/\/komorniklipniewska.pl\/index.php?rest_route=\/wp\/v2\/users\/1"}],"replies":[{"embeddable":true,"href":"https:\/\/komorniklipniewska.pl\/index.php?rest_route=%2Fwp%2Fv2%2Fcomments&post=5"}],"version-history":[{"count":37,"href":"https:\/\/komorniklipniewska.pl\/index.php?rest_route=\/wp\/v2\/pages\/5\/revisions"}],"predecessor-version":[{"id":896,"href":"https:\/\/komorniklipniewska.pl\/index.php?rest_route=\/wp\/v2\/pages\/5\/revisions\/896"}],"wp:attachment":[{"href":"https:\/\/komorniklipniewska.pl\/index.php?rest_route=%2Fwp%2Fv2%2Fmedia&parent=5"}],"curies":[{"name":"wp","href":"https:\/\/api.w.org\/{rel}","templated":true}]}}