{"id":574,"date":"2021-08-18T22:37:29","date_gmt":"2021-08-18T20:37:29","guid":{"rendered":"https:\/\/komorniklipniewska.pl\/?page_id=574"},"modified":"2025-09-28T20:43:07","modified_gmt":"2025-09-28T18:43:07","slug":"faq","status":"publish","type":"page","link":"https:\/\/komorniklipniewska.pl\/?page_id=574","title":{"rendered":"FAQ"},"content":{"rendered":"\n<h1 class=\"wp-block-heading\">FAQ<\/h1>\n\n\n\n<p>FAQ &#8211; z angielskiego<strong>&nbsp;Frequently Asked Questions<\/strong>&nbsp;\u2013 czyli cz\u0119sto zadawane pytania. Dzia\u0142 ten zawiera zbi\u00f3r najcz\u0119\u015bciej zadawanych przez strony pyta\u0144 kierowanych do <a href=\"https:\/\/komorniklipniewska.pl\/\">Komornika S\u0105dowego<\/a> przy S\u0105dzie Rejonowym w Bydgoszczy \u0141ukasza Pakmura<\/p>\n\n\n\n<p><\/p>\n\n\n\n<h3 class=\"wp-block-heading\">Jakie dokumenty potrzebne s\u0105 do wszcz\u0119cia post\u0119powania egzekucyjnego? <\/h3>\n\n\n\n<p>Aby wszcz\u0105\u0107 post\u0119powanie egzekucyjne niezb\u0119dne jest z\u0142o\u017cenie pisemnego wniosku Wz\u00f3r wniosku mo\u017cna znale\u017a\u0107 w zak\u0142adce wnioski. Do wniosku trzeba do\u0142\u0105czy\u0107 tytu\u0142 wykonawczy (orzeczenie zawieraj\u0105ce klauzul\u0119 wykonalno\u015bci \u2013 informacj\u0119, \u017ce tytu\u0142 egzekucyjny uprawnia do egzekucji). Tytu\u0142 wykonawczy nale\u017cy przed\u0142o\u017cy\u0107 w oryginale.  <\/p>\n\n\n\n<h3 class=\"wp-block-heading\">Czy mog\u0119 z\u0142o\u017cy\u0107 wniosek o wszcz\u0119cie egzekucji przeciwko d\u0142u\u017cnikowi, kt\u00f3ry nie mieszka w Grudzi\u0105dzu? <\/h3>\n\n\n\n<p>Komornik S\u0105dowy przy S\u0105dzie Rejonowym w Grudzi\u0105dzu Dorota Lipniewska mo\u017ce prowadzi\u0107 egzekucje przeciwko d\u0142u\u017cnikom mieszkaj\u0105cym na terenie rewiru Komornika S\u0105dowego przy S\u0105dzie Rejonowym w Grudzi\u0105dzu. Wi\u0119cej informacji o w\u0142a\u015bciwo\u015bci miejscowej Komornika S\u0105dowego przy S\u0105dzie Rejonowym w Grudzi\u0105dzu znajduje si\u0119 w zak\u0142adce &#8220;w\u0142a\u015bciwo\u015b\u0107 miejscowa&#8221;<\/p>\n\n\n\n<h3 class=\"wp-block-heading\">Otrzyma\u0142em zaj\u0119cie wierzytelno\u015bci dotycz\u0105ce d\u0142u\u017cnika z kt\u00f3rym ju\u017c nie wsp\u00f3\u0142pracuj\u0119 czy musz\u0119 odpowiada\u0107? <\/h3>\n\n\n\n<p>Tak. Wi\u0119kszo\u015b\u0107 pism kierowanych przez komornika wi\u0105\u017ce si\u0119 z obowi\u0105zkiem udzielenia odpowiedzi. W tre\u015bci pisma zazwyczaj jest wezwanie do udzielenia konkretnych informacji. Odpowiedzi na pismo nale\u017cy udzieli\u0107 nawet je\u017celi nie wsp\u00f3\u0142pracuj\u0105 Pa\u0144stwo ju\u017c z d\u0142u\u017cnikiem. Odpowiedzi nale\u017cy udzieli\u0107 pisemnie.  <\/p>\n\n\n\n<h3 class=\"wp-block-heading\">Czy mog\u0119 udzieli\u0107 odpowiedzi na wezwanie mailem? <\/h3>\n\n\n\n<p>Nie. Komornik S\u0105dowy przy S\u0105dzie Rejonowym w Grudzi\u0105dzu Dorota Lipniewska na stronie internetowej oraz na pismach wskazuje adres e-mail w celu u\u0142atwienia kontaktu, ustalenia daty spotkania itp. W toku post\u0119powania egzekucyjnego, zgodnie z art. 760 k.p.c., wnioski i o\u015bwiadczenia sk\u0142ada\u0107 nale\u017cy na pi\u015bmie b\u0105d\u017a ustnie do protoko\u0142u.<\/p>\n\n\n\n<h3 class=\"wp-block-heading\">Czy mog\u0119 sp\u0142aca\u0107 zad\u0142u\u017cenie w ratach?   <\/h3>\n\n\n\n<p>Tak. Komornik ma obowi\u0105zek przyj\u0105\u0107 ka\u017cd\u0105 wp\u0142at\u0119 d\u0142u\u017cnika. Dokonywanie wp\u0142at nie wstrzymuje jednak czynno\u015bci egzekucyjnych. D\u0142u\u017cnik, nawet w toku post\u0119powania egzekucyjnego, mo\u017ce zawrze\u0107 z wierzycielem porozumienie co do sp\u0142aty zad\u0142u\u017cenia oraz wstrzymania czynno\u015bci egzekucyjnych.   <\/p>\n\n\n\n<h3 class=\"wp-block-heading\">Czy musz\u0119 sk\u0142ada\u0107 wykaz maj\u0105tku?<\/h3>\n\n\n\n<p>Tak, je\u017celi zosta\u0142 Pan\/Pani wezwana do jego z\u0142o\u017cenia. Obowi\u0105zek ten wygasa w przypadku sp\u0142aty zad\u0142u\u017cenia.<\/p>\n\n\n\n<h3 class=\"wp-block-heading\">Czy udzielaj\u0105c <a href=\"https:\/\/komorniklipniewska.pl\/\">komornikowi<\/a> informacji nie narusz\u0119 przepis\u00f3w o ochronie danych osobowych? <\/h3>\n\n\n\n<p>Nie. Komornik realizuje zadania w ramach sprawowania w\u0142adzy publicznej co wy\u0142\u0105cza konieczno\u015b\u0107 uzyskania zgody osoby kt\u00f3rej dane osobowe przetwarza (art. 6 ust. 1E RODO). Komornik na podstawie art. 761 k.p.c. ma prawo \u017c\u0105da\u0107 informacji dotycz\u0105cych stanu maj\u0105tkowego d\u0142u\u017cnika lub umo\u017cliwiaj\u0105cych identyfikacj\u0119 sk\u0142adnik\u00f3w jego maj\u0105tku oraz danych adresowych. Za nieuzasadnion\u0105 odmow\u0119 udzielenia informacji b\u0105d\u017a udzielenie informacji \u015bwiadomie fa\u0142szywej osoba odpowiedzialna mo\u017ce zosta\u0107 ukarana grzywn\u0105.  <\/p>\n\n\n\n<h3 class=\"wp-block-heading\">Czy mam obowi\u0105zek podawa\u0107 komornikowi moje dane osobowe? <\/h3>\n\n\n\n<p>Tak. Komornik, zgodnie z art. 28 ustawy o komornikach s\u0105dowych, przy wykonywaniu czynno\u015bci ma prawo legitymowania os\u00f3b w celu ustalenia ich to\u017csamo\u015bci.  <\/p>\n\n\n\n<h3 class=\"wp-block-heading\">Nie znam maj\u0105tku d\u0142u\u017cnika. Czy mog\u0119 z\u0142o\u017cy\u0107 wniosek egzekucyjny?<\/h3>\n\n\n\n<p>Tak. Komornik ustala maj\u0105tek d\u0142u\u017cnika w zakresie znanym mu z innych prowadzonych post\u0119powa\u0144 albo na podstawie publicznie dost\u0119pnych \u017ar\u00f3de\u0142 informacji, albo rejestr\u00f3w, do kt\u00f3rych ma dost\u0119p drog\u0105 elektroniczn\u0105 oraz wzywa d\u0142u\u017cnika do z\u0142o\u017cenia wykazu maj\u0105tku.<br><a href=\"https:\/\/komorniklipniewska.pl\/\">Komornik S\u0105dowy przy S\u0105dzie Rejonowym w Grudzui\u0105dzu<\/a> Dorota Lipniewska ma dost\u0119p do rejestr\u00f3w ZUS, Centralnej Ewidencji Pojazd\u00f3w, Centralnej Bazy Danych Ksi\u0105g Wieczystych czy systemu informacji o rachunkach bankowych \u2013 Ognivo. <br>Skierowanie zapyta\u0144 do niekt\u00f3rych rejestr\u00f3w mo\u017ce wi\u0105za\u0107 si\u0119 z konieczno\u015bci\u0105 uiszczenia przez wierzyciela zaliczki.<\/p>\n\n\n\n<h3 class=\"wp-block-heading\">Czy komornik mo\u017ce wej\u015b\u0107 na teren mojej posesji pod moj\u0105 nieobecno\u015b\u0107?<\/h3>\n\n\n\n<p>Tak, komornik ma prawo wej\u015b\u0107 na posesj\u0119 lub do domu w\u0142a\u015bciciela pod jego nieobecno\u015b\u0107.  Je\u017celi cel egzekucji tego wymaga, komornik zarz\u0105dzi otworzenie mieszkania oraz innych pomieszcze\u0144 i schowk\u00f3w d\u0142u\u017cnika, jak r\u00f3wnie\u017c przeszuka jego rzeczy, mieszkanie i schowki.  <\/p>\n\n\n\n<h3 class=\"wp-block-heading\">Jestem d\u0142u\u017cnikiem. Jakie s\u0105 moje obowi\u0105zki?<\/h3>\n\n\n\n<p>Do podstawowych obowi\u0105zk\u00f3w d\u0142u\u017cnika nale\u017c\u0105: obowi\u0105zek z\u0142o\u017cenia na \u017c\u0105danie komornika zobowi\u0105zany jest z\u0142o\u017cy\u0107 wykaz maj\u0105tku a w razie w\u0105tpliwo\u015bci udzieli\u0107 dalszych wyja\u015bnie\u0144 oraz zawiadamiania o ka\u017cdej zmianie miejsca swego pobytu, trwaj\u0105cej d\u0142u\u017cej ni\u017c jeden miesi\u0105c.  <\/p>\n","protected":false},"excerpt":{"rendered":"<p>FAQ FAQ &#8211; z angielskiego&nbsp;Frequently Asked Questions&nbsp;\u2013 czyli cz\u0119sto zadawane pytania. Dzia\u0142 ten zawiera zbi\u00f3r najcz\u0119\u015bciej zadawanych przez strony pyta\u0144 kierowanych do Komornika S\u0105dowego przy S\u0105dzie Rejonowym w Bydgoszczy \u0141ukasza Pakmura Jakie dokumenty potrzebne s\u0105 do wszcz\u0119cia post\u0119powania egzekucyjnego? Aby wszcz\u0105\u0107 post\u0119powanie egzekucyjne niezb\u0119dne jest z\u0142o\u017cenie pisemnego wniosku Wz\u00f3r wniosku mo\u017cna znale\u017a\u0107 w zak\u0142adce wnioski. &#8230; <a title=\"FAQ\" class=\"read-more\" href=\"https:\/\/komorniklipniewska.pl\/?page_id=574\">Czytaj dalej <span class=\"screen-reader-text\">FAQ<\/span><\/a><\/p>\n","protected":false},"author":1,"featured_media":0,"parent":0,"menu_order":0,"comment_status":"closed","ping_status":"closed","template":"","meta":{"_monsterinsights_skip_tracking":false,"_monsterinsights_sitenote_active":false,"_monsterinsights_sitenote_note":"","_monsterinsights_sitenote_category":0,"footnotes":""},"class_list":["post-574","page","type-page","status-publish"],"yoast_head":"<!-- This site is optimized with the Yoast SEO plugin v22.2 - https:\/\/yoast.com\/wordpress\/plugins\/seo\/ -->\n<title>FAQ &#8211; Komornik S\u0105dowy Grudzi\u0105dz<\/title>\n<meta name=\"robots\" content=\"index, follow, max-snippet:-1, max-image-preview:large, max-video-preview:-1\" \/>\n<link rel=\"canonical\" href=\"https:\/\/komorniklipniewska.pl\/?page_id=574\" \/>\n<meta property=\"og:locale\" content=\"pl_PL\" \/>\n<meta property=\"og:type\" content=\"article\" \/>\n<meta property=\"og:title\" content=\"FAQ &#8211; Komornik S\u0105dowy Grudzi\u0105dz\" \/>\n<meta property=\"og:description\" content=\"FAQ FAQ &#8211; z angielskiego&nbsp;Frequently Asked Questions&nbsp;\u2013 czyli cz\u0119sto zadawane pytania. Dzia\u0142 ten zawiera zbi\u00f3r najcz\u0119\u015bciej zadawanych przez strony pyta\u0144 kierowanych do Komornika S\u0105dowego przy S\u0105dzie Rejonowym w Bydgoszczy \u0141ukasza Pakmura Jakie dokumenty potrzebne s\u0105 do wszcz\u0119cia post\u0119powania egzekucyjnego? Aby wszcz\u0105\u0107 post\u0119powanie egzekucyjne niezb\u0119dne jest z\u0142o\u017cenie pisemnego wniosku Wz\u00f3r wniosku mo\u017cna znale\u017a\u0107 w zak\u0142adce wnioski. ... Czytaj dalej FAQ\" \/>\n<meta property=\"og:url\" content=\"https:\/\/komorniklipniewska.pl\/?page_id=574\" \/>\n<meta property=\"og:site_name\" content=\"Komornik S\u0105dowy Grudzi\u0105dz\" \/>\n<meta property=\"article:publisher\" content=\"https:\/\/www.facebook.com\/komornikpakmur\/?view_public_for=100838511533625\" \/>\n<meta property=\"article:modified_time\" content=\"2025-09-28T18:43:07+00:00\" \/>\n<meta name=\"twitter:card\" content=\"summary_large_image\" \/>\n<meta name=\"twitter:label1\" content=\"Szacowany czas czytania\" \/>\n\t<meta name=\"twitter:data1\" content=\"4 minuty\" \/>\n<script type=\"application\/ld+json\" class=\"yoast-schema-graph\">{\"@context\":\"https:\/\/schema.org\",\"@graph\":[{\"@type\":\"WebPage\",\"@id\":\"https:\/\/komorniklipniewska.pl\/?page_id=574\",\"url\":\"https:\/\/komorniklipniewska.pl\/?page_id=574\",\"name\":\"FAQ &#8211; Komornik S\u0105dowy Grudzi\u0105dz\",\"isPartOf\":{\"@id\":\"https:\/\/komorniklipniewska.pl\/#website\"},\"datePublished\":\"2021-08-18T20:37:29+00:00\",\"dateModified\":\"2025-09-28T18:43:07+00:00\",\"breadcrumb\":{\"@id\":\"https:\/\/komorniklipniewska.pl\/?page_id=574#breadcrumb\"},\"inLanguage\":\"pl-PL\",\"potentialAction\":[{\"@type\":\"ReadAction\",\"target\":[\"https:\/\/komorniklipniewska.pl\/?page_id=574\"]}]},{\"@type\":\"BreadcrumbList\",\"@id\":\"https:\/\/komorniklipniewska.pl\/?page_id=574#breadcrumb\",\"itemListElement\":[{\"@type\":\"ListItem\",\"position\":1,\"name\":\"Strona g\u0142\u00f3wna\",\"item\":\"https:\/\/komorniklipniewska.pl\/\"},{\"@type\":\"ListItem\",\"position\":2,\"name\":\"FAQ\"}]},{\"@type\":\"WebSite\",\"@id\":\"https:\/\/komorniklipniewska.pl\/#website\",\"url\":\"https:\/\/komorniklipniewska.pl\/\",\"name\":\"Komornik S\u0105dowy Grudzi\u0105dz\",\"description\":\"Komornik S\u0105dowy Grudzi\u0105dz\",\"publisher\":{\"@id\":\"https:\/\/komorniklipniewska.pl\/#organization\"},\"potentialAction\":[{\"@type\":\"SearchAction\",\"target\":{\"@type\":\"EntryPoint\",\"urlTemplate\":\"https:\/\/komorniklipniewska.pl\/?s={search_term_string}\"},\"query-input\":\"required name=search_term_string\"}],\"inLanguage\":\"pl-PL\"},{\"@type\":\"Organization\",\"@id\":\"https:\/\/komorniklipniewska.pl\/#organization\",\"name\":\"Komornik S\u0105dowy przy S\u0105dzie Rejonowym w Bydgoszczy \u0141ukasz Pakmur\",\"url\":\"https:\/\/komorniklipniewska.pl\/\",\"logo\":{\"@type\":\"ImageObject\",\"inLanguage\":\"pl-PL\",\"@id\":\"https:\/\/komorniklipniewska.pl\/#\/schema\/logo\/image\/\",\"url\":\"https:\/\/komorniklipniewska.pl\/wp-content\/uploads\/2020\/11\/komornik-pakmur-scaled.jpg\",\"contentUrl\":\"https:\/\/komorniklipniewska.pl\/wp-content\/uploads\/2020\/11\/komornik-pakmur-scaled.jpg\",\"width\":1707,\"height\":2560,\"caption\":\"Komornik S\u0105dowy przy S\u0105dzie Rejonowym w Bydgoszczy \u0141ukasz Pakmur\"},\"image\":{\"@id\":\"https:\/\/komorniklipniewska.pl\/#\/schema\/logo\/image\/\"},\"sameAs\":[\"https:\/\/www.facebook.com\/komornikpakmur\/?view_public_for=100838511533625\",\"https:\/\/www.linkedin.com\/in\/\u0142ukasz-pakmur-b24b92101\/\"]}]}<\/script>\n<!-- \/ Yoast SEO plugin. -->","yoast_head_json":{"title":"FAQ &#8211; Komornik S\u0105dowy Grudzi\u0105dz","robots":{"index":"index","follow":"follow","max-snippet":"max-snippet:-1","max-image-preview":"max-image-preview:large","max-video-preview":"max-video-preview:-1"},"canonical":"https:\/\/komorniklipniewska.pl\/?page_id=574","og_locale":"pl_PL","og_type":"article","og_title":"FAQ &#8211; Komornik S\u0105dowy Grudzi\u0105dz","og_description":"FAQ FAQ &#8211; z angielskiego&nbsp;Frequently Asked Questions&nbsp;\u2013 czyli cz\u0119sto zadawane pytania. Dzia\u0142 ten zawiera zbi\u00f3r najcz\u0119\u015bciej zadawanych przez strony pyta\u0144 kierowanych do Komornika S\u0105dowego przy S\u0105dzie Rejonowym w Bydgoszczy \u0141ukasza Pakmura Jakie dokumenty potrzebne s\u0105 do wszcz\u0119cia post\u0119powania egzekucyjnego? Aby wszcz\u0105\u0107 post\u0119powanie egzekucyjne niezb\u0119dne jest z\u0142o\u017cenie pisemnego wniosku Wz\u00f3r wniosku mo\u017cna znale\u017a\u0107 w zak\u0142adce wnioski. ... Czytaj dalej FAQ","og_url":"https:\/\/komorniklipniewska.pl\/?page_id=574","og_site_name":"Komornik S\u0105dowy Grudzi\u0105dz","article_publisher":"https:\/\/www.facebook.com\/komornikpakmur\/?view_public_for=100838511533625","article_modified_time":"2025-09-28T18:43:07+00:00","twitter_card":"summary_large_image","twitter_misc":{"Szacowany czas czytania":"4 minuty"},"schema":{"@context":"https:\/\/schema.org","@graph":[{"@type":"WebPage","@id":"https:\/\/komorniklipniewska.pl\/?page_id=574","url":"https:\/\/komorniklipniewska.pl\/?page_id=574","name":"FAQ &#8211; Komornik S\u0105dowy Grudzi\u0105dz","isPartOf":{"@id":"https:\/\/komorniklipniewska.pl\/#website"},"datePublished":"2021-08-18T20:37:29+00:00","dateModified":"2025-09-28T18:43:07+00:00","breadcrumb":{"@id":"https:\/\/komorniklipniewska.pl\/?page_id=574#breadcrumb"},"inLanguage":"pl-PL","potentialAction":[{"@type":"ReadAction","target":["https:\/\/komorniklipniewska.pl\/?page_id=574"]}]},{"@type":"BreadcrumbList","@id":"https:\/\/komorniklipniewska.pl\/?page_id=574#breadcrumb","itemListElement":[{"@type":"ListItem","position":1,"name":"Strona g\u0142\u00f3wna","item":"https:\/\/komorniklipniewska.pl\/"},{"@type":"ListItem","position":2,"name":"FAQ"}]},{"@type":"WebSite","@id":"https:\/\/komorniklipniewska.pl\/#website","url":"https:\/\/komorniklipniewska.pl\/","name":"Komornik S\u0105dowy Grudzi\u0105dz","description":"Komornik S\u0105dowy Grudzi\u0105dz","publisher":{"@id":"https:\/\/komorniklipniewska.pl\/#organization"},"potentialAction":[{"@type":"SearchAction","target":{"@type":"EntryPoint","urlTemplate":"https:\/\/komorniklipniewska.pl\/?s={search_term_string}"},"query-input":"required name=search_term_string"}],"inLanguage":"pl-PL"},{"@type":"Organization","@id":"https:\/\/komorniklipniewska.pl\/#organization","name":"Komornik S\u0105dowy przy S\u0105dzie Rejonowym w Bydgoszczy \u0141ukasz Pakmur","url":"https:\/\/komorniklipniewska.pl\/","logo":{"@type":"ImageObject","inLanguage":"pl-PL","@id":"https:\/\/komorniklipniewska.pl\/#\/schema\/logo\/image\/","url":"https:\/\/komorniklipniewska.pl\/wp-content\/uploads\/2020\/11\/komornik-pakmur-scaled.jpg","contentUrl":"https:\/\/komorniklipniewska.pl\/wp-content\/uploads\/2020\/11\/komornik-pakmur-scaled.jpg","width":1707,"height":2560,"caption":"Komornik S\u0105dowy przy S\u0105dzie Rejonowym w Bydgoszczy \u0141ukasz Pakmur"},"image":{"@id":"https:\/\/komorniklipniewska.pl\/#\/schema\/logo\/image\/"},"sameAs":["https:\/\/www.facebook.com\/komornikpakmur\/?view_public_for=100838511533625","https:\/\/www.linkedin.com\/in\/\u0142ukasz-pakmur-b24b92101\/"]}]}},"_links":{"self":[{"href":"https:\/\/komorniklipniewska.pl\/index.php?rest_route=\/wp\/v2\/pages\/574","targetHints":{"allow":["GET"]}}],"collection":[{"href":"https:\/\/komorniklipniewska.pl\/index.php?rest_route=\/wp\/v2\/pages"}],"about":[{"href":"https:\/\/komorniklipniewska.pl\/index.php?rest_route=\/wp\/v2\/types\/page"}],"author":[{"embeddable":true,"href":"https:\/\/komorniklipniewska.pl\/index.php?rest_route=\/wp\/v2\/users\/1"}],"replies":[{"embeddable":true,"href":"https:\/\/komorniklipniewska.pl\/index.php?rest_route=%2Fwp%2Fv2%2Fcomments&post=574"}],"version-history":[{"count":7,"href":"https:\/\/komorniklipniewska.pl\/index.php?rest_route=\/wp\/v2\/pages\/574\/revisions"}],"predecessor-version":[{"id":846,"href":"https:\/\/komorniklipniewska.pl\/index.php?rest_route=\/wp\/v2\/pages\/574\/revisions\/846"}],"wp:attachment":[{"href":"https:\/\/komorniklipniewska.pl\/index.php?rest_route=%2Fwp%2Fv2%2Fmedia&parent=574"}],"curies":[{"name":"wp","href":"https:\/\/api.w.org\/{rel}","templated":true}]}}