{"id":741,"date":"2025-03-01T21:25:49","date_gmt":"2025-03-01T20:25:49","guid":{"rendered":"https:\/\/komorniklipniewska.pl\/?page_id=741"},"modified":"2025-09-28T20:28:50","modified_gmt":"2025-09-28T18:28:50","slug":"egzekucja-alimentow","status":"publish","type":"page","link":"https:\/\/komorniklipniewska.pl\/?page_id=741","title":{"rendered":"EGZEKUCJA ALIMENT\u00d3W"},"content":{"rendered":"\n<p>W celu u\u0142atwienia wierzycielom alimentacyjnym dochodzenia nale\u017cnych \u015brodk\u00f3w wprowadzonych zosta\u0142o wiele przepis\u00f3w specjalnych.<\/p>\n\n\n\n<p>Wierzyciel alimentacyjny mo\u017ce z\u0142o\u017cy\u0107 wniosek do komornika w\u0142a\u015bciwego ze wzgl\u0119du na swoje miejsce zamieszkania. Wierzyciel z Grudzi\u0105dza mo\u017ce wi\u0119c skierowa\u0107 wniosek do komornika z Grudzi\u0105dza, nawet je\u017celi d\u0142u\u017cnik mieszka w rewirze innego komornika.<\/p>\n\n\n\n<p>Wierzyciel alimentacyjny zwolniony jest od ponoszenia koszt\u00f3w post\u0119powania.<\/p>\n\n\n\n<p>W toku post\u0119powania komornik samodzielnie ustala zarobki i stanu maj\u0105tkowy d\u0142u\u017cnika. Czynno\u015bci sprawdzaj\u0105ce powtarzane s\u0105 regularnie nie rzadziej ni\u017c raz na sze\u015b\u0107 miesi\u0119cy. Komornik mo\u017ce te\u017c skorzysta\u0107 z pomocy Policji, kt\u00f3ra przeprowadzi czynno\u015bci w celu ustalenia miejsca zamieszkania i miejsca pracy d\u0142u\u017cnika.<br>Ewentualna bezskuteczno\u015b\u0107 egzekucji nie powoduje umorzenia post\u0119powania egzekucyjnego. Post\u0119powanie b\u0119dzie kontynuowane, a czynno\u015bci sprawdzaj\u0105ce ponawiane.<\/p>\n\n\n\n<p>Je\u017celi d\u0142u\u017cnik pracuje, to pracodawca obowi\u0105zany jest przekazywa\u0107 komornikowi 60% wynagrodzenia d\u0142u\u017cnika bez wzgl\u0119du na jego wysoko\u015b\u0107. Nawet je\u017celi d\u0142u\u017cnik otrzymuje minimalne wynagrodzenie za prac\u0119, to pracodawca ma obowi\u0105zek przekazywa\u0107 \u015brodki do komornika.<\/p>\n\n\n\n<p>\u015arodki z rachunku bankowego d\u0142u\u017cnika podlegaj\u0105 egzekucji na zaspokojenie aliment\u00f3w w pe\u0142nej wysoko\u015bci. Nie obowi\u0105zuje kwota wolna od potr\u0105ce\u0144 z rachunku bankowego.<\/p>\n\n\n\n<p>Pami\u0119ta\u0107 nale\u017cy, \u017ce w imieniu nieletniego wniosek o egzekucj\u0119 aliment\u00f3w sk\u0142ada przedstawiciel ustawowy (matka, ojciec, opiekun prawny). Po uzyskaniu pe\u0142noletno\u015bci wierzyciel wyst\u0119puje w sprawie samodzielnie. Mo\u017ce jednak upowa\u017cni\u0107 by\u0142ego przedstawiciela ustawowego do dalszego reprezentowania.<\/p>\n\n\n\n<p>Je\u017celi w toku post\u0119powania d\u0142u\u017cnik wp\u0142aca alimenty bezpo\u015brednio wierzycielowi, to wierzyciel powinien ka\u017cdorazowo, niezw\u0142ocznie poinformowa\u0107 o tym komornika.<\/p>\n\n\n\n<p>Wz\u00f3r wniosku o wszcz\u0119cie egzekucji aliment\u00f3w [<a href=\"https:\/\/komorniklipniewska.pl\/wp-content\/uploads\/2021\/07\/wniosek-o-wszcz%C4%99cie-egzekucji-aliment%C3%B3w.doc\">DOC<\/a>&nbsp;\/&nbsp;<a href=\"https:\/\/komorniklipniewska.pl\/wp-content\/uploads\/2021\/07\/wniosek-o-wszcz%C4%99cie-egzekucji-aliment%C3%B3w.pdf\">PDF<\/a>]<\/p>\n","protected":false},"excerpt":{"rendered":"<p>W celu u\u0142atwienia wierzycielom alimentacyjnym dochodzenia nale\u017cnych \u015brodk\u00f3w wprowadzonych zosta\u0142o wiele przepis\u00f3w specjalnych. Wierzyciel alimentacyjny mo\u017ce z\u0142o\u017cy\u0107 wniosek do komornika w\u0142a\u015bciwego ze wzgl\u0119du na swoje miejsce zamieszkania. Wierzyciel z Grudzi\u0105dza mo\u017ce wi\u0119c skierowa\u0107 wniosek do komornika z Grudzi\u0105dza, nawet je\u017celi d\u0142u\u017cnik mieszka w rewirze innego komornika. Wierzyciel alimentacyjny zwolniony jest od ponoszenia koszt\u00f3w post\u0119powania. W &#8230; <a title=\"EGZEKUCJA ALIMENT\u00d3W\" class=\"read-more\" href=\"https:\/\/komorniklipniewska.pl\/?page_id=741\">Czytaj dalej <span class=\"screen-reader-text\">EGZEKUCJA ALIMENT\u00d3W<\/span><\/a><\/p>\n","protected":false},"author":1,"featured_media":0,"parent":0,"menu_order":0,"comment_status":"closed","ping_status":"closed","template":"","meta":{"_monsterinsights_skip_tracking":false,"_monsterinsights_sitenote_active":false,"_monsterinsights_sitenote_note":"","_monsterinsights_sitenote_category":0,"footnotes":""},"class_list":["post-741","page","type-page","status-publish"],"yoast_head":"<!-- This site is optimized with the Yoast SEO plugin v22.2 - https:\/\/yoast.com\/wordpress\/plugins\/seo\/ -->\n<title>EGZEKUCJA ALIMENT\u00d3W &#8211; Komornik S\u0105dowy Grudzi\u0105dz<\/title>\n<meta name=\"description\" content=\"Wz\u00f3r wniosku o wszcz\u0119cie egzekucji aliment\u00f3w. Wierzyciel z Bydgoszczy mo\u017ce skierowa\u0107 wniosek do komornika z Bydgoszczy, nawet je\u017celi d\u0142u\u017cnik mieszka w rewirze innego komornika. Wierzyciel alimentacyjny zwolniony jest od ponoszenia koszt\u00f3w post\u0119powania\" \/>\n<meta name=\"robots\" content=\"index, follow, max-snippet:-1, max-image-preview:large, max-video-preview:-1\" \/>\n<link rel=\"canonical\" href=\"https:\/\/komorniklipniewska.pl\/?page_id=741\" \/>\n<meta property=\"og:locale\" content=\"pl_PL\" \/>\n<meta property=\"og:type\" content=\"article\" \/>\n<meta property=\"og:title\" content=\"EGZEKUCJA ALIMENT\u00d3W &#8211; Komornik S\u0105dowy Grudzi\u0105dz\" \/>\n<meta property=\"og:description\" content=\"Wz\u00f3r wniosku o wszcz\u0119cie egzekucji aliment\u00f3w. Wierzyciel z Bydgoszczy mo\u017ce skierowa\u0107 wniosek do komornika z Bydgoszczy, nawet je\u017celi d\u0142u\u017cnik mieszka w rewirze innego komornika. Wierzyciel alimentacyjny zwolniony jest od ponoszenia koszt\u00f3w post\u0119powania\" \/>\n<meta property=\"og:url\" content=\"https:\/\/komorniklipniewska.pl\/?page_id=741\" \/>\n<meta property=\"og:site_name\" content=\"Komornik S\u0105dowy Grudzi\u0105dz\" \/>\n<meta property=\"article:publisher\" content=\"https:\/\/www.facebook.com\/komornikpakmur\/?view_public_for=100838511533625\" \/>\n<meta property=\"article:modified_time\" content=\"2025-09-28T18:28:50+00:00\" \/>\n<meta name=\"twitter:card\" content=\"summary_large_image\" \/>\n<meta name=\"twitter:label1\" content=\"Szacowany czas czytania\" \/>\n\t<meta name=\"twitter:data1\" content=\"2 minuty\" \/>\n<script type=\"application\/ld+json\" class=\"yoast-schema-graph\">{\"@context\":\"https:\/\/schema.org\",\"@graph\":[{\"@type\":\"WebPage\",\"@id\":\"https:\/\/komorniklipniewska.pl\/?page_id=741\",\"url\":\"https:\/\/komorniklipniewska.pl\/?page_id=741\",\"name\":\"EGZEKUCJA ALIMENT\u00d3W &#8211; Komornik S\u0105dowy Grudzi\u0105dz\",\"isPartOf\":{\"@id\":\"https:\/\/komorniklipniewska.pl\/#website\"},\"datePublished\":\"2025-03-01T20:25:49+00:00\",\"dateModified\":\"2025-09-28T18:28:50+00:00\",\"description\":\"Wz\u00f3r wniosku o wszcz\u0119cie egzekucji aliment\u00f3w. Wierzyciel z Bydgoszczy mo\u017ce skierowa\u0107 wniosek do komornika z Bydgoszczy, nawet je\u017celi d\u0142u\u017cnik mieszka w rewirze innego komornika. Wierzyciel alimentacyjny zwolniony jest od ponoszenia koszt\u00f3w post\u0119powania\",\"breadcrumb\":{\"@id\":\"https:\/\/komorniklipniewska.pl\/?page_id=741#breadcrumb\"},\"inLanguage\":\"pl-PL\",\"potentialAction\":[{\"@type\":\"ReadAction\",\"target\":[\"https:\/\/komorniklipniewska.pl\/?page_id=741\"]}]},{\"@type\":\"BreadcrumbList\",\"@id\":\"https:\/\/komorniklipniewska.pl\/?page_id=741#breadcrumb\",\"itemListElement\":[{\"@type\":\"ListItem\",\"position\":1,\"name\":\"Strona g\u0142\u00f3wna\",\"item\":\"https:\/\/komorniklipniewska.pl\/\"},{\"@type\":\"ListItem\",\"position\":2,\"name\":\"EGZEKUCJA ALIMENT\u00d3W\"}]},{\"@type\":\"WebSite\",\"@id\":\"https:\/\/komorniklipniewska.pl\/#website\",\"url\":\"https:\/\/komorniklipniewska.pl\/\",\"name\":\"Komornik S\u0105dowy Grudzi\u0105dz\",\"description\":\"Komornik S\u0105dowy Grudzi\u0105dz\",\"publisher\":{\"@id\":\"https:\/\/komorniklipniewska.pl\/#organization\"},\"potentialAction\":[{\"@type\":\"SearchAction\",\"target\":{\"@type\":\"EntryPoint\",\"urlTemplate\":\"https:\/\/komorniklipniewska.pl\/?s={search_term_string}\"},\"query-input\":\"required name=search_term_string\"}],\"inLanguage\":\"pl-PL\"},{\"@type\":\"Organization\",\"@id\":\"https:\/\/komorniklipniewska.pl\/#organization\",\"name\":\"Komornik S\u0105dowy przy S\u0105dzie Rejonowym w Bydgoszczy \u0141ukasz Pakmur\",\"url\":\"https:\/\/komorniklipniewska.pl\/\",\"logo\":{\"@type\":\"ImageObject\",\"inLanguage\":\"pl-PL\",\"@id\":\"https:\/\/komorniklipniewska.pl\/#\/schema\/logo\/image\/\",\"url\":\"https:\/\/komorniklipniewska.pl\/wp-content\/uploads\/2020\/11\/komornik-pakmur-scaled.jpg\",\"contentUrl\":\"https:\/\/komorniklipniewska.pl\/wp-content\/uploads\/2020\/11\/komornik-pakmur-scaled.jpg\",\"width\":1707,\"height\":2560,\"caption\":\"Komornik S\u0105dowy przy S\u0105dzie Rejonowym w Bydgoszczy \u0141ukasz Pakmur\"},\"image\":{\"@id\":\"https:\/\/komorniklipniewska.pl\/#\/schema\/logo\/image\/\"},\"sameAs\":[\"https:\/\/www.facebook.com\/komornikpakmur\/?view_public_for=100838511533625\",\"https:\/\/www.linkedin.com\/in\/\u0142ukasz-pakmur-b24b92101\/\"]}]}<\/script>\n<!-- \/ Yoast SEO plugin. -->","yoast_head_json":{"title":"EGZEKUCJA ALIMENT\u00d3W &#8211; Komornik S\u0105dowy Grudzi\u0105dz","description":"Wz\u00f3r wniosku o wszcz\u0119cie egzekucji aliment\u00f3w. Wierzyciel z Bydgoszczy mo\u017ce skierowa\u0107 wniosek do komornika z Bydgoszczy, nawet je\u017celi d\u0142u\u017cnik mieszka w rewirze innego komornika. Wierzyciel alimentacyjny zwolniony jest od ponoszenia koszt\u00f3w post\u0119powania","robots":{"index":"index","follow":"follow","max-snippet":"max-snippet:-1","max-image-preview":"max-image-preview:large","max-video-preview":"max-video-preview:-1"},"canonical":"https:\/\/komorniklipniewska.pl\/?page_id=741","og_locale":"pl_PL","og_type":"article","og_title":"EGZEKUCJA ALIMENT\u00d3W &#8211; Komornik S\u0105dowy Grudzi\u0105dz","og_description":"Wz\u00f3r wniosku o wszcz\u0119cie egzekucji aliment\u00f3w. Wierzyciel z Bydgoszczy mo\u017ce skierowa\u0107 wniosek do komornika z Bydgoszczy, nawet je\u017celi d\u0142u\u017cnik mieszka w rewirze innego komornika. Wierzyciel alimentacyjny zwolniony jest od ponoszenia koszt\u00f3w post\u0119powania","og_url":"https:\/\/komorniklipniewska.pl\/?page_id=741","og_site_name":"Komornik S\u0105dowy Grudzi\u0105dz","article_publisher":"https:\/\/www.facebook.com\/komornikpakmur\/?view_public_for=100838511533625","article_modified_time":"2025-09-28T18:28:50+00:00","twitter_card":"summary_large_image","twitter_misc":{"Szacowany czas czytania":"2 minuty"},"schema":{"@context":"https:\/\/schema.org","@graph":[{"@type":"WebPage","@id":"https:\/\/komorniklipniewska.pl\/?page_id=741","url":"https:\/\/komorniklipniewska.pl\/?page_id=741","name":"EGZEKUCJA ALIMENT\u00d3W &#8211; Komornik S\u0105dowy Grudzi\u0105dz","isPartOf":{"@id":"https:\/\/komorniklipniewska.pl\/#website"},"datePublished":"2025-03-01T20:25:49+00:00","dateModified":"2025-09-28T18:28:50+00:00","description":"Wz\u00f3r wniosku o wszcz\u0119cie egzekucji aliment\u00f3w. Wierzyciel z Bydgoszczy mo\u017ce skierowa\u0107 wniosek do komornika z Bydgoszczy, nawet je\u017celi d\u0142u\u017cnik mieszka w rewirze innego komornika. Wierzyciel alimentacyjny zwolniony jest od ponoszenia koszt\u00f3w post\u0119powania","breadcrumb":{"@id":"https:\/\/komorniklipniewska.pl\/?page_id=741#breadcrumb"},"inLanguage":"pl-PL","potentialAction":[{"@type":"ReadAction","target":["https:\/\/komorniklipniewska.pl\/?page_id=741"]}]},{"@type":"BreadcrumbList","@id":"https:\/\/komorniklipniewska.pl\/?page_id=741#breadcrumb","itemListElement":[{"@type":"ListItem","position":1,"name":"Strona g\u0142\u00f3wna","item":"https:\/\/komorniklipniewska.pl\/"},{"@type":"ListItem","position":2,"name":"EGZEKUCJA ALIMENT\u00d3W"}]},{"@type":"WebSite","@id":"https:\/\/komorniklipniewska.pl\/#website","url":"https:\/\/komorniklipniewska.pl\/","name":"Komornik S\u0105dowy Grudzi\u0105dz","description":"Komornik S\u0105dowy Grudzi\u0105dz","publisher":{"@id":"https:\/\/komorniklipniewska.pl\/#organization"},"potentialAction":[{"@type":"SearchAction","target":{"@type":"EntryPoint","urlTemplate":"https:\/\/komorniklipniewska.pl\/?s={search_term_string}"},"query-input":"required name=search_term_string"}],"inLanguage":"pl-PL"},{"@type":"Organization","@id":"https:\/\/komorniklipniewska.pl\/#organization","name":"Komornik S\u0105dowy przy S\u0105dzie Rejonowym w Bydgoszczy \u0141ukasz Pakmur","url":"https:\/\/komorniklipniewska.pl\/","logo":{"@type":"ImageObject","inLanguage":"pl-PL","@id":"https:\/\/komorniklipniewska.pl\/#\/schema\/logo\/image\/","url":"https:\/\/komorniklipniewska.pl\/wp-content\/uploads\/2020\/11\/komornik-pakmur-scaled.jpg","contentUrl":"https:\/\/komorniklipniewska.pl\/wp-content\/uploads\/2020\/11\/komornik-pakmur-scaled.jpg","width":1707,"height":2560,"caption":"Komornik S\u0105dowy przy S\u0105dzie Rejonowym w Bydgoszczy \u0141ukasz Pakmur"},"image":{"@id":"https:\/\/komorniklipniewska.pl\/#\/schema\/logo\/image\/"},"sameAs":["https:\/\/www.facebook.com\/komornikpakmur\/?view_public_for=100838511533625","https:\/\/www.linkedin.com\/in\/\u0142ukasz-pakmur-b24b92101\/"]}]}},"_links":{"self":[{"href":"https:\/\/komorniklipniewska.pl\/index.php?rest_route=\/wp\/v2\/pages\/741","targetHints":{"allow":["GET"]}}],"collection":[{"href":"https:\/\/komorniklipniewska.pl\/index.php?rest_route=\/wp\/v2\/pages"}],"about":[{"href":"https:\/\/komorniklipniewska.pl\/index.php?rest_route=\/wp\/v2\/types\/page"}],"author":[{"embeddable":true,"href":"https:\/\/komorniklipniewska.pl\/index.php?rest_route=\/wp\/v2\/users\/1"}],"replies":[{"embeddable":true,"href":"https:\/\/komorniklipniewska.pl\/index.php?rest_route=%2Fwp%2Fv2%2Fcomments&post=741"}],"version-history":[{"count":6,"href":"https:\/\/komorniklipniewska.pl\/index.php?rest_route=\/wp\/v2\/pages\/741\/revisions"}],"predecessor-version":[{"id":839,"href":"https:\/\/komorniklipniewska.pl\/index.php?rest_route=\/wp\/v2\/pages\/741\/revisions\/839"}],"wp:attachment":[{"href":"https:\/\/komorniklipniewska.pl\/index.php?rest_route=%2Fwp%2Fv2%2Fmedia&parent=741"}],"curies":[{"name":"wp","href":"https:\/\/api.w.org\/{rel}","templated":true}]}}